{"id":3766,"date":"2025-01-30T16:18:44","date_gmt":"2025-01-30T16:18:44","guid":{"rendered":"https:\/\/honsmedical.com\/?page_id=3766"},"modified":"2025-02-14T15:47:29","modified_gmt":"2025-02-14T15:47:29","slug":"blog-zip-stitch-wound-closure-device","status":"publish","type":"page","link":"https:\/\/honsmedical.com\/se\/blog-zip-stitch-sarstangning-enhet\/","title":{"rendered":"Blogg"},"content":{"rendered":"<div class=\"wp-block-uagb-post-grid uagb-post-grid  uagb-post__image-position-top uagb-post__image-enabled uagb-block-4c143a6a     uagb-post__items uagb-post__columns-3 is-grid uagb-post__columns-tablet-2 uagb-post__columns-mobile-1 uagb-post__equal-height\" data-total=\"1\" style=\"\">\n\n\t\t\t\t\t\t\t\t\t\t\t\t<article class=\"uagb-post__inner-wrap\">\t\t\t\t\t\t\t\t<h4 class=\"uagb-post__title uagb-post__text\">\n\t\t\t\t<a href=\"https:\/\/honsmedical.com\/se\/varfor-blixtlas-sarforslutningsenheter-ar-nodvandiga-for-snabbare-lakning-och-battre-aterhamtning\/\" target=\"_self\" rel=\"bookmark noopener noreferrer\">Varf\u00f6r s\u00e5rf\u00f6rslutningsanordningar med dragkedja \u00e4r n\u00f6dv\u00e4ndiga f\u00f6r snabbare l\u00e4kning och b\u00e4ttre \u00e5terh\u00e4mtning?<\/a>\n\t\t\t<\/h4>\n\t\t\t\t\t\t<div class='uagb-post__text uagb-post-grid-byline'>\n\t\t\t\t\t\t\t<\/div>\n\t\t\t\t\t\t\t<div class='uagb-post__text uagb-post__excerpt'>\n\t\t\t\t\t<p>En s\u00e5rst\u00e4ngningsanordning med dragkedja, \u00e4ven k\u00e4nd som ett s\u00e5rst\u00e4ngningssystem med dragkedja eller...\t\t\t\t<\/div>\n\t\t\t\t\t\t<div class=\"uagb-post__text uagb-post__cta wp-block-button\">\n\t\t\t\t<a class=\"wp-block-button__link uagb-text-link\" style=\"\" href=\"https:\/\/honsmedical.com\/se\/varfor-blixtlas-sarforslutningsenheter-ar-nodvandiga-for-snabbare-lakning-och-battre-aterhamtning\/\" target=\"_self\" rel=\"bookmark noopener noreferrer\">L\u00e4s mer om<\/a>\n\t\t\t<\/div>\n\t\t\t\n\t\t\t\t\t\t\t\t\t<\/article>\n\t\t\t\t\t\t\t\t\t\t\t\t\t\t\t\t<article class=\"uagb-post__inner-wrap\">\t\t\t\t\t\t\t\t<h4 class=\"uagb-post__title uagb-post__text\">\n\t\t\t\t<a href=\"https:\/\/honsmedical.com\/se\/forsta-hjalpen-nodvandiga-hur-man-hanterar-sar-och-anvander-blixtlassom-sarforslutningsenheter\/\" target=\"_self\" rel=\"bookmark noopener noreferrer\">F\u00f6rsta hj\u00e4lpen Essentials: Hur man hanterar s\u00e5r och anv\u00e4nder zip Stitch s\u00e5rst\u00e4ngningsanordningar<\/a>\n\t\t\t<\/h4>\n\t\t\t\t\t\t<div class='uagb-post__text uagb-post-grid-byline'>\n\t\t\t\t\t\t\t<\/div>\n\t\t\t\t\t\t\t<div class='uagb-post__text uagb-post__excerpt'>\n\t\t\t\t\t<p>Olyckor kan intr\u00e4ffa n\u00e4r som helst och leda till sk\u00e4rs\u00e5r och s\u00e5r som kr\u00e4ver omedelbar v\u00e5rd....\t\t\t\t<\/div>\n\t\t\t\t\t\t<div class=\"uagb-post__text uagb-post__cta wp-block-button\">\n\t\t\t\t<a class=\"wp-block-button__link uagb-text-link\" style=\"\" href=\"https:\/\/honsmedical.com\/se\/forsta-hjalpen-nodvandiga-hur-man-hanterar-sar-och-anvander-blixtlassom-sarforslutningsenheter\/\" target=\"_self\" rel=\"bookmark noopener noreferrer\">L\u00e4s mer om<\/a>\n\t\t\t<\/div>\n\t\t\t\n\t\t\t\t\t\t\t\t\t<\/article>\n\t\t\t\t\t\t\t\t\t\t\t\t\t\t\t\t<article class=\"uagb-post__inner-wrap\">\t\t\t\t\t\t\t\t<h4 class=\"uagb-post__title uagb-post__text\">\n\t\t\t\t<a href=\"https:\/\/honsmedical.com\/se\/hur-man-anvander-en-nodsar-stangning-band-dragkedja-som-sarforslutning\/\" target=\"_self\" rel=\"bookmark noopener noreferrer\">Hur man anv\u00e4nder ett n\u00f6dfallsband (s\u00e5rf\u00f6rslutning med blixtl\u00e5s)<\/a>\n\t\t\t<\/h4>\n\t\t\t\t\t\t<div class='uagb-post__text uagb-post-grid-byline'>\n\t\t\t\t\t\t\t<\/div>\n\t\t\t\t\t\t\t<div class='uagb-post__text uagb-post__excerpt'>\n\t\t\t\t\t<p>Ett band f\u00f6r akut lacerationsf\u00f6rslutning, \u00e4ven kallat Zip Stitch Wound Closure, \u00e4r ett...\t\t\t\t<\/div>\n\t\t\t\t\t\t<div class=\"uagb-post__text uagb-post__cta wp-block-button\">\n\t\t\t\t<a class=\"wp-block-button__link uagb-text-link\" style=\"\" href=\"https:\/\/honsmedical.com\/se\/hur-man-anvander-en-nodsar-stangning-band-dragkedja-som-sarforslutning\/\" target=\"_self\" rel=\"bookmark noopener noreferrer\">L\u00e4s mer om<\/a>\n\t\t\t<\/div>\n\t\t\t\n\t\t\t\t\t\t\t\t\t<\/article>\n\t\t\t\t\t\t\t\t\t\t\t\t\t\t\t\t<article class=\"uagb-post__inner-wrap\">\t\t\t\t\t\t\t\t<h4 class=\"uagb-post__title uagb-post__text\">\n\t\t\t\t<a href=\"https:\/\/honsmedical.com\/se\/vad-ar-zip-stitch-sarforslutning-eller-zip-skin-closure-ett-battre-alternativ-till-suturer-och-haftklamrar-av-hons-medical\/\" target=\"_self\" rel=\"bookmark noopener noreferrer\">Vad \u00e4r Zip Stitch Wound Closure eller Zip Skin Closure? Ett b\u00e4ttre alternativ till suturer och h\u00e4ftklamrar av Hons Medical<\/a>\n\t\t\t<\/h4>\n\t\t\t\t\t\t<div class='uagb-post__text uagb-post-grid-byline'>\n\t\t\t\t\t\t\t<\/div>\n\t\t\t\t\t\t\t<div class='uagb-post__text uagb-post__excerpt'>\n\t\t\t\t\t<p>S\u00e5rf\u00f6rslutning \u00e4r en kritisk aspekt av medicinsk behandling och p\u00e5verkar direkt \u00e5terh\u00e4mtningstiden, infektionsrisken och...\t\t\t\t<\/div>\n\t\t\t\t\t\t<div class=\"uagb-post__text uagb-post__cta wp-block-button\">\n\t\t\t\t<a class=\"wp-block-button__link uagb-text-link\" style=\"\" href=\"https:\/\/honsmedical.com\/se\/vad-ar-zip-stitch-sarforslutning-eller-zip-skin-closure-ett-battre-alternativ-till-suturer-och-haftklamrar-av-hons-medical\/\" target=\"_self\" rel=\"bookmark noopener noreferrer\">L\u00e4s mer om<\/a>\n\t\t\t<\/div>\n\t\t\t\n\t\t\t\t\t\t\t\t\t<\/article>\n\t\t\t\t\t\t\t\t\t\t\t\t\t\t\t\t<article class=\"uagb-post__inner-wrap\">\t\t\t\t\t\t\t\t<h4 class=\"uagb-post__title uagb-post__text\">\n\t\t\t\t<a href=\"https:\/\/honsmedical.com\/se\/vad-ar-sartillslutning-en-omfattande-guide-till-lakning-och-aterhamtning\/\" target=\"_self\" rel=\"bookmark noopener noreferrer\">Vad \u00e4r s\u00e5rf\u00f6rslutning? En omfattande guide till l\u00e4kning och \u00e5terh\u00e4mtning<\/a>\n\t\t\t<\/h4>\n\t\t\t\t\t\t<div class='uagb-post__text uagb-post-grid-byline'>\n\t\t\t\t\t\t\t<\/div>\n\t\t\t\t\t\t\t<div class='uagb-post__text uagb-post__excerpt'>\n\t\t\t\t\t<p>S\u00e5rf\u00f6rslutning \u00e4r en viktig del av l\u00e4kningsprocessen som inneb\u00e4r att man f\u00f6r samman kanterna...\t\t\t\t<\/div>\n\t\t\t\t\t\t<div class=\"uagb-post__text uagb-post__cta wp-block-button\">\n\t\t\t\t<a class=\"wp-block-button__link uagb-text-link\" style=\"\" href=\"https:\/\/honsmedical.com\/se\/vad-ar-sartillslutning-en-omfattande-guide-till-lakning-och-aterhamtning\/\" target=\"_self\" rel=\"bookmark noopener noreferrer\">L\u00e4s mer om<\/a>\n\t\t\t<\/div>\n\t\t\t\n\t\t\t\t\t\t\t\t\t<\/article>\n\t\t\t\t\t\t\t\t\t\t\t<\/div>\n\t\t\t\n\n\n<h2 class=\"wp-block-heading has-medium-font-size\">F\u00f6r videor om hur man anv\u00e4nder zip stitch s\u00e5rf\u00f6rslutningsanordning. <a href=\"https:\/\/honsmedical.com\/en\/video-use-laceration-surgical-zipper\/\">Klicka h\u00e4r<\/a>.<\/h2>\n\n\n\n<p class=\"has-medium-font-size\"><a href=\"https:\/\/www.linkedin.com\/company\/hons-medical-technology-co-ltd\/\" target=\"_blank\" rel=\"noopener\">F\u00f6lj oss p\u00e5 Linkedin f\u00f6r uppdaterad information...<\/a><\/p>\n\n\n\n<p class=\"has-medium-font-size\">F\u00f6r mer information om s\u00e5rf\u00f6rslutning med dragkedja. <a href=\"https:\/\/honsmedical.com\/en\/products\/wound-closure-device-g1\/\">Klicka h\u00e4r.<\/a><\/p>\n\n\n\n<figure class=\"wp-block-gallery has-nested-images columns-4 is-cropped wp-block-gallery-1 is-layout-flex wp-block-gallery-is-layout-flex\">\n<figure class=\"wp-block-image size-large\"><img fetchpriority=\"high\" decoding=\"async\" width=\"800\" height=\"800\" data-id=\"3703\" src=\"https:\/\/honsmedical.com\/wp-content\/uploads\/2025\/01\/sku1-2.jpg\" alt=\"S\u00e5rf\u00f6rslutning med dragkedja, dragkedja f\u00f6r laceration, icke-invasivt s\u00e5rf\u00f6rslutningsbandage med dragkedja, s\u00e5rf\u00f6rslutning med dubbelsidigt sp\u00e4nne, ny generation s\u00e5rf\u00f6rslutning med 1 sp\u00e4nne f\u00f6r f\u00f6rsta hj\u00e4lpen\" class=\"wp-image-3703\" srcset=\"https:\/\/honsmedical.com\/wp-content\/uploads\/2025\/01\/sku1-2.jpg 800w, https:\/\/honsmedical.com\/wp-content\/uploads\/2025\/01\/sku1-2-300x300.jpg 300w, https:\/\/honsmedical.com\/wp-content\/uploads\/2025\/01\/sku1-2-150x150.jpg 150w, https:\/\/honsmedical.com\/wp-content\/uploads\/2025\/01\/sku1-2-768x768.jpg 768w, https:\/\/honsmedical.com\/wp-content\/uploads\/2025\/01\/sku1-2-600x600.jpg 600w, https:\/\/honsmedical.com\/wp-content\/uploads\/2025\/01\/sku1-2-100x100.jpg 100w\" sizes=\"(max-width: 800px) 100vw, 800px\" \/><\/figure>\n\n\n\n<figure class=\"wp-block-image size-large\"><img decoding=\"async\" width=\"800\" height=\"800\" data-id=\"3702\" src=\"https:\/\/honsmedical.com\/wp-content\/uploads\/2025\/01\/sku4-2.jpg\" alt=\"s\u00e5rf\u00f6rslutningsanordning med dragkedja, s\u00e5rf\u00f6rslutningsanordning med dubbelsidigt sp\u00e4nne, ny generation s\u00e5rf\u00f6rslutning med 10 sp\u00e4nnen\" class=\"wp-image-3702\" srcset=\"https:\/\/honsmedical.com\/wp-content\/uploads\/2025\/01\/sku4-2.jpg 800w, https:\/\/honsmedical.com\/wp-content\/uploads\/2025\/01\/sku4-2-300x300.jpg 300w, https:\/\/honsmedical.com\/wp-content\/uploads\/2025\/01\/sku4-2-150x150.jpg 150w, https:\/\/honsmedical.com\/wp-content\/uploads\/2025\/01\/sku4-2-768x768.jpg 768w, https:\/\/honsmedical.com\/wp-content\/uploads\/2025\/01\/sku4-2-600x600.jpg 600w, https:\/\/honsmedical.com\/wp-content\/uploads\/2025\/01\/sku4-2-100x100.jpg 100w\" sizes=\"(max-width: 800px) 100vw, 800px\" \/><\/figure>\n\n\n\n<figure class=\"wp-block-image size-large\"><img decoding=\"async\" width=\"800\" height=\"800\" data-id=\"3701\" src=\"https:\/\/honsmedical.com\/wp-content\/uploads\/2025\/01\/sku3-2.jpg\" alt=\"S\u00e5rf\u00f6rslutningsremsa med dragkedja, s\u00e5rf\u00f6rslutningsanordning med dubbelsidigt sp\u00e4nne, ny generation s\u00e5rf\u00f6rslutning med 8 sp\u00e4nnen\" class=\"wp-image-3701\" srcset=\"https:\/\/honsmedical.com\/wp-content\/uploads\/2025\/01\/sku3-2.jpg 800w, https:\/\/honsmedical.com\/wp-content\/uploads\/2025\/01\/sku3-2-300x300.jpg 300w, https:\/\/honsmedical.com\/wp-content\/uploads\/2025\/01\/sku3-2-150x150.jpg 150w, https:\/\/honsmedical.com\/wp-content\/uploads\/2025\/01\/sku3-2-768x768.jpg 768w, https:\/\/honsmedical.com\/wp-content\/uploads\/2025\/01\/sku3-2-600x600.jpg 600w, https:\/\/honsmedical.com\/wp-content\/uploads\/2025\/01\/sku3-2-100x100.jpg 100w\" sizes=\"(max-width: 800px) 100vw, 800px\" \/><\/figure>\n\n\n\n<figure class=\"wp-block-image size-large\"><img loading=\"lazy\" decoding=\"async\" width=\"800\" height=\"800\" data-id=\"3700\" src=\"https:\/\/honsmedical.com\/wp-content\/uploads\/2025\/01\/sku2-2.jpg\" alt=\"Zip line s\u00e5rf\u00f6rslutning f\u00f6r s\u00e5rv\u00e5rd, Double-Side Buckle Wound Closure Device, ny generation s\u00e5rf\u00f6rslutning med 3 sp\u00e4nnen\" class=\"wp-image-3700\" srcset=\"https:\/\/honsmedical.com\/wp-content\/uploads\/2025\/01\/sku2-2.jpg 800w, https:\/\/honsmedical.com\/wp-content\/uploads\/2025\/01\/sku2-2-300x300.jpg 300w, https:\/\/honsmedical.com\/wp-content\/uploads\/2025\/01\/sku2-2-150x150.jpg 150w, https:\/\/honsmedical.com\/wp-content\/uploads\/2025\/01\/sku2-2-768x768.jpg 768w, https:\/\/honsmedical.com\/wp-content\/uploads\/2025\/01\/sku2-2-600x600.jpg 600w, https:\/\/honsmedical.com\/wp-content\/uploads\/2025\/01\/sku2-2-100x100.jpg 100w\" sizes=\"(max-width: 800px) 100vw, 800px\" \/><\/figure>\n<\/figure>","protected":false},"excerpt":{"rendered":"<p>For videos on how to use the zip stitch wound closure device. Click here. Follow us on Linkedin for updated information.. For more zippered wound closure device. Click here.<\/p>","protected":false},"author":1,"featured_media":0,"parent":0,"menu_order":0,"comment_status":"closed","ping_status":"closed","template":"","meta":{"_surecart_dashboard_logo_width":"180px","_surecart_dashboard_show_logo":true,"_surecart_dashboard_navigation_orders":true,"_surecart_dashboard_navigation_invoices":true,"_surecart_dashboard_navigation_subscriptions":true,"_surecart_dashboard_navigation_downloads":true,"_surecart_dashboard_navigation_billing":true,"_surecart_dashboard_navigation_account":true,"_uag_custom_page_level_css":"","_monsterinsights_skip_tracking":false,"_monsterinsights_sitenote_active":false,"_monsterinsights_sitenote_note":"","_monsterinsights_sitenote_category":0,"site-sidebar-layout":"default","site-content-layout":"","ast-site-content-layout":"default","site-content-style":"default","site-sidebar-style":"default","ast-global-header-display":"","ast-banner-title-visibility":"","ast-main-header-display":"","ast-hfb-above-header-display":"","ast-hfb-below-header-display":"","ast-hfb-mobile-header-display":"","site-post-title":"","ast-breadcrumbs-content":"","ast-featured-img":"","footer-sml-layout":"","ast-disable-related-posts":"","theme-transparent-header-meta":"","adv-header-id-meta":"","stick-header-meta":"","header-above-stick-meta":"","header-main-stick-meta":"","header-below-stick-meta":"","astra-migrate-meta-layouts":"set","ast-page-background-enabled":"default","ast-page-background-meta":{"desktop":{"background-color":"var(--ast-global-color-4)","background-image":"","background-repeat":"repeat","background-position":"center center","background-size":"auto","background-attachment":"scroll","background-type":"","background-media":"","overlay-type":"","overlay-color":"","overlay-opacity":"","overlay-gradient":""},"tablet":{"background-color":"","background-image":"","background-repeat":"repeat","background-position":"center center","background-size":"auto","background-attachment":"scroll","background-type":"","background-media":"","overlay-type":"","overlay-color":"","overlay-opacity":"","overlay-gradient":""},"mobile":{"background-color":"","background-image":"","background-repeat":"repeat","background-position":"center center","background-size":"auto","background-attachment":"scroll","background-type":"","background-media":"","overlay-type":"","overlay-color":"","overlay-opacity":"","overlay-gradient":""}},"ast-content-background-meta":{"desktop":{"background-color":"var(--ast-global-color-5)","background-image":"","background-repeat":"repeat","background-position":"center center","background-size":"auto","background-attachment":"scroll","background-type":"","background-media":"","overlay-type":"","overlay-color":"","overlay-opacity":"","overlay-gradient":""},"tablet":{"background-color":"var(--ast-global-color-5)","background-image":"","background-repeat":"repeat","background-position":"center center","background-size":"auto","background-attachment":"scroll","background-type":"","background-media":"","overlay-type":"","overlay-color":"","overlay-opacity":"","overlay-gradient":""},"mobile":{"background-color":"var(--ast-global-color-5)","background-image":"","background-repeat":"repeat","background-position":"center center","background-size":"auto","background-attachment":"scroll","background-type":"","background-media":"","overlay-type":"","overlay-color":"","overlay-opacity":"","overlay-gradient":""}},"footnotes":""},"class_list":["post-3766","page","type-page","status-publish","hentry"],"uagb_featured_image_src":{"full":false,"thumbnail":false,"medium":false,"medium_large":false,"large":false,"1536x1536":false,"2048x2048":false,"trp-custom-language-flag":false,"woocommerce_thumbnail":false,"woocommerce_single":false,"woocommerce_gallery_thumbnail":false},"uagb_author_info":{"display_name":"HONS","author_link":"https:\/\/honsmedical.com\/se\/author\/wopupu12\/"},"uagb_comment_info":0,"uagb_excerpt":"For videos on how to use the zip stitch wound closure device. Click here. Follow us on Linkedin for updated information.. For more zippered wound closure device. Click here.","_links":{"self":[{"href":"https:\/\/honsmedical.com\/se\/wp-json\/wp\/v2\/pages\/3766","targetHints":{"allow":["GET"]}}],"collection":[{"href":"https:\/\/honsmedical.com\/se\/wp-json\/wp\/v2\/pages"}],"about":[{"href":"https:\/\/honsmedical.com\/se\/wp-json\/wp\/v2\/types\/page"}],"author":[{"embeddable":true,"href":"https:\/\/honsmedical.com\/se\/wp-json\/wp\/v2\/users\/1"}],"replies":[{"embeddable":true,"href":"https:\/\/honsmedical.com\/se\/wp-json\/wp\/v2\/comments?post=3766"}],"version-history":[{"count":5,"href":"https:\/\/honsmedical.com\/se\/wp-json\/wp\/v2\/pages\/3766\/revisions"}],"predecessor-version":[{"id":4043,"href":"https:\/\/honsmedical.com\/se\/wp-json\/wp\/v2\/pages\/3766\/revisions\/4043"}],"wp:attachment":[{"href":"https:\/\/honsmedical.com\/se\/wp-json\/wp\/v2\/media?parent=3766"}],"curies":[{"name":"wp","href":"https:\/\/api.w.org\/{rel}","templated":true}]}}