{"id":4064,"date":"2025-03-27T02:46:48","date_gmt":"2025-03-27T02:46:48","guid":{"rendered":"https:\/\/honsmedical.com\/?post_type=product&#038;p=4064"},"modified":"2025-03-27T03:09:48","modified_gmt":"2025-03-27T03:09:48","slug":"zip-wound-closure-device-g2-1-buckle-white","status":"publish","type":"product","link":"https:\/\/honsmedical.com\/ro\/produs\/zip-wound-closure-device-g2-1-buckle-white\/","title":{"rendered":"Dispozitiv de \u00eenchidere a r\u0103nii cu fermoar G2 - \u021bes\u0103tur\u0103 ne\u021besut\u0103 alb\u0103, \u00eenchidere cu cataram\u0103 pe o singur\u0103 parte"},"content":{"rendered":"<h2>Introduction to Wound Closure Device<\/h2>\n<p class=\"\" data-start=\"119\" data-end=\"609\">The Second Generation of Stitch-Free Wound Closure Strips utilizes advanced non-woven fabric technology. This innovative material offers enhanced flexibility and comfort, allowing for better adhesion and protection for the wound site. Unlike traditional sutures, these strips eliminate the need for stitching, which reduces both procedure time and the risk of infection. They are designed to conform smoothly to the skin, ensuring a secure and durable closure that promotes faster healing.<\/p>\n<p class=\"\" data-start=\"611\" data-end=\"1002\">Moreover, the non-woven fabric is breathable, allowing for improved airflow, which minimizes moisture buildup and further reduces the risk of infection. These strips are easy to apply, providing a non-invasive, painless alternative to stitches, making them ideal for patients of all ages. They are also discreet and comfortable, allowing for normal movement without discomfort or irritation.<\/p>\n<p class=\"\" data-start=\"1004\" data-end=\"1236\">With their unique design and advanced materials, these stitch-free wound closure strips are a practical solution for minor surgical incisions, cuts, or abrasions, offering a safer, quicker, and more convenient option for wound care.<\/p>\n<p>Key features include:<\/p>\n<ul>\n<li><strong>Number of buckless<\/strong>: 1<\/li>\n<li class=\"translation-block\"><strong>\u00cenchidere cu cataram\u0103 pe o singur\u0103 parte:<\/strong>\u00a0se \u00eenchide pe o parte<\/li>\n<li><strong>Package:<\/strong> 3pcs\/box for 1 buckle wound closure device<\/li>\n<li><strong>Size:<\/strong> 1.5cm\u00d78cm(0.59in\u00d73.1in)<\/li>\n<li class=\"translation-block\"><strong>Material:<\/strong>\u00a0\u021bes\u0103tur\u0103 ne\u021besut\u0103 alb\u0103<\/li>\n<li><strong>Needle-Free &amp; Painless:<\/strong>\u00a0No stitches required, reducing pain and discomfort.<\/li>\n<li class=\"translation-block\"><strong>Design \u00een stil cu fermoar:<\/strong>\u00a0\u00eenchide\u021bi \u00een siguran\u021b\u0103 r\u0103nile, permi\u021b\u00e2nd \u00een acela\u0219i timp o ajustare u\u0219oar\u0103.<\/li>\n<li class=\"translation-block\"><strong>Minimizeaz\u0103 cicatricile:<\/strong>\u00a0reduce tensiunea de pe piele pentru o mai bun\u0103 vindecare.<\/li>\n<li class=\"translation-block\"><strong>Aderen\u021b\u0103 puternic\u0103:<\/strong>\u00a0adezivul de calitate medical\u0103 asigur\u0103 o fixare ferm\u0103.<\/li>\n<li class=\"translation-block\"><strong>U\u0219or de aplicat \u0219i \u00eendep\u0103rtat:<\/strong>\u00a0aplica\u021bie rapid\u0103, f\u0103r\u0103 probleme, pentru profesioni\u0219ti \u0219i pentru uz casnic.<\/li>\n<li class=\"translation-block\"><strong>Disponibil \u00een mai multe dimensiuni:<\/strong> potrivit pentru diferite tipuri \u0219i loca\u021bii de r\u0103ni.<\/li>\n<\/ul>\n<p>*Please contact info@honsmedical.com or Whatsapp us for price.<\/p>\n<p>For different types of stitch-free zip wound closure devices, please visit <a href=\"https:\/\/honsmedical.com\/en\/product\/\">this page<\/a>.<\/p>\n<p>For instructions on how to use needle-free wound closure device in surgy or first aid, please watch videos <a href=\"https:\/\/youtu.be\/kxTlBRHSlAI\" target=\"_blank\" rel=\"noopener\">aici<\/a>.<\/p>\n<p>Follow us on <a href=\"https:\/\/www.linkedin.com\/company\/hons-medical-technology-co-ltd\/\" target=\"_blank\" rel=\"noopener\">LinkedIn<\/a> for updated information.<\/p>\n<style id=\"wpforms-css-vars-3651\">\n\t\t\t\t#wpforms-3651 {\n\t\t\t\t\n\t\t\t}\n\t\t\t<\/style><div class=\"wpforms-container wpforms-container-full wpforms-render-modern\" id=\"wpforms-3651\"><form id=\"wpforms-form-3651\" class=\"wpforms-validate wpforms-form wpforms-ajax-form\" data-formid=\"3651\" method=\"post\" enctype=\"multipart\/form-data\" action=\"\/ro\/wp-json\/wp\/v2\/product\/4064\" data-token=\"6542035924d24b838880f64f965676d8\" data-token-time=\"1777819816\" data-trp-original-action=\"\/ro\/wp-json\/wp\/v2\/product\/4064\"><noscript class=\"wpforms-error-noscript\">Please enable JavaScript in your browser to complete this form.<\/noscript><div id=\"wpforms-error-noscript\" style=\"display: none;\">Please enable JavaScript in your browser to complete this form.<\/div><div class=\"wpforms-field-container\">\t\t<div id=\"wpforms-3651-field_4-container\"\n\t\t\tclass=\"wpforms-field wpforms-field-text\"\n\t\t\tdata-field-type=\"text\"\n\t\t\tdata-field-id=\"4\"\n\t\t\t>\n\t\t\t<label class=\"wpforms-field-label\" for=\"wpforms-3651-field_4\" >Email Comment Message<\/label>\n\t\t\t<input type=\"text\" id=\"wpforms-3651-field_4\" class=\"wpforms-field-medium\" name=\"wpforms[fields][4]\" >\n\t\t<\/div>\n\t\t<div id=\"wpforms-3651-field_1-container\" class=\"wpforms-field wpforms-field-name\" data-field-id=\"1\"><label class=\"wpforms-field-label\" for=\"wpforms-3651-field_1\">Nume <span class=\"wpforms-required-label\" aria-hidden=\"true\">*<\/span><\/label><input type=\"text\" id=\"wpforms-3651-field_1\" class=\"wpforms-field-medium wpforms-field-required\" name=\"wpforms[fields][1]\" aria-errormessage=\"wpforms-3651-field_1-error\" required><\/div><div id=\"wpforms-3651-field_2-container\" class=\"wpforms-field wpforms-field-email\" data-field-id=\"2\"><label class=\"wpforms-field-label\" for=\"wpforms-3651-field_2\">E-mail <span class=\"wpforms-required-label\" aria-hidden=\"true\">*<\/span><\/label><input type=\"email\" id=\"wpforms-3651-field_2\" class=\"wpforms-field-medium wpforms-field-required\" name=\"wpforms[fields][2]\" spellcheck=\"false\" aria-errormessage=\"wpforms-3651-field_2-error\" required><\/div><div id=\"wpforms-3651-field_3-container\" class=\"wpforms-field wpforms-field-textarea\" data-field-id=\"3\"><label class=\"wpforms-field-label\" for=\"wpforms-3651-field_3\">Comentariu sau Mesaj <span class=\"wpforms-required-label\" aria-hidden=\"true\">*<\/span><\/label><textarea id=\"wpforms-3651-field_3\" class=\"wpforms-field-medium wpforms-field-required\" name=\"wpforms[fields][3]\" aria-errormessage=\"wpforms-3651-field_3-error\" aria-describedby=\"wpforms-3651-field_3-description\" required><\/textarea><div id=\"wpforms-3651-field_3-description\" class=\"wpforms-field-description\">V\u0103 rug\u0103m s\u0103 ne l\u0103sa\u021bi un mesaj aici. V\u0103 vom r\u0103spunde \u00een termen de 24 de ore. Dac\u0103 nu vede\u021bi e-mailul nostru dup\u0103 24 de ore, v\u0103 rug\u0103m s\u0103 verifica\u021bi folderul spam sau s\u0103 ne contacta\u021bi din nou.<\/div><\/div><script>\n\t\t\t\t( function() {\n\t\t\t\t\tconst style = document.createElement( 'style' );\n\t\t\t\t\tstyle.appendChild( document.createTextNode( '#wpforms-3651-field_4-container { position: absolute !important; overflow: hidden !important; display: inline !important; height: 1px !important; width: 1px !important; z-index: -1000 !important; padding: 0 !important; } #wpforms-3651-field_4-container input { visibility: hidden; } #wpforms-conversational-form-page #wpforms-3651-field_4-container label { counter-increment: none; }' ) );\n\t\t\t\t\tdocument.head.appendChild( style );\n\t\t\t\t\tdocument.currentScript?.remove();\n\t\t\t\t} )();\n\t\t\t<\/script><\/div><!-- .wpforms-field-container --><div class=\"wpforms-recaptcha-container wpforms-is-recaptcha wpforms-is-recaptcha-type-v2\" ><div class=\"g-recaptcha\" data-sitekey=\"6LernMkqAAAAAE7YbFnuzuzEaEZV6xXPn5PNTL4j\"><\/div><input type=\"text\" name=\"g-recaptcha-hidden\" class=\"wpforms-recaptcha-hidden\" style=\"position:absolute!important;clip:rect(0,0,0,0)!important;height:1px!important;width:1px!important;border:0!important;overflow:hidden!important;padding:0!important;margin:0!important;\" data-rule-recaptcha=\"1\"><\/div><div class=\"wpforms-submit-container\" ><input type=\"hidden\" name=\"wpforms[id]\" value=\"3651\"><input type=\"hidden\" name=\"page_title\" value=\"\"><input type=\"hidden\" name=\"page_url\" value=\"https:\/\/honsmedical.com\/ro\/wp-json\/wp\/v2\/product\/4064\"><input type=\"hidden\" name=\"url_referer\" value=\"\"><button type=\"submit\" name=\"wpforms[submit]\" id=\"wpforms-submit-3651\" class=\"wpforms-submit\" data-alt-text=\"Sending...\" data-submit-text=\"Submit\" aria-live=\"assertive\" value=\"wpforms-submit\">trimite formularul<\/button><img decoding=\"async\" src=\"https:\/\/honsmedical.com\/wp-content\/plugins\/wpforms-lite\/assets\/images\/submit-spin.svg\" class=\"wpforms-submit-spinner\" style=\"display: none;\" width=\"26\" height=\"26\" alt=\"Loading\"><\/div><input type=\"hidden\" name=\"trp-form-language\" value=\"ro\"\/><\/form><\/div>  <!-- .wpforms-container -->","protected":false},"excerpt":{"rendered":"<p>Upgrade your wound care with our <strong data-start=\"98\" data-end=\"135\">Generation 2 Wound Closure Device<\/strong>, featuring a <strong data-start=\"149\" data-end=\"184\">high-quality white woven fabric<\/strong> for superior comfort and breathability. With a <strong data-start=\"232\" data-end=\"265\">single-side closure mechanism<\/strong>, it allows for quick, secure fastening from one side, making application easier than ever. Ideal for <strong data-start=\"367\" data-end=\"391\">emergency situations<\/strong>, this non-invasive solution helps reduce hospital visits while promoting fast and effective healing. Keep it in your first-aid kit for <strong data-start=\"527\" data-end=\"582\">reliable, hassle-free wound care\u2014anytime, anywhere!<\/strong><\/p>","protected":false},"featured_media":3682,"comment_status":"open","ping_status":"closed","template":"","meta":{"_surecart_dashboard_logo_width":"180px","_surecart_dashboard_show_logo":true,"_surecart_dashboard_navigation_orders":true,"_surecart_dashboard_navigation_invoices":true,"_surecart_dashboard_navigation_subscriptions":true,"_surecart_dashboard_navigation_downloads":true,"_surecart_dashboard_navigation_billing":true,"_surecart_dashboard_navigation_account":true,"_uag_custom_page_level_css":"","_monsterinsights_skip_tracking":false,"_monsterinsights_sitenote_active":false,"_monsterinsights_sitenote_note":"","_monsterinsights_sitenote_category":0,"site-sidebar-layout":"default","site-content-layout":"","ast-site-content-layout":"default","site-content-style":"default","site-sidebar-style":"default","ast-global-header-display":"","ast-banner-title-visibility":"","ast-main-header-display":"","ast-hfb-above-header-display":"","ast-hfb-below-header-display":"","ast-hfb-mobile-header-display":"","site-post-title":"","ast-breadcrumbs-content":"","ast-featured-img":"","footer-sml-layout":"","ast-disable-related-posts":"","theme-transparent-header-meta":"default","adv-header-id-meta":"","stick-header-meta":"","header-above-stick-meta":"","header-main-stick-meta":"","header-below-stick-meta":"","astra-migrate-meta-layouts":"set","ast-page-background-enabled":"default","ast-page-background-meta":{"desktop":{"background-color":"var(--ast-global-color-4)","background-image":"","background-repeat":"repeat","background-position":"center center","background-size":"auto","background-attachment":"scroll","background-type":"","background-media":"","overlay-type":"","overlay-color":"","overlay-opacity":"","overlay-gradient":""},"tablet":{"background-color":"","background-image":"","background-repeat":"repeat","background-position":"center center","background-size":"auto","background-attachment":"scroll","background-type":"","background-media":"","overlay-type":"","overlay-color":"","overlay-opacity":"","overlay-gradient":""},"mobile":{"background-color":"","background-image":"","background-repeat":"repeat","background-position":"center center","background-size":"auto","background-attachment":"scroll","background-type":"","background-media":"","overlay-type":"","overlay-color":"","overlay-opacity":"","overlay-gradient":""}},"ast-content-background-meta":{"desktop":{"background-color":"var(--ast-global-color-5)","background-image":"","background-repeat":"repeat","background-position":"center center","background-size":"auto","background-attachment":"scroll","background-type":"","background-media":"","overlay-type":"","overlay-color":"","overlay-opacity":"","overlay-gradient":""},"tablet":{"background-color":"var(--ast-global-color-5)","background-image":"","background-repeat":"repeat","background-position":"center center","background-size":"auto","background-attachment":"scroll","background-type":"","background-media":"","overlay-type":"","overlay-color":"","overlay-opacity":"","overlay-gradient":""},"mobile":{"background-color":"var(--ast-global-color-5)","background-image":"","background-repeat":"repeat","background-position":"center center","background-size":"auto","background-attachment":"scroll","background-type":"","background-media":"","overlay-type":"","overlay-color":"","overlay-opacity":"","overlay-gradient":""}}},"product_brand":[],"product_cat":[28],"product_tag":[220],"class_list":{"0":"post-4064","1":"product","2":"type-product","3":"status-publish","4":"has-post-thumbnail","6":"product_cat-wound-closure-device","7":"product_tag-single-side-closure","8":"desktop-align-left","9":"tablet-align-left","10":"mobile-align-left","12":"first","13":"instock","14":"featured","15":"shipping-taxable","16":"purchasable","17":"product-type-simple"},"uagb_featured_image_src":{"full":["https:\/\/honsmedical.com\/wp-content\/uploads\/2025\/01\/sku1.jpg",800,800,false],"thumbnail":["https:\/\/honsmedical.com\/wp-content\/uploads\/2025\/01\/sku1-150x150.jpg",150,150,true],"medium":["https:\/\/honsmedical.com\/wp-content\/uploads\/2025\/01\/sku1-300x300.jpg",300,300,true],"medium_large":["https:\/\/honsmedical.com\/wp-content\/uploads\/2025\/01\/sku1-768x768.jpg",768,768,true],"large":["https:\/\/honsmedical.com\/wp-content\/uploads\/2025\/01\/sku1.jpg",800,800,false],"1536x1536":["https:\/\/honsmedical.com\/wp-content\/uploads\/2025\/01\/sku1.jpg",800,800,false],"2048x2048":["https:\/\/honsmedical.com\/wp-content\/uploads\/2025\/01\/sku1.jpg",800,800,false],"trp-custom-language-flag":["https:\/\/honsmedical.com\/wp-content\/uploads\/2025\/01\/sku1.jpg",12,12,false],"woocommerce_thumbnail":["https:\/\/honsmedical.com\/wp-content\/uploads\/2025\/01\/sku1-300x300.jpg",300,300,true],"woocommerce_single":["https:\/\/honsmedical.com\/wp-content\/uploads\/2025\/01\/sku1-600x600.jpg",600,600,true],"woocommerce_gallery_thumbnail":["https:\/\/honsmedical.com\/wp-content\/uploads\/2025\/01\/sku1-100x100.jpg",100,100,true]},"uagb_author_info":{"display_name":"HONS","author_link":"https:\/\/honsmedical.com\/ro\/author\/"},"uagb_comment_info":0,"uagb_excerpt":"Upgrade your wound care with our Generation 2 Wound Closure Device, featuring a high-quality white woven fabric for superior comfort and breathability. With a single-side closure mechanism, it allows for quick, secure fastening from one side, making application easier than ever. Ideal for emergency situations, this non-invasive solution helps reduce hospital visits while promoting fast&hellip;","_links":{"self":[{"href":"https:\/\/honsmedical.com\/ro\/wp-json\/wp\/v2\/product\/4064","targetHints":{"allow":["GET"]}}],"collection":[{"href":"https:\/\/honsmedical.com\/ro\/wp-json\/wp\/v2\/product"}],"about":[{"href":"https:\/\/honsmedical.com\/ro\/wp-json\/wp\/v2\/types\/product"}],"replies":[{"embeddable":true,"href":"https:\/\/honsmedical.com\/ro\/wp-json\/wp\/v2\/comments?post=4064"}],"wp:featuredmedia":[{"embeddable":true,"href":"https:\/\/honsmedical.com\/ro\/wp-json\/wp\/v2\/media\/3682"}],"wp:attachment":[{"href":"https:\/\/honsmedical.com\/ro\/wp-json\/wp\/v2\/media?parent=4064"}],"wp:term":[{"taxonomy":"product_brand","embeddable":true,"href":"https:\/\/honsmedical.com\/ro\/wp-json\/wp\/v2\/product_brand?post=4064"},{"taxonomy":"product_cat","embeddable":true,"href":"https:\/\/honsmedical.com\/ro\/wp-json\/wp\/v2\/product_cat?post=4064"},{"taxonomy":"product_tag","embeddable":true,"href":"https:\/\/honsmedical.com\/ro\/wp-json\/wp\/v2\/product_tag?post=4064"}],"curies":[{"name":"wp","href":"https:\/\/api.w.org\/{rel}","templated":true}]}}