{"id":4058,"date":"2025-03-27T02:05:39","date_gmt":"2025-03-27T02:05:39","guid":{"rendered":"https:\/\/honsmedical.com\/?post_type=product&#038;p=4058"},"modified":"2025-03-27T02:46:39","modified_gmt":"2025-03-27T02:46:39","slug":"wound-closure-device-g1-10-buckles","status":"publish","type":"product","link":"https:\/\/honsmedical.com\/ro\/produs\/wound-closure-device-g1-10-buckles\/","title":{"rendered":"Dispozitiv de \u00eenchidere a r\u0103nii G1 - 10 catarame, catarame cu dou\u0103 fe\u021be"},"content":{"rendered":"<h2>Introduction to Wound Closure Device<\/h2>\n<p>Our\u00a0 <strong>Zipper Style <b>Wound Closure Strip <\/b><\/strong>offers a revolutionary, non-suture solution for quick and effective wound healing. Key features include:<\/p>\n<ul>\n<li><b><\/b><strong><b>Number of Clips: <\/b><\/strong>10<\/li>\n<li><b><\/b><strong><b>Package:<\/b><\/strong>1pcs\/bag<\/li>\n<li><strong>Double-side Closure:<\/strong> Fasten from both sides<\/li>\n<li><b><\/b><strong><b>Size:<\/b><\/strong>\u00a020cm\u00d76cm(7.9in\u00d72.4in)<\/li>\n<li><b><\/b><strong><b>Material:<\/b><\/strong>PU<\/li>\n<li class=\"translation-block\"><strong>Videcare rapid\u0103<\/strong>: accelereaz\u0103 procesul de recuperare prin \u00eenchiderea sigur\u0103 a r\u0103nilor.<\/li>\n<li class=\"translation-block\"><strong>Nu este nevoie de suturi<\/strong>: elimin\u0103 nevoia de cus\u0103turi, reduc\u00e2nd disconfortul.<\/li>\n<li class=\"translation-block\"><strong> Aplicare f\u0103r\u0103 durere<\/strong>: Conceput pentru confort \u00een timpul \u0219i dup\u0103 utilizare.<\/li>\n<li class=\"translation-block\"><strong>Bansament elastic<\/strong>: ofer\u0103 compresie reglabil\u0103 pentru un sprijin mai bun \u0219i o vindecare mai rapid\u0103.<\/li>\n<li class=\"translation-block\"><strong>Materiale hipoalergenice<\/strong>: sigur pentru pielea sensibil\u0103, inclusiv pentru femeile \u00eens\u0103rcinate \u0219i copiii.<\/li>\n<li class=\"translation-block\"><strong>Videcare f\u0103r\u0103 cicatrici<\/strong>: ajut\u0103 la minimizarea cicatricilor pentru o recuperare mai lin\u0103.<\/li>\n<li class=\"translation-block\"><strong>\u0141atwy w u\u017cyciu<\/strong>: Szybki i prosty w u\u017cyciu, oszcz\u0119dzaj\u0105cy czas pracownik\u00f3w s\u0142u\u017cby zdrowia.<\/li>\n<\/ul>\n<p>Perfect for both professional medical settings and at-home care, the <strong><b>Zipper style wound closure<\/b><\/strong>\u00a0is the first step toward efficient, pain-free recovery.<\/p>\n<p>*Please contact info@honsmedical.com or Whatsapp us for price.<\/p>\n<p>For different types of stitch-free zip wound closure devices, please visit <a href=\"https:\/\/honsmedical.com\/en\/shop-2\/\">this page<\/a>.<\/p>\n<p>For instructions on how to use needle-free wound closure device in surgy or first aid, please watch videos <a href=\"https:\/\/youtu.be\/kxTlBRHSlAI\" target=\"_blank\" rel=\"noopener\">aici<\/a>.<\/p>\n<p>Follow us on <a href=\"https:\/\/www.linkedin.com\/company\/hons-medical-technology-co-ltd\/\" target=\"_blank\" rel=\"noopener\">LinkedIn<\/a> for updated information.<\/p>\n<style id=\"wpforms-css-vars-3651\">\n\t\t\t\t#wpforms-3651 {\n\t\t\t\t\n\t\t\t}\n\t\t\t<\/style><div class=\"wpforms-container wpforms-container-full wpforms-render-modern\" id=\"wpforms-3651\"><form id=\"wpforms-form-3651\" class=\"wpforms-validate wpforms-form wpforms-ajax-form\" data-formid=\"3651\" method=\"post\" enctype=\"multipart\/form-data\" action=\"\/ro\/wp-json\/wp\/v2\/product\/4058\" data-token=\"96ca61ba85f07fcd26f12b427effc6cb\" data-token-time=\"1777636653\" data-trp-original-action=\"\/ro\/wp-json\/wp\/v2\/product\/4058\"><noscript class=\"wpforms-error-noscript\">Please enable JavaScript in your browser to complete this form.<\/noscript><div id=\"wpforms-error-noscript\" style=\"display: none;\">Please enable JavaScript in your browser to complete this form.<\/div><div class=\"wpforms-field-container\"><div id=\"wpforms-3651-field_1-container\" class=\"wpforms-field wpforms-field-name\" data-field-id=\"1\"><label class=\"wpforms-field-label\" for=\"wpforms-3651-field_1\">Nume <span class=\"wpforms-required-label\" aria-hidden=\"true\">*<\/span><\/label><input type=\"text\" id=\"wpforms-3651-field_1\" class=\"wpforms-field-medium wpforms-field-required\" name=\"wpforms[fields][1]\" aria-errormessage=\"wpforms-3651-field_1-error\" required><\/div><div id=\"wpforms-3651-field_2-container\" class=\"wpforms-field wpforms-field-email\" data-field-id=\"2\"><label class=\"wpforms-field-label\" for=\"wpforms-3651-field_2\">E-mail <span class=\"wpforms-required-label\" aria-hidden=\"true\">*<\/span><\/label><input type=\"email\" id=\"wpforms-3651-field_2\" class=\"wpforms-field-medium wpforms-field-required\" name=\"wpforms[fields][2]\" spellcheck=\"false\" aria-errormessage=\"wpforms-3651-field_2-error\" required><\/div>\t\t<div id=\"wpforms-3651-field_4-container\"\n\t\t\tclass=\"wpforms-field wpforms-field-text\"\n\t\t\tdata-field-type=\"text\"\n\t\t\tdata-field-id=\"4\"\n\t\t\t>\n\t\t\t<label class=\"wpforms-field-label\" for=\"wpforms-3651-field_4\" >Message Email Comment<\/label>\n\t\t\t<input type=\"text\" id=\"wpforms-3651-field_4\" class=\"wpforms-field-medium\" name=\"wpforms[fields][4]\" >\n\t\t<\/div>\n\t\t<div id=\"wpforms-3651-field_3-container\" class=\"wpforms-field wpforms-field-textarea\" data-field-id=\"3\"><label class=\"wpforms-field-label\" for=\"wpforms-3651-field_3\">Comentariu sau Mesaj <span class=\"wpforms-required-label\" aria-hidden=\"true\">*<\/span><\/label><textarea id=\"wpforms-3651-field_3\" class=\"wpforms-field-medium wpforms-field-required\" name=\"wpforms[fields][3]\" aria-errormessage=\"wpforms-3651-field_3-error\" aria-describedby=\"wpforms-3651-field_3-description\" required><\/textarea><div id=\"wpforms-3651-field_3-description\" class=\"wpforms-field-description\">V\u0103 rug\u0103m s\u0103 ne l\u0103sa\u021bi un mesaj aici. V\u0103 vom r\u0103spunde \u00een termen de 24 de ore. Dac\u0103 nu vede\u021bi e-mailul nostru dup\u0103 24 de ore, v\u0103 rug\u0103m s\u0103 verifica\u021bi folderul spam sau s\u0103 ne contacta\u021bi din nou.<\/div><\/div><script>\n\t\t\t\t( function() {\n\t\t\t\t\tconst style = document.createElement( 'style' );\n\t\t\t\t\tstyle.appendChild( document.createTextNode( '#wpforms-3651-field_4-container { position: absolute !important; overflow: hidden !important; display: inline !important; height: 1px !important; width: 1px !important; z-index: -1000 !important; padding: 0 !important; } #wpforms-3651-field_4-container input { visibility: hidden; } #wpforms-conversational-form-page #wpforms-3651-field_4-container label { counter-increment: none; }' ) );\n\t\t\t\t\tdocument.head.appendChild( style );\n\t\t\t\t\tdocument.currentScript?.remove();\n\t\t\t\t} )();\n\t\t\t<\/script><\/div><!-- .wpforms-field-container --><div class=\"wpforms-recaptcha-container wpforms-is-recaptcha wpforms-is-recaptcha-type-v2\" ><div class=\"g-recaptcha\" data-sitekey=\"6LernMkqAAAAAE7YbFnuzuzEaEZV6xXPn5PNTL4j\"><\/div><input type=\"text\" name=\"g-recaptcha-hidden\" class=\"wpforms-recaptcha-hidden\" style=\"position:absolute!important;clip:rect(0,0,0,0)!important;height:1px!important;width:1px!important;border:0!important;overflow:hidden!important;padding:0!important;margin:0!important;\" data-rule-recaptcha=\"1\"><\/div><div class=\"wpforms-submit-container\" ><input type=\"hidden\" name=\"wpforms[id]\" value=\"3651\"><input type=\"hidden\" name=\"page_title\" value=\"\"><input type=\"hidden\" name=\"page_url\" value=\"https:\/\/honsmedical.com\/ro\/wp-json\/wp\/v2\/product\/4058\"><input type=\"hidden\" name=\"url_referer\" value=\"\"><button type=\"submit\" name=\"wpforms[submit]\" id=\"wpforms-submit-3651\" class=\"wpforms-submit\" data-alt-text=\"Sending...\" data-submit-text=\"Submit\" aria-live=\"assertive\" value=\"wpforms-submit\">trimite formularul<\/button><img decoding=\"async\" src=\"https:\/\/honsmedical.com\/wp-content\/plugins\/wpforms-lite\/assets\/images\/submit-spin.svg\" class=\"wpforms-submit-spinner\" style=\"display: none;\" width=\"26\" height=\"26\" alt=\"Loading\"><\/div><input type=\"hidden\" name=\"trp-form-language\" value=\"ro\"\/><\/form><\/div>  <!-- .wpforms-container -->","protected":false},"excerpt":{"rendered":"<p>This extended version is perfect for larger wounds, such as surgical incisions.<\/p>\n<p>It offers essential <strong>emergency wound care<\/strong> when immediate medical attention isn&#8217;t accessible\u2014ideal for situations where distance or circumstances prevent a trip to the emergency room. Stay prepared and protected when it matters most!<\/p>","protected":false},"featured_media":3680,"comment_status":"open","ping_status":"closed","template":"","meta":{"_surecart_dashboard_logo_width":"180px","_surecart_dashboard_show_logo":true,"_surecart_dashboard_navigation_orders":true,"_surecart_dashboard_navigation_invoices":true,"_surecart_dashboard_navigation_subscriptions":true,"_surecart_dashboard_navigation_downloads":true,"_surecart_dashboard_navigation_billing":true,"_surecart_dashboard_navigation_account":true,"_uag_custom_page_level_css":"","_monsterinsights_skip_tracking":false,"_monsterinsights_sitenote_active":false,"_monsterinsights_sitenote_note":"","_monsterinsights_sitenote_category":0,"site-sidebar-layout":"default","site-content-layout":"","ast-site-content-layout":"default","site-content-style":"default","site-sidebar-style":"default","ast-global-header-display":"","ast-banner-title-visibility":"","ast-main-header-display":"","ast-hfb-above-header-display":"","ast-hfb-below-header-display":"","ast-hfb-mobile-header-display":"","site-post-title":"","ast-breadcrumbs-content":"","ast-featured-img":"","footer-sml-layout":"","ast-disable-related-posts":"","theme-transparent-header-meta":"default","adv-header-id-meta":"","stick-header-meta":"","header-above-stick-meta":"","header-main-stick-meta":"","header-below-stick-meta":"","astra-migrate-meta-layouts":"set","ast-page-background-enabled":"default","ast-page-background-meta":{"desktop":{"background-color":"var(--ast-global-color-4)","background-image":"","background-repeat":"repeat","background-position":"center center","background-size":"auto","background-attachment":"scroll","background-type":"","background-media":"","overlay-type":"","overlay-color":"","overlay-opacity":"","overlay-gradient":""},"tablet":{"background-color":"","background-image":"","background-repeat":"repeat","background-position":"center center","background-size":"auto","background-attachment":"scroll","background-type":"","background-media":"","overlay-type":"","overlay-color":"","overlay-opacity":"","overlay-gradient":""},"mobile":{"background-color":"","background-image":"","background-repeat":"repeat","background-position":"center center","background-size":"auto","background-attachment":"scroll","background-type":"","background-media":"","overlay-type":"","overlay-color":"","overlay-opacity":"","overlay-gradient":""}},"ast-content-background-meta":{"desktop":{"background-color":"var(--ast-global-color-5)","background-image":"","background-repeat":"repeat","background-position":"center center","background-size":"auto","background-attachment":"scroll","background-type":"","background-media":"","overlay-type":"","overlay-color":"","overlay-opacity":"","overlay-gradient":""},"tablet":{"background-color":"var(--ast-global-color-5)","background-image":"","background-repeat":"repeat","background-position":"center center","background-size":"auto","background-attachment":"scroll","background-type":"","background-media":"","overlay-type":"","overlay-color":"","overlay-opacity":"","overlay-gradient":""},"mobile":{"background-color":"var(--ast-global-color-5)","background-image":"","background-repeat":"repeat","background-position":"center center","background-size":"auto","background-attachment":"scroll","background-type":"","background-media":"","overlay-type":"","overlay-color":"","overlay-opacity":"","overlay-gradient":""}}},"product_brand":[],"product_cat":[28],"product_tag":[219],"class_list":{"0":"post-4058","1":"product","2":"type-product","3":"status-publish","4":"has-post-thumbnail","6":"product_cat-wound-closure-device","7":"product_tag-double-side-wound-closure","8":"desktop-align-left","9":"tablet-align-left","10":"mobile-align-left","12":"first","13":"instock","14":"featured","15":"shipping-taxable","16":"purchasable","17":"product-type-simple"},"uagb_featured_image_src":{"full":["https:\/\/honsmedical.com\/wp-content\/uploads\/2025\/01\/5-1.jpg",800,800,false],"thumbnail":["https:\/\/honsmedical.com\/wp-content\/uploads\/2025\/01\/5-1-150x150.jpg",150,150,true],"medium":["https:\/\/honsmedical.com\/wp-content\/uploads\/2025\/01\/5-1-300x300.jpg",300,300,true],"medium_large":["https:\/\/honsmedical.com\/wp-content\/uploads\/2025\/01\/5-1-768x768.jpg",768,768,true],"large":["https:\/\/honsmedical.com\/wp-content\/uploads\/2025\/01\/5-1.jpg",800,800,false],"1536x1536":["https:\/\/honsmedical.com\/wp-content\/uploads\/2025\/01\/5-1.jpg",800,800,false],"2048x2048":["https:\/\/honsmedical.com\/wp-content\/uploads\/2025\/01\/5-1.jpg",800,800,false],"trp-custom-language-flag":["https:\/\/honsmedical.com\/wp-content\/uploads\/2025\/01\/5-1.jpg",12,12,false],"woocommerce_thumbnail":["https:\/\/honsmedical.com\/wp-content\/uploads\/2025\/01\/5-1-300x300.jpg",300,300,true],"woocommerce_single":["https:\/\/honsmedical.com\/wp-content\/uploads\/2025\/01\/5-1-600x600.jpg",600,600,true],"woocommerce_gallery_thumbnail":["https:\/\/honsmedical.com\/wp-content\/uploads\/2025\/01\/5-1-100x100.jpg",100,100,true]},"uagb_author_info":{"display_name":"HONS","author_link":"https:\/\/honsmedical.com\/ro\/author\/"},"uagb_comment_info":0,"uagb_excerpt":"This extended version is perfect for larger wounds, such as surgical incisions. It offers essential emergency wound care when immediate medical attention isn't accessible\u2014ideal for situations where distance or circumstances prevent a trip to the emergency room. Stay prepared and protected when it matters most!","_links":{"self":[{"href":"https:\/\/honsmedical.com\/ro\/wp-json\/wp\/v2\/product\/4058","targetHints":{"allow":["GET"]}}],"collection":[{"href":"https:\/\/honsmedical.com\/ro\/wp-json\/wp\/v2\/product"}],"about":[{"href":"https:\/\/honsmedical.com\/ro\/wp-json\/wp\/v2\/types\/product"}],"replies":[{"embeddable":true,"href":"https:\/\/honsmedical.com\/ro\/wp-json\/wp\/v2\/comments?post=4058"}],"wp:featuredmedia":[{"embeddable":true,"href":"https:\/\/honsmedical.com\/ro\/wp-json\/wp\/v2\/media\/3680"}],"wp:attachment":[{"href":"https:\/\/honsmedical.com\/ro\/wp-json\/wp\/v2\/media?parent=4058"}],"wp:term":[{"taxonomy":"product_brand","embeddable":true,"href":"https:\/\/honsmedical.com\/ro\/wp-json\/wp\/v2\/product_brand?post=4058"},{"taxonomy":"product_cat","embeddable":true,"href":"https:\/\/honsmedical.com\/ro\/wp-json\/wp\/v2\/product_cat?post=4058"},{"taxonomy":"product_tag","embeddable":true,"href":"https:\/\/honsmedical.com\/ro\/wp-json\/wp\/v2\/product_tag?post=4058"}],"curies":[{"name":"wp","href":"https:\/\/api.w.org\/{rel}","templated":true}]}}