{"id":4069,"date":"2025-03-27T03:25:13","date_gmt":"2025-03-27T03:25:13","guid":{"rendered":"https:\/\/honsmedical.com\/?post_type=product&#038;p=4069"},"modified":"2025-03-27T03:32:43","modified_gmt":"2025-03-27T03:32:43","slug":"wound-closure-device-g2-8-buckles-white","status":"publish","type":"product","link":"https:\/\/honsmedical.com\/pl\/produkt\/urzadzenie-do-zamykania-ran-g2-8-klamer-bialy\/","title":{"rendered":"Urz\u0105dzenie do zamykania ran na zamek b\u0142yskawiczny G2 - 8 klamer, bia\u0142a w\u0142\u00f3knina, jednostronne zapi\u0119cie na klamr\u0119"},"content":{"rendered":"<h2>Wprowadzenie do urz\u0105dzenia do zamykania ran<\/h2>\n<p>Bezszwowe paski do zamykania ran drugiej generacji wykorzystuj\u0105 najnowocze\u015bniejsz\u0105 technologi\u0119 w\u0142\u00f3kniny, aby zapewni\u0107 doskona\u0142\u0105 elastyczno\u015b\u0107, komfort i bezpieczne przyleganie. Zaprojektowane, aby wyeliminowa\u0107 potrzeb\u0119 stosowania tradycyjnych szw\u00f3w, te zaawansowane paski usprawniaj\u0105 proces zamykania ran, skracaj\u0105c zar\u00f3wno czas zabiegu, jak i ryzyko infekcji. Ich adaptacyjna konstrukcja zapewnia dok\u0142adne dopasowanie do sk\u00f3ry, promuj\u0105c mocne i niezawodne uszczelnienie, kt\u00f3re przyspiesza naturalny proces gojenia.<\/p>\n<p>Zaprojektowana z my\u015bl\u0105 o optymalnej oddychalno\u015bci w\u0142\u00f3knina zapewnia lepszy przep\u0142yw powietrza, zapobiegaj\u0105c gromadzeniu si\u0119 nadmiaru wilgoci i dodatkowo zmniejszaj\u0105c ryzyko infekcji. Paski te oferuj\u0105 bezbolesn\u0105, nieinwazyjn\u0105 alternatyw\u0119 dla szw\u00f3w, co czyni je doskona\u0142ym wyborem dla os\u00f3b w ka\u017cdym wieku. Ich lekka i elastyczna konstrukcja zapewnia wygod\u0119, umo\u017cliwiaj\u0105c naturalny ruch bez podra\u017cnie\u0144.<\/p>\n<p>Idealne do drobnych naci\u0119\u0107 chirurgicznych, skalecze\u0144 i otar\u0107, te innowacyjne paski do zamykania ran zapewniaj\u0105 bezpieczniejsze, szybsze i wygodniejsze podej\u015bcie do piel\u0119gnacji ran, na nowo definiuj\u0105c komfort pacjenta i powr\u00f3t do zdrowia.<\/p>\n<p>Kluczowe funkcje obejmuj\u0105:<\/p>\n<ul>\n<li><strong>Liczba bezklamrowych<\/strong>: 8<\/li>\n<li class=\"translation-block\"><strong>Zapi\u0119cie na klamr\u0119 jednostronn\u0105:<\/strong> zapinane z jednej strony<\/li>\n<li><strong>Pakiet:<\/strong> 1szt\/pude\u0142ko<\/li>\n<li><strong>Rozmiar:<\/strong> 8cm\u00d715cm(3.1in\u00d75.9in)<\/li>\n<li class=\"translation-block\"><strong>Materia\u0142:<\/strong>\u00a0bia\u0142a tkanina w\u0142\u00f3kninowa<\/li>\n<li><strong>Needle-Free &amp; Painless:<\/strong>\u00a0No stitches required, reducing pain and discomfort.<\/li>\n<li class=\"translation-block\"><strong>Konstrukcja zapinana na zamek b\u0142yskawiczny:<\/strong>\u00a0Bezpiecznie zamyka rany, umo\u017cliwiaj\u0105c jednocze\u015bnie \u0142atw\u0105 regulacj\u0119.<\/li>\n<li class=\"translation-block\"><strong>Minimalizuje powstawanie blizn:<\/strong>\u00a0Zmniejsza napi\u0119cie sk\u00f3ry, co przyspiesza gojenie.<\/li>\n<li class=\"translation-block\"><strong>Mocna przyczepno\u015b\u0107<\/strong>: Klej klasy medycznej gwarantuje mocne trzymanie.<\/li>\n<li class=\"translation-block\"><strong>\u0141atwe w stosowaniu i usuwaniu:<\/strong> Szybka, bezproblemowa aplikacja dla profesjonalist\u00f3w i do u\u017cytku domowego.<\/li>\n<li class=\"translation-block\"><strong>Dost\u0119pne w wielu rozmiarach:<\/strong> Nadaj\u0105 si\u0119 do r\u00f3\u017cnych rodzaj\u00f3w ran i miejsc.<\/li>\n<\/ul>\n<p>*Please contact info@honsmedical.com or Whatsapp us for price.<\/p>\n<p>For different types of stitch-free zip wound closure devices, please visit <a href=\"https:\/\/honsmedical.com\/en\/product\/\">this page<\/a>.<\/p>\n<p>For instructions on how to use needle-free wound closure device in surgy or first aid, please watch videos <a href=\"https:\/\/youtu.be\/kxTlBRHSlAI\" target=\"_blank\" rel=\"noopener\">here<\/a>.<\/p>\n<p>Follow us on <a href=\"https:\/\/www.linkedin.com\/company\/hons-medical-technology-co-ltd\/\" target=\"_blank\" rel=\"noopener\">LinkedIn<\/a> for updated information.<\/p>\n<style id=\"wpforms-css-vars-3651\">\n\t\t\t\t#wpforms-3651 {\n\t\t\t\t\n\t\t\t}\n\t\t\t<\/style><div class=\"wpforms-container wpforms-container-full wpforms-render-modern\" id=\"wpforms-3651\"><form id=\"wpforms-form-3651\" class=\"wpforms-validate wpforms-form wpforms-ajax-form\" data-formid=\"3651\" method=\"post\" enctype=\"multipart\/form-data\" action=\"\/pl\/wp-json\/wp\/v2\/product\/4069\" data-token=\"793da7d6c12aa5010f8ce962513218e2\" data-token-time=\"1777728115\" data-trp-original-action=\"\/pl\/wp-json\/wp\/v2\/product\/4069\"><noscript class=\"wpforms-error-noscript\">Aby wype\u0142ni\u0107 ten formularz, w\u0142\u0105cz obs\u0142ug\u0119 JavaScript w przegl\u0105darce.<\/noscript><div id=\"wpforms-error-noscript\" style=\"display: none;\">Aby wype\u0142ni\u0107 ten formularz, w\u0142\u0105cz obs\u0142ug\u0119 JavaScript w przegl\u0105darce.<\/div><div class=\"wpforms-field-container\">\t\t<div id=\"wpforms-3651-field_4-container\"\n\t\t\tclass=\"wpforms-field wpforms-field-text\"\n\t\t\tdata-field-type=\"text\"\n\t\t\tdata-field-id=\"4\"\n\t\t\t>\n\t\t\t<label class=\"wpforms-field-label\" for=\"wpforms-3651-field_4\" >E-mail lub imi\u0119 i nazwisko<\/label>\n\t\t\t<input type=\"text\" id=\"wpforms-3651-field_4\" class=\"wpforms-field-medium\" name=\"wpforms[fields][4]\" >\n\t\t<\/div>\n\t\t<div id=\"wpforms-3651-field_1-container\" class=\"wpforms-field wpforms-field-name\" data-field-id=\"1\"><label class=\"wpforms-field-label\" for=\"wpforms-3651-field_1\">Nazwa <span class=\"wpforms-required-label\" aria-hidden=\"true\">*<\/span><\/label><input type=\"text\" id=\"wpforms-3651-field_1\" class=\"wpforms-field-medium wpforms-field-required\" name=\"wpforms[fields][1]\" aria-errormessage=\"wpforms-3651-field_1-error\" required><\/div><div id=\"wpforms-3651-field_2-container\" class=\"wpforms-field wpforms-field-email\" data-field-id=\"2\"><label class=\"wpforms-field-label\" for=\"wpforms-3651-field_2\">E-mail <span class=\"wpforms-required-label\" aria-hidden=\"true\">*<\/span><\/label><input type=\"email\" id=\"wpforms-3651-field_2\" class=\"wpforms-field-medium wpforms-field-required\" name=\"wpforms[fields][2]\" spellcheck=\"false\" aria-errormessage=\"wpforms-3651-field_2-error\" required><\/div><div id=\"wpforms-3651-field_3-container\" class=\"wpforms-field wpforms-field-textarea\" data-field-id=\"3\"><label class=\"wpforms-field-label\" for=\"wpforms-3651-field_3\">Komentarz lub wiadomo\u015b\u0107 <span class=\"wpforms-required-label\" aria-hidden=\"true\">*<\/span><\/label><textarea id=\"wpforms-3651-field_3\" class=\"wpforms-field-medium wpforms-field-required\" name=\"wpforms[fields][3]\" aria-errormessage=\"wpforms-3651-field_3-error\" aria-describedby=\"wpforms-3651-field_3-description\" required><\/textarea><div id=\"wpforms-3651-field_3-description\" class=\"wpforms-field-description\">Zostaw nam wiadomo\u015b\u0107 tutaj. Odpowiemy w ci\u0105gu 24 godzin. Je\u015bli nie zobaczysz naszej wiadomo\u015bci e-mail po 24 godzinach, sprawd\u017a folder spamu lub skontaktuj si\u0119 z nami ponownie.<\/div><\/div><script>\n\t\t\t\t( function() {\n\t\t\t\t\tconst style = document.createElement( 'style' );\n\t\t\t\t\tstyle.appendChild( document.createTextNode( '#wpforms-3651-field_4-container { position: absolute !important; overflow: hidden !important; display: inline !important; height: 1px !important; width: 1px !important; z-index: -1000 !important; padding: 0 !important; } #wpforms-3651-field_4-container input { visibility: hidden; } #wpforms-conversational-form-page #wpforms-3651-field_4-container label { counter-increment: none; }' ) );\n\t\t\t\t\tdocument.head.appendChild( style );\n\t\t\t\t\tdocument.currentScript?.remove();\n\t\t\t\t} )();\n\t\t\t<\/script><\/div><!-- .wpforms-field-container --><div class=\"wpforms-recaptcha-container wpforms-is-recaptcha wpforms-is-recaptcha-type-v2\" ><div class=\"g-recaptcha\" data-sitekey=\"6LernMkqAAAAAE7YbFnuzuzEaEZV6xXPn5PNTL4j\"><\/div><input type=\"text\" name=\"g-recaptcha-hidden\" class=\"wpforms-recaptcha-hidden\" style=\"position:absolute!important;clip:rect(0,0,0,0)!important;height:1px!important;width:1px!important;border:0!important;overflow:hidden!important;padding:0!important;margin:0!important;\" data-rule-recaptcha=\"1\"><\/div><div class=\"wpforms-submit-container\" ><input type=\"hidden\" name=\"wpforms[id]\" value=\"3651\"><input type=\"hidden\" name=\"page_title\" value=\"\"><input type=\"hidden\" name=\"page_url\" value=\"https:\/\/honsmedical.com\/pl\/wp-json\/wp\/v2\/product\/4069\"><input type=\"hidden\" name=\"url_referer\" value=\"\"><button type=\"submit\" name=\"wpforms[submit]\" id=\"wpforms-submit-3651\" class=\"wpforms-submit\" data-alt-text=\"Sending...\" data-submit-text=\"Submit\" aria-live=\"assertive\" value=\"wpforms-submit\">wy\u015blij formularz<\/button><img decoding=\"async\" src=\"https:\/\/honsmedical.com\/wp-content\/plugins\/wpforms-lite\/assets\/images\/submit-spin.svg\" class=\"wpforms-submit-spinner\" style=\"display: none;\" width=\"26\" height=\"26\" alt=\"Wczytywanie\"><\/div><input type=\"hidden\" name=\"trp-form-language\" value=\"pl\"\/><\/form><\/div>  <!-- .wpforms-container -->","protected":false},"excerpt":{"rendered":"<p class=\"\" data-start=\"80\" data-end=\"568\">Zapewnij szybkie i skuteczne leczenie ran dzi\u0119ki <strong data-start=\"132\" data-end=\"169\">Urz\u0105dzenie do zamykania ran generacji 2<\/strong>zaprojektowane z my\u015bl\u0105 o najwy\u017cszej wygodzie i niezawodno\u015bci. Wykonane z <strong data-start=\"232\" data-end=\"262\">Wysokiej jako\u015bci bia\u0142a tkanina<\/strong>Urz\u0105dzenie to oferuje <strong data-start=\"283\" data-end=\"324\">Wyj\u0105tkowa oddychalno\u015b\u0107 i komfort<\/strong>, zmniejszaj\u0105c podra\u017cnienia sk\u00f3ry i promuj\u0105c optymalne gojenie. Innowacyjny <strong data-start=\"397\" data-end=\"444\">jednostronne zapi\u0119cie na dwie bezpieczne klamry<\/strong> pozwala na <strong data-start=\"456\" data-end=\"493\">Szybka i bezproblemowa aplikacja<\/strong>dzi\u0119ki czemu idealnie nadaje si\u0119 do <strong data-start=\"515\" data-end=\"539\">sytuacje awaryjne<\/strong> gdzie liczy si\u0119 ka\u017cda sekunda.<\/p>\n<h3 class=\"\" data-start=\"570\" data-end=\"629\"><strong data-start=\"574\" data-end=\"627\">Dlaczego warto wybra\u0107 urz\u0105dzenie do zamykania ran generacji 2?<\/strong><\/h3>\n<p class=\"\" data-start=\"630\" data-end=\"1086\">\u2705 <strong data-start=\"632\" data-end=\"664\">Nieinwazyjne i niewymagaj\u0105ce hospitalizacji<\/strong> - Zmniejsza potrzeb\u0119 zak\u0142adania szw\u00f3w i minimalizuje liczb\u0119 wizyt w szpitalu.<br data-start=\"727\" data-end=\"730\" \/>\u2705 <strong data-start=\"732\" data-end=\"757\">Szybkie i bezpieczne zamkni\u0119cie<\/strong> - Zapewnia bezpieczne zamkni\u0119cie rany i szybsze gojenie.<br data-start=\"813\" data-end=\"816\" \/>\u2705 <strong data-start=\"818\" data-end=\"847\">Wszechstronny i wielofunkcyjny<\/strong> - Idealny dla <strong data-start=\"862\" data-end=\"984\">uczniowie, opieka domowa, apteczki pierwszej pomocy, pracownicy przemys\u0142owi, przygody na \u015bwie\u017cym powietrzu, podr\u00f3\u017ce i gotowo\u015b\u0107 na wypadek awarii<\/strong>.<br data-start=\"985\" data-end=\"988\" \/>\u2705 <strong data-start=\"990\" data-end=\"1020\">Przyjazny dla sk\u00f3ry i oddychaj\u0105cy<\/strong> - Zapewnia <strong data-start=\"1032\" data-end=\"1051\">maksymalny komfort<\/strong> bez uszczerbku dla trwa\u0142o\u015bci.<\/p>\n<p class=\"\" data-start=\"1088\" data-end=\"1375\">Niezale\u017cnie od tego, czy jeste\u015b <strong data-start=\"1105\" data-end=\"1170\">rodzic, opiekun, pracownik medyczny lub pracownik przemys\u0142owy<\/strong>To urz\u0105dzenie do zamykania ran jest <strong data-start=\"1204\" data-end=\"1248\">Niezb\u0119dny dodatek do apteczki pierwszej pomocy<\/strong>. B\u0105d\u017a przygotowany na ka\u017cd\u0105 sytuacj\u0119 i ulepsz swoje <strong data-start=\"1297\" data-end=\"1319\">rutynowa piel\u0119gnacja ran<\/strong> z <strong data-start=\"1327\" data-end=\"1363\">bezpieczny, \u0142atwy w u\u017cyciu i skuteczny<\/strong> rozwi\u0105zanie.<\/p>\n<p class=\"\" data-start=\"1377\" data-end=\"1419\"><strong data-start=\"1377\" data-end=\"1419\" data-is-last-node=\"\">Pozosta\u0144 chroniony. Leczy\u0107 si\u0119 szybciej. B\u0105d\u017a gotowy.<\/strong><\/p>","protected":false},"featured_media":3684,"comment_status":"open","ping_status":"closed","template":"","meta":{"_surecart_dashboard_logo_width":"180px","_surecart_dashboard_show_logo":true,"_surecart_dashboard_navigation_orders":true,"_surecart_dashboard_navigation_invoices":true,"_surecart_dashboard_navigation_subscriptions":true,"_surecart_dashboard_navigation_downloads":true,"_surecart_dashboard_navigation_billing":true,"_surecart_dashboard_navigation_account":true,"_uag_custom_page_level_css":"","_monsterinsights_skip_tracking":false,"_monsterinsights_sitenote_active":false,"_monsterinsights_sitenote_note":"","_monsterinsights_sitenote_category":0,"site-sidebar-layout":"default","site-content-layout":"","ast-site-content-layout":"default","site-content-style":"default","site-sidebar-style":"default","ast-global-header-display":"","ast-banner-title-visibility":"","ast-main-header-display":"","ast-hfb-above-header-display":"","ast-hfb-below-header-display":"","ast-hfb-mobile-header-display":"","site-post-title":"","ast-breadcrumbs-content":"","ast-featured-img":"","footer-sml-layout":"","ast-disable-related-posts":"","theme-transparent-header-meta":"default","adv-header-id-meta":"","stick-header-meta":"","header-above-stick-meta":"","header-main-stick-meta":"","header-below-stick-meta":"","astra-migrate-meta-layouts":"set","ast-page-background-enabled":"default","ast-page-background-meta":{"desktop":{"background-color":"var(--ast-global-color-4)","background-image":"","background-repeat":"repeat","background-position":"center center","background-size":"auto","background-attachment":"scroll","background-type":"","background-media":"","overlay-type":"","overlay-color":"","overlay-opacity":"","overlay-gradient":""},"tablet":{"background-color":"","background-image":"","background-repeat":"repeat","background-position":"center center","background-size":"auto","background-attachment":"scroll","background-type":"","background-media":"","overlay-type":"","overlay-color":"","overlay-opacity":"","overlay-gradient":""},"mobile":{"background-color":"","background-image":"","background-repeat":"repeat","background-position":"center center","background-size":"auto","background-attachment":"scroll","background-type":"","background-media":"","overlay-type":"","overlay-color":"","overlay-opacity":"","overlay-gradient":""}},"ast-content-background-meta":{"desktop":{"background-color":"var(--ast-global-color-5)","background-image":"","background-repeat":"repeat","background-position":"center center","background-size":"auto","background-attachment":"scroll","background-type":"","background-media":"","overlay-type":"","overlay-color":"","overlay-opacity":"","overlay-gradient":""},"tablet":{"background-color":"var(--ast-global-color-5)","background-image":"","background-repeat":"repeat","background-position":"center center","background-size":"auto","background-attachment":"scroll","background-type":"","background-media":"","overlay-type":"","overlay-color":"","overlay-opacity":"","overlay-gradient":""},"mobile":{"background-color":"var(--ast-global-color-5)","background-image":"","background-repeat":"repeat","background-position":"center center","background-size":"auto","background-attachment":"scroll","background-type":"","background-media":"","overlay-type":"","overlay-color":"","overlay-opacity":"","overlay-gradient":""}}},"product_brand":[],"product_cat":[28],"product_tag":[220],"class_list":{"0":"post-4069","1":"product","2":"type-product","3":"status-publish","4":"has-post-thumbnail","6":"product_cat-wound-closure-device","7":"product_tag-single-side-closure","8":"desktop-align-left","9":"tablet-align-left","10":"mobile-align-left","12":"first","13":"instock","14":"featured","15":"shipping-taxable","16":"purchasable","17":"product-type-simple"},"uagb_featured_image_src":{"full":["https:\/\/honsmedical.com\/wp-content\/uploads\/2025\/01\/sku3.jpg",800,800,false],"thumbnail":["https:\/\/honsmedical.com\/wp-content\/uploads\/2025\/01\/sku3-150x150.jpg",150,150,true],"medium":["https:\/\/honsmedical.com\/wp-content\/uploads\/2025\/01\/sku3-300x300.jpg",300,300,true],"medium_large":["https:\/\/honsmedical.com\/wp-content\/uploads\/2025\/01\/sku3-768x768.jpg",768,768,true],"large":["https:\/\/honsmedical.com\/wp-content\/uploads\/2025\/01\/sku3.jpg",800,800,false],"1536x1536":["https:\/\/honsmedical.com\/wp-content\/uploads\/2025\/01\/sku3.jpg",800,800,false],"2048x2048":["https:\/\/honsmedical.com\/wp-content\/uploads\/2025\/01\/sku3.jpg",800,800,false],"trp-custom-language-flag":["https:\/\/honsmedical.com\/wp-content\/uploads\/2025\/01\/sku3.jpg",12,12,false],"woocommerce_thumbnail":["https:\/\/honsmedical.com\/wp-content\/uploads\/2025\/01\/sku3-300x300.jpg",300,300,true],"woocommerce_single":["https:\/\/honsmedical.com\/wp-content\/uploads\/2025\/01\/sku3-600x600.jpg",600,600,true],"woocommerce_gallery_thumbnail":["https:\/\/honsmedical.com\/wp-content\/uploads\/2025\/01\/sku3-100x100.jpg",100,100,true]},"uagb_author_info":{"display_name":"HONS","author_link":"https:\/\/honsmedical.com\/pl\/author\/"},"uagb_comment_info":0,"uagb_excerpt":"Ensure fast and effective wound management with the Generation 2 Wound Closure Device, designed for superior convenience and reliability. Made from premium white woven fabric, this device offers exceptional breathability and comfort, reducing skin irritation and promoting optimal healing. The innovative single-side closure with two secure buckles allows for quick and hassle-free application, making it&hellip;","_links":{"self":[{"href":"https:\/\/honsmedical.com\/pl\/wp-json\/wp\/v2\/product\/4069","targetHints":{"allow":["GET"]}}],"collection":[{"href":"https:\/\/honsmedical.com\/pl\/wp-json\/wp\/v2\/product"}],"about":[{"href":"https:\/\/honsmedical.com\/pl\/wp-json\/wp\/v2\/types\/product"}],"replies":[{"embeddable":true,"href":"https:\/\/honsmedical.com\/pl\/wp-json\/wp\/v2\/comments?post=4069"}],"wp:featuredmedia":[{"embeddable":true,"href":"https:\/\/honsmedical.com\/pl\/wp-json\/wp\/v2\/media\/3684"}],"wp:attachment":[{"href":"https:\/\/honsmedical.com\/pl\/wp-json\/wp\/v2\/media?parent=4069"}],"wp:term":[{"taxonomy":"product_brand","embeddable":true,"href":"https:\/\/honsmedical.com\/pl\/wp-json\/wp\/v2\/product_brand?post=4069"},{"taxonomy":"product_cat","embeddable":true,"href":"https:\/\/honsmedical.com\/pl\/wp-json\/wp\/v2\/product_cat?post=4069"},{"taxonomy":"product_tag","embeddable":true,"href":"https:\/\/honsmedical.com\/pl\/wp-json\/wp\/v2\/product_tag?post=4069"}],"curies":[{"name":"wp","href":"https:\/\/api.w.org\/{rel}","templated":true}]}}