{"id":3766,"date":"2025-01-30T16:18:44","date_gmt":"2025-01-30T16:18:44","guid":{"rendered":"https:\/\/honsmedical.com\/?page_id=3766"},"modified":"2025-02-14T15:47:29","modified_gmt":"2025-02-14T15:47:29","slug":"blog-zip-stitch-wound-closure-device","status":"publish","type":"page","link":"https:\/\/honsmedical.com\/lv\/emuara-zip-duriena-brucu-aizversanas-ierice\/","title":{"rendered":"Emu\u0101rs"},"content":{"rendered":"<div class=\"wp-block-uagb-post-grid uagb-post-grid  uagb-post__image-position-top uagb-post__image-enabled uagb-block-4c143a6a     uagb-post__items uagb-post__columns-3 is-grid uagb-post__columns-tablet-2 uagb-post__columns-mobile-1 uagb-post__equal-height\" data-total=\"1\" style=\"\">\n\n\t\t\t\t\t\t\t\t\t\t\t\t<article class=\"uagb-post__inner-wrap\">\t\t\t\t\t\t\t\t<h4 class=\"uagb-post__title uagb-post__text\">\n\t\t\t\t<a href=\"https:\/\/honsmedical.com\/lv\/kapec-ravejsledzeja-brucu-aizversanas-ierices-ir-butiskas-atrakai-dzisanai-un-labakai-atveselosanai\/\" target=\"_self\" rel=\"bookmark noopener noreferrer\">K\u0101p\u0113c r\u0101v\u0113jsl\u0113dz\u0113ja br\u016b\u010du aizv\u0113r\u0161anas ier\u012bces ir b\u016btiskas \u0101tr\u0101kai dz\u012b\u0161anai un lab\u0101kai atvese\u013co\u0161anai?<\/a>\n\t\t\t<\/h4>\n\t\t\t\t\t\t<div class='uagb-post__text uagb-post-grid-byline'>\n\t\t\t\t\t\t\t<\/div>\n\t\t\t\t\t\t\t<div class='uagb-post__text uagb-post__excerpt'>\n\t\t\t\t\t<p>R\u0101v\u0113jsl\u0113dz\u0113ja aizdares ier\u012bce, paz\u012bstama ar\u012b k\u0101 r\u0101v\u0113jsl\u0113dz\u0113ja aizdares sist\u0113ma vai r\u0101v\u0113jsl\u0113dz\u0113ja...\t\t\t\t<\/div>\n\t\t\t\t\t\t<div class=\"uagb-post__text uagb-post__cta wp-block-button\">\n\t\t\t\t<a class=\"wp-block-button__link uagb-text-link\" style=\"\" href=\"https:\/\/honsmedical.com\/lv\/kapec-ravejsledzeja-brucu-aizversanas-ierices-ir-butiskas-atrakai-dzisanai-un-labakai-atveselosanai\/\" target=\"_self\" rel=\"bookmark noopener noreferrer\">Las\u012bt vair\u0101k<\/a>\n\t\t\t<\/div>\n\t\t\t\n\t\t\t\t\t\t\t\t\t<\/article>\n\t\t\t\t\t\t\t\t\t\t\t\t\t\t\t\t<article class=\"uagb-post__inner-wrap\">\t\t\t\t\t\t\t\t<h4 class=\"uagb-post__title uagb-post__text\">\n\t\t\t\t<a href=\"https:\/\/honsmedical.com\/lv\/pirmas-palidzibas-butiskaka-ka-apstradat-bruces-un-izmantot-ravejsledzeju-duriena-brucu-aizversanas-ierices\/\" target=\"_self\" rel=\"bookmark noopener noreferrer\">Pirm\u0101s pal\u012bdz\u012bbas pamatprincipi: k\u0101 r\u012bkoties ar br\u016bc\u0113m un izmantot r\u0101v\u0113jsl\u0113dz\u0113ja br\u016b\u010du aizv\u0113r\u0161anas ier\u012bces<\/a>\n\t\t\t<\/h4>\n\t\t\t\t\t\t<div class='uagb-post__text uagb-post-grid-byline'>\n\t\t\t\t\t\t\t<\/div>\n\t\t\t\t\t\t\t<div class='uagb-post__text uagb-post__excerpt'>\n\t\t\t\t\t<p>Nelaimes gad\u012bjumi var notikt jebkur\u0101 laik\u0101, izraisot griezumus un br\u016bces, kam nepiecie\u0161ama t\u016bl\u012bt\u0113ja pal\u012bdz\u012bba....\t\t\t\t<\/div>\n\t\t\t\t\t\t<div class=\"uagb-post__text uagb-post__cta wp-block-button\">\n\t\t\t\t<a class=\"wp-block-button__link uagb-text-link\" style=\"\" href=\"https:\/\/honsmedical.com\/lv\/pirmas-palidzibas-butiskaka-ka-apstradat-bruces-un-izmantot-ravejsledzeju-duriena-brucu-aizversanas-ierices\/\" target=\"_self\" rel=\"bookmark noopener noreferrer\">Las\u012bt vair\u0101k<\/a>\n\t\t\t<\/div>\n\t\t\t\n\t\t\t\t\t\t\t\t\t<\/article>\n\t\t\t\t\t\t\t\t\t\t\t\t\t\t\t\t<article class=\"uagb-post__inner-wrap\">\t\t\t\t\t\t\t\t<h4 class=\"uagb-post__title uagb-post__text\">\n\t\t\t\t<a href=\"https:\/\/honsmedical.com\/lv\/ka-izmantot-arkartas-plestu-slegsanu-siksnu-ravejsledzeju-durienu-bruces-aizversanu\/\" target=\"_self\" rel=\"bookmark noopener noreferrer\">K\u0101 izmantot av\u0101rijas pl\u0113stu siksnu (br\u016bces aizdare ar r\u0101v\u0113jsl\u0113dz\u0113ju)<\/a>\n\t\t\t<\/h4>\n\t\t\t\t\t\t<div class='uagb-post__text uagb-post-grid-byline'>\n\t\t\t\t\t\t\t<\/div>\n\t\t\t\t\t\t\t<div class='uagb-post__text uagb-post__excerpt'>\n\t\t\t\t\t<p>Av\u0101rijas br\u016b\u010du sl\u0113g\u0161anas lente, kas paz\u012bstama ar\u012b k\u0101 Zip d\u016briena br\u016b\u010du sl\u0113g\u0161ana, ir...\t\t\t\t<\/div>\n\t\t\t\t\t\t<div class=\"uagb-post__text uagb-post__cta wp-block-button\">\n\t\t\t\t<a class=\"wp-block-button__link uagb-text-link\" style=\"\" href=\"https:\/\/honsmedical.com\/lv\/ka-izmantot-arkartas-plestu-slegsanu-siksnu-ravejsledzeju-durienu-bruces-aizversanu\/\" target=\"_self\" rel=\"bookmark noopener noreferrer\">Las\u012bt vair\u0101k<\/a>\n\t\t\t<\/div>\n\t\t\t\n\t\t\t\t\t\t\t\t\t<\/article>\n\t\t\t\t\t\t\t\t\t\t\t\t\t\t\t\t<article class=\"uagb-post__inner-wrap\">\t\t\t\t\t\t\t\t<h4 class=\"uagb-post__title uagb-post__text\">\n\t\t\t\t<a href=\"https:\/\/honsmedical.com\/lv\/kas-ir-ravejsledzeja-brucu-aizversana-vai-adas-aizversana-ar-ravejsledzeju-hons-medical-labaka-alternativa-suvem-un-skavam\/\" target=\"_self\" rel=\"bookmark noopener noreferrer\">Kas ir Zip d\u016briens br\u016bces sl\u0113g\u0161ana vai Zip \u0101das sl\u0113g\u0161ana? Lab\u0101ka alternat\u012bva \u0161uv\u0113m un skav\u0101m - Hons Medical<\/a>\n\t\t\t<\/h4>\n\t\t\t\t\t\t<div class='uagb-post__text uagb-post-grid-byline'>\n\t\t\t\t\t\t\t<\/div>\n\t\t\t\t\t\t\t<div class='uagb-post__text uagb-post__excerpt'>\n\t\t\t\t\t<p>Br\u016b\u010du aizv\u0113r\u0161ana ir \u013coti svar\u012bgs \u0101rst\u0113\u0161anas aspekts, kas tie\u0161i ietekm\u0113 atvese\u013co\u0161an\u0101s laiku, infekcijas risku,...\t\t\t\t<\/div>\n\t\t\t\t\t\t<div class=\"uagb-post__text uagb-post__cta wp-block-button\">\n\t\t\t\t<a class=\"wp-block-button__link uagb-text-link\" style=\"\" href=\"https:\/\/honsmedical.com\/lv\/kas-ir-ravejsledzeja-brucu-aizversana-vai-adas-aizversana-ar-ravejsledzeju-hons-medical-labaka-alternativa-suvem-un-skavam\/\" target=\"_self\" rel=\"bookmark noopener noreferrer\">Las\u012bt vair\u0101k<\/a>\n\t\t\t<\/div>\n\t\t\t\n\t\t\t\t\t\t\t\t\t<\/article>\n\t\t\t\t\t\t\t\t\t\t\t\t\t\t\t\t<article class=\"uagb-post__inner-wrap\">\t\t\t\t\t\t\t\t<h4 class=\"uagb-post__title uagb-post__text\">\n\t\t\t\t<a href=\"https:\/\/honsmedical.com\/lv\/kas-ir-brucu-aizversana-visaptveross-celvedis-dzisanai-un-atveselosanai\/\" target=\"_self\" rel=\"bookmark noopener noreferrer\">Kas ir br\u016b\u010du aizv\u0113r\u0161ana? Visaptvero\u0161a dziedin\u0101\u0161anas un atvese\u013co\u0161an\u0101s rokasgr\u0101mata<\/a>\n\t\t\t<\/h4>\n\t\t\t\t\t\t<div class='uagb-post__text uagb-post-grid-byline'>\n\t\t\t\t\t\t\t<\/div>\n\t\t\t\t\t\t\t<div class='uagb-post__text uagb-post__excerpt'>\n\t\t\t\t\t<p>Br\u016bces sl\u0113g\u0161ana ir b\u016btiska dz\u012b\u0161anas procesa da\u013ca, kas ietver br\u016bces malu...\t\t\t\t<\/div>\n\t\t\t\t\t\t<div class=\"uagb-post__text uagb-post__cta wp-block-button\">\n\t\t\t\t<a class=\"wp-block-button__link uagb-text-link\" style=\"\" href=\"https:\/\/honsmedical.com\/lv\/kas-ir-brucu-aizversana-visaptveross-celvedis-dzisanai-un-atveselosanai\/\" target=\"_self\" rel=\"bookmark noopener noreferrer\">Las\u012bt vair\u0101k<\/a>\n\t\t\t<\/div>\n\t\t\t\n\t\t\t\t\t\t\t\t\t<\/article>\n\t\t\t\t\t\t\t\t\t\t\t<\/div>\n\t\t\t\n\n\n<h2 class=\"wp-block-heading has-medium-font-size\">Videoklipi par to, k\u0101 lietot r\u0113tu aizdares ier\u012bci ar r\u0101v\u0113jsl\u0113dz\u0113ja d\u016brienu. <a href=\"https:\/\/honsmedical.com\/en\/video-use-laceration-surgical-zipper\/\">Noklik\u0161\u0137iniet \u0161eit<\/a>.<\/h2>\n\n\n\n<p class=\"has-medium-font-size\"><a href=\"https:\/\/www.linkedin.com\/company\/hons-medical-technology-co-ltd\/\" target=\"_blank\" rel=\"noopener\">Sekojiet mums LinkedIn, lai ieg\u016btu jaun\u0101ko inform\u0101ciju..<\/a><\/p>\n\n\n\n<p class=\"has-medium-font-size\">Vair\u0101k r\u0101v\u0113jsl\u0113dz\u0113ja aizdares ier\u012bce br\u016b\u010du sl\u0113g\u0161anai. <a href=\"https:\/\/honsmedical.com\/en\/products\/wound-closure-device-g1\/\">Noklik\u0161\u0137iniet \u0161eit.<\/a><\/p>\n\n\n\n<figure class=\"wp-block-gallery has-nested-images columns-4 is-cropped wp-block-gallery-1 is-layout-flex wp-block-gallery-is-layout-flex\">\n<figure class=\"wp-block-image size-large\"><img fetchpriority=\"high\" decoding=\"async\" width=\"800\" height=\"800\" data-id=\"3703\" src=\"https:\/\/honsmedical.com\/wp-content\/uploads\/2025\/01\/sku1-2.jpg\" alt=\"Zip d\u016briens br\u016b\u010du sl\u0113g\u0161anas ier\u012bce, Zip sloksne br\u016bc\u0113m, neinvaz\u012bva r\u0101v\u0113jsl\u0113dz\u0113ja br\u016b\u010du sl\u0113g\u0161anas p\u0101rs\u0113js, divpus\u0113jas spr\u0101dzes br\u016b\u010du sl\u0113g\u0161anas ier\u012bce, jaunas paaudzes br\u016b\u010du sl\u0113g\u0161anas ier\u012bce ar 1 spr\u0101dzi pirmajai pal\u012bdz\u012bbai.\" class=\"wp-image-3703\" srcset=\"https:\/\/honsmedical.com\/wp-content\/uploads\/2025\/01\/sku1-2.jpg 800w, https:\/\/honsmedical.com\/wp-content\/uploads\/2025\/01\/sku1-2-300x300.jpg 300w, https:\/\/honsmedical.com\/wp-content\/uploads\/2025\/01\/sku1-2-150x150.jpg 150w, https:\/\/honsmedical.com\/wp-content\/uploads\/2025\/01\/sku1-2-768x768.jpg 768w, https:\/\/honsmedical.com\/wp-content\/uploads\/2025\/01\/sku1-2-600x600.jpg 600w, https:\/\/honsmedical.com\/wp-content\/uploads\/2025\/01\/sku1-2-100x100.jpg 100w\" sizes=\"(max-width: 800px) 100vw, 800px\" \/><\/figure>\n\n\n\n<figure class=\"wp-block-image size-large\"><img decoding=\"async\" width=\"800\" height=\"800\" data-id=\"3702\" src=\"https:\/\/honsmedical.com\/wp-content\/uploads\/2025\/01\/sku4-2.jpg\" alt=\"r\u0101v\u0113jsl\u0113dz\u0113ja \u0101das br\u016b\u010du aizdares ier\u012bce, dubult\u0101s s\u0101nu spr\u0101dzes br\u016b\u010du aizdares ier\u012bce, jaunas paaudzes br\u016b\u010du aizdares ier\u012bce ar 10 spr\u0101dz\u0113m.\" class=\"wp-image-3702\" srcset=\"https:\/\/honsmedical.com\/wp-content\/uploads\/2025\/01\/sku4-2.jpg 800w, https:\/\/honsmedical.com\/wp-content\/uploads\/2025\/01\/sku4-2-300x300.jpg 300w, https:\/\/honsmedical.com\/wp-content\/uploads\/2025\/01\/sku4-2-150x150.jpg 150w, https:\/\/honsmedical.com\/wp-content\/uploads\/2025\/01\/sku4-2-768x768.jpg 768w, https:\/\/honsmedical.com\/wp-content\/uploads\/2025\/01\/sku4-2-600x600.jpg 600w, https:\/\/honsmedical.com\/wp-content\/uploads\/2025\/01\/sku4-2-100x100.jpg 100w\" sizes=\"(max-width: 800px) 100vw, 800px\" \/><\/figure>\n\n\n\n<figure class=\"wp-block-image size-large\"><img decoding=\"async\" width=\"800\" height=\"800\" data-id=\"3701\" src=\"https:\/\/honsmedical.com\/wp-content\/uploads\/2025\/01\/sku3-2.jpg\" alt=\"R\u0113tas aizdares lente ar r\u0101v\u0113jsl\u0113dz\u0113ju, dubult\u0101s s\u0101nu spr\u0101dzes br\u016b\u010du aizdares ier\u012bce, jaunas paaudzes br\u016b\u010du aizdares ier\u012bce ar 8 spr\u0101dz\u0113m.\" class=\"wp-image-3701\" srcset=\"https:\/\/honsmedical.com\/wp-content\/uploads\/2025\/01\/sku3-2.jpg 800w, https:\/\/honsmedical.com\/wp-content\/uploads\/2025\/01\/sku3-2-300x300.jpg 300w, https:\/\/honsmedical.com\/wp-content\/uploads\/2025\/01\/sku3-2-150x150.jpg 150w, https:\/\/honsmedical.com\/wp-content\/uploads\/2025\/01\/sku3-2-768x768.jpg 768w, https:\/\/honsmedical.com\/wp-content\/uploads\/2025\/01\/sku3-2-600x600.jpg 600w, https:\/\/honsmedical.com\/wp-content\/uploads\/2025\/01\/sku3-2-100x100.jpg 100w\" sizes=\"(max-width: 800px) 100vw, 800px\" \/><\/figure>\n\n\n\n<figure class=\"wp-block-image size-large\"><img loading=\"lazy\" decoding=\"async\" width=\"800\" height=\"800\" data-id=\"3700\" src=\"https:\/\/honsmedical.com\/wp-content\/uploads\/2025\/01\/sku2-2.jpg\" alt=\"Zip line br\u016b\u010du aizdares ier\u012bce br\u016b\u010du apr\u016bpei, divpus\u0113jas spr\u0101dzes br\u016b\u010du aizdares ier\u012bce, jaunas paaudzes br\u016b\u010du aizdares ier\u012bce ar 3 spr\u0101dz\u0113m.\" class=\"wp-image-3700\" srcset=\"https:\/\/honsmedical.com\/wp-content\/uploads\/2025\/01\/sku2-2.jpg 800w, https:\/\/honsmedical.com\/wp-content\/uploads\/2025\/01\/sku2-2-300x300.jpg 300w, https:\/\/honsmedical.com\/wp-content\/uploads\/2025\/01\/sku2-2-150x150.jpg 150w, https:\/\/honsmedical.com\/wp-content\/uploads\/2025\/01\/sku2-2-768x768.jpg 768w, https:\/\/honsmedical.com\/wp-content\/uploads\/2025\/01\/sku2-2-600x600.jpg 600w, https:\/\/honsmedical.com\/wp-content\/uploads\/2025\/01\/sku2-2-100x100.jpg 100w\" sizes=\"(max-width: 800px) 100vw, 800px\" \/><\/figure>\n<\/figure>","protected":false},"excerpt":{"rendered":"<p>For videos on how to use the zip stitch wound closure device. Click here. Follow us on Linkedin for updated information.. For more zippered wound closure device. Click here.<\/p>","protected":false},"author":1,"featured_media":0,"parent":0,"menu_order":0,"comment_status":"closed","ping_status":"closed","template":"","meta":{"_surecart_dashboard_logo_width":"180px","_surecart_dashboard_show_logo":true,"_surecart_dashboard_navigation_orders":true,"_surecart_dashboard_navigation_invoices":true,"_surecart_dashboard_navigation_subscriptions":true,"_surecart_dashboard_navigation_downloads":true,"_surecart_dashboard_navigation_billing":true,"_surecart_dashboard_navigation_account":true,"_uag_custom_page_level_css":"","_monsterinsights_skip_tracking":false,"_monsterinsights_sitenote_active":false,"_monsterinsights_sitenote_note":"","_monsterinsights_sitenote_category":0,"site-sidebar-layout":"default","site-content-layout":"","ast-site-content-layout":"default","site-content-style":"default","site-sidebar-style":"default","ast-global-header-display":"","ast-banner-title-visibility":"","ast-main-header-display":"","ast-hfb-above-header-display":"","ast-hfb-below-header-display":"","ast-hfb-mobile-header-display":"","site-post-title":"","ast-breadcrumbs-content":"","ast-featured-img":"","footer-sml-layout":"","ast-disable-related-posts":"","theme-transparent-header-meta":"","adv-header-id-meta":"","stick-header-meta":"","header-above-stick-meta":"","header-main-stick-meta":"","header-below-stick-meta":"","astra-migrate-meta-layouts":"set","ast-page-background-enabled":"default","ast-page-background-meta":{"desktop":{"background-color":"var(--ast-global-color-4)","background-image":"","background-repeat":"repeat","background-position":"center center","background-size":"auto","background-attachment":"scroll","background-type":"","background-media":"","overlay-type":"","overlay-color":"","overlay-opacity":"","overlay-gradient":""},"tablet":{"background-color":"","background-image":"","background-repeat":"repeat","background-position":"center center","background-size":"auto","background-attachment":"scroll","background-type":"","background-media":"","overlay-type":"","overlay-color":"","overlay-opacity":"","overlay-gradient":""},"mobile":{"background-color":"","background-image":"","background-repeat":"repeat","background-position":"center center","background-size":"auto","background-attachment":"scroll","background-type":"","background-media":"","overlay-type":"","overlay-color":"","overlay-opacity":"","overlay-gradient":""}},"ast-content-background-meta":{"desktop":{"background-color":"var(--ast-global-color-5)","background-image":"","background-repeat":"repeat","background-position":"center center","background-size":"auto","background-attachment":"scroll","background-type":"","background-media":"","overlay-type":"","overlay-color":"","overlay-opacity":"","overlay-gradient":""},"tablet":{"background-color":"var(--ast-global-color-5)","background-image":"","background-repeat":"repeat","background-position":"center center","background-size":"auto","background-attachment":"scroll","background-type":"","background-media":"","overlay-type":"","overlay-color":"","overlay-opacity":"","overlay-gradient":""},"mobile":{"background-color":"var(--ast-global-color-5)","background-image":"","background-repeat":"repeat","background-position":"center center","background-size":"auto","background-attachment":"scroll","background-type":"","background-media":"","overlay-type":"","overlay-color":"","overlay-opacity":"","overlay-gradient":""}},"footnotes":""},"class_list":["post-3766","page","type-page","status-publish","hentry"],"uagb_featured_image_src":{"full":false,"thumbnail":false,"medium":false,"medium_large":false,"large":false,"1536x1536":false,"2048x2048":false,"trp-custom-language-flag":false,"woocommerce_thumbnail":false,"woocommerce_single":false,"woocommerce_gallery_thumbnail":false},"uagb_author_info":{"display_name":"HONS","author_link":"https:\/\/honsmedical.com\/lv\/author\/wopupu12\/"},"uagb_comment_info":0,"uagb_excerpt":"For videos on how to use the zip stitch wound closure device. Click here. Follow us on Linkedin for updated information.. For more zippered wound closure device. Click here.","_links":{"self":[{"href":"https:\/\/honsmedical.com\/lv\/wp-json\/wp\/v2\/pages\/3766","targetHints":{"allow":["GET"]}}],"collection":[{"href":"https:\/\/honsmedical.com\/lv\/wp-json\/wp\/v2\/pages"}],"about":[{"href":"https:\/\/honsmedical.com\/lv\/wp-json\/wp\/v2\/types\/page"}],"author":[{"embeddable":true,"href":"https:\/\/honsmedical.com\/lv\/wp-json\/wp\/v2\/users\/1"}],"replies":[{"embeddable":true,"href":"https:\/\/honsmedical.com\/lv\/wp-json\/wp\/v2\/comments?post=3766"}],"version-history":[{"count":5,"href":"https:\/\/honsmedical.com\/lv\/wp-json\/wp\/v2\/pages\/3766\/revisions"}],"predecessor-version":[{"id":4043,"href":"https:\/\/honsmedical.com\/lv\/wp-json\/wp\/v2\/pages\/3766\/revisions\/4043"}],"wp:attachment":[{"href":"https:\/\/honsmedical.com\/lv\/wp-json\/wp\/v2\/media?parent=3766"}],"curies":[{"name":"wp","href":"https:\/\/api.w.org\/{rel}","templated":true}]}}