{"id":4064,"date":"2025-03-27T02:46:48","date_gmt":"2025-03-27T02:46:48","guid":{"rendered":"https:\/\/honsmedical.com\/?post_type=product&#038;p=4064"},"modified":"2025-03-27T03:09:48","modified_gmt":"2025-03-27T03:09:48","slug":"zip-wound-closure-device-g2-1-buckle-white","status":"publish","type":"product","link":"https:\/\/honsmedical.com\/lt\/produktas\/zip-wound-closure-device-g2-1-buckle-white\/","title":{"rendered":"Zip \u017eaizdos u\u017edarymo \u012ftaisas G2 - baltas neaustinis audinys, vienpusis sagties u\u017edarymas"},"content":{"rendered":"<h2>Introduction to Wound Closure Device<\/h2>\n<p class=\"\" data-start=\"119\" data-end=\"609\">The Second Generation of Stitch-Free Wound Closure Strips utilizes advanced non-woven fabric technology. This innovative material offers enhanced flexibility and comfort, allowing for better adhesion and protection for the wound site. Unlike traditional sutures, these strips eliminate the need for stitching, which reduces both procedure time and the risk of infection. They are designed to conform smoothly to the skin, ensuring a secure and durable closure that promotes faster healing.<\/p>\n<p class=\"\" data-start=\"611\" data-end=\"1002\">Moreover, the non-woven fabric is breathable, allowing for improved airflow, which minimizes moisture buildup and further reduces the risk of infection. These strips are easy to apply, providing a non-invasive, painless alternative to stitches, making them ideal for patients of all ages. They are also discreet and comfortable, allowing for normal movement without discomfort or irritation.<\/p>\n<p class=\"\" data-start=\"1004\" data-end=\"1236\">With their unique design and advanced materials, these stitch-free wound closure strips are a practical solution for minor surgical incisions, cuts, or abrasions, offering a safer, quicker, and more convenient option for wound care.<\/p>\n<p>Key features include:<\/p>\n<ul>\n<li><strong>Number of buckless<\/strong>: 1<\/li>\n<li class=\"translation-block\"><strong>Vienpusis sagties u\u017esegimas:<\/strong>\u00a0u\u017esisega i\u0161 vienos pus\u0117s<\/li>\n<li><strong>Pakuot\u0117:<\/strong> 3pcs\/box for 1 buckle wound closure device<\/li>\n<li><strong>Dydis:<\/strong> 1.5cm\u00d78cm(0.59in\u00d73.1in)<\/li>\n<li class=\"translation-block\"><strong>Med\u017eiaga:<\/strong>\u00a0balta neaustin\u0117 med\u017eiaga<\/li>\n<li><strong>Needle-Free &amp; Painless:<\/strong>\u00a0No stitches required, reducing pain and discomfort.<\/li>\n<li class=\"translation-block\"><strong>U\u017etrauktuko stiliaus dizainas:<\/strong>\u00a0saugiai u\u017edarykite \u017eaizdas, tuo pa\u010diu lengvai reguliuokite.<\/li>\n<li class=\"translation-block\"><strong>Suma\u017eina rand\u0173 susidarym\u0105:<\/strong>\u00a0suma\u017eina odos \u012ftamp\u0105, kad geriau gyt\u0173.<\/li>\n<li class=\"translation-block\"><strong>Tvirtas sukibimas:<\/strong>\u00a0medicinin\u0117s klas\u0117s klijai u\u017etikrina tvirt\u0105 laikym\u0105si.<\/li>\n<li class=\"translation-block\"><strong>Lengva pritaikyti ir pa\u0161alinti:<\/strong>\u00a0greita, be r\u016bpes\u010di\u0173 programa, skirta profesionalams ir naudojimui namuose.<\/li>\n<li class=\"translation-block\"><strong>Galimi keli dyd\u017eiai:<\/strong> tinka \u012fvairi\u0173 tip\u0173 ir vietoms \u017eaizdoms.<\/li>\n<\/ul>\n<p>*Pra\u0161ome susisiekti info@honsmedical.com arba Whatsapp d\u0117l kainos.<\/p>\n<p>\u012evairi\u0173 tip\u0173 \u017eaizd\u0173 u\u017edarymo u\u017etrauktukais be dygsni\u0173 priemoni\u0173 rasite <a href=\"https:\/\/honsmedical.com\/en\/product\/\">\u0161iame puslapyje<\/a>.<\/p>\n<p>Instrukcij\u0173, kaip naudoti \u017eaizd\u0173 u\u017edarymo \u012ftais\u0105 be adat\u0173 chirurgijoje arba teikiant pirm\u0105j\u0105 pagalb\u0105, ie\u0161kokite vaizdo \u012fra\u0161uose. <a href=\"https:\/\/youtu.be\/kxTlBRHSlAI\" target=\"_blank\" rel=\"noopener\">\u010dia<\/a>.<\/p>\n<p>Sekite mus <a href=\"https:\/\/www.linkedin.com\/company\/hons-medical-technology-co-ltd\/\" target=\"_blank\" rel=\"noopener\">LinkedIn<\/a> atnaujintos informacijos.<\/p>\n<style id=\"wpforms-css-vars-3651\">\n\t\t\t\t#wpforms-3651 {\n\t\t\t\t\n\t\t\t}\n\t\t\t<\/style><div class=\"wpforms-container wpforms-container-full wpforms-render-modern\" id=\"wpforms-3651\"><form id=\"wpforms-form-3651\" class=\"wpforms-validate wpforms-form wpforms-ajax-form\" data-formid=\"3651\" method=\"post\" enctype=\"multipart\/form-data\" action=\"\/lt\/wp-json\/wp\/v2\/product\/4064\" data-token=\"96ca61ba85f07fcd26f12b427effc6cb\" data-token-time=\"1777650953\" data-trp-original-action=\"\/lt\/wp-json\/wp\/v2\/product\/4064\"><noscript class=\"wpforms-error-noscript\">Please enable JavaScript in your browser to complete this form.<\/noscript><div id=\"wpforms-error-noscript\" style=\"display: none;\">Please enable JavaScript in your browser to complete this form.<\/div><div class=\"wpforms-field-container\"><div id=\"wpforms-3651-field_1-container\" class=\"wpforms-field wpforms-field-name\" data-field-id=\"1\"><label class=\"wpforms-field-label\" for=\"wpforms-3651-field_1\">Vardas <span class=\"wpforms-required-label\" aria-hidden=\"true\">*<\/span><\/label><input type=\"text\" id=\"wpforms-3651-field_1\" class=\"wpforms-field-medium wpforms-field-required\" name=\"wpforms[fields][1]\" aria-errormessage=\"wpforms-3651-field_1-error\" required><\/div>\t\t<div id=\"wpforms-3651-field_4-container\"\n\t\t\tclass=\"wpforms-field wpforms-field-text\"\n\t\t\tdata-field-type=\"text\"\n\t\t\tdata-field-id=\"4\"\n\t\t\t>\n\t\t\t<label class=\"wpforms-field-label\" for=\"wpforms-3651-field_4\" >Name Message Comment<\/label>\n\t\t\t<input type=\"text\" id=\"wpforms-3651-field_4\" class=\"wpforms-field-medium\" name=\"wpforms[fields][4]\" >\n\t\t<\/div>\n\t\t<div id=\"wpforms-3651-field_2-container\" class=\"wpforms-field wpforms-field-email\" data-field-id=\"2\"><label class=\"wpforms-field-label\" for=\"wpforms-3651-field_2\">El. pa\u0161tas <span class=\"wpforms-required-label\" aria-hidden=\"true\">*<\/span><\/label><input type=\"email\" id=\"wpforms-3651-field_2\" class=\"wpforms-field-medium wpforms-field-required\" name=\"wpforms[fields][2]\" spellcheck=\"false\" aria-errormessage=\"wpforms-3651-field_2-error\" required><\/div><div id=\"wpforms-3651-field_3-container\" class=\"wpforms-field wpforms-field-textarea\" data-field-id=\"3\"><label class=\"wpforms-field-label\" for=\"wpforms-3651-field_3\">Komentuoti arba \u017einut\u0119 <span class=\"wpforms-required-label\" aria-hidden=\"true\">*<\/span><\/label><textarea id=\"wpforms-3651-field_3\" class=\"wpforms-field-medium wpforms-field-required\" name=\"wpforms[fields][3]\" aria-errormessage=\"wpforms-3651-field_3-error\" aria-describedby=\"wpforms-3651-field_3-description\" required><\/textarea><div id=\"wpforms-3651-field_3-description\" class=\"wpforms-field-description\">Palikite mums \u017einut\u0119 \u010dia. Atsakysime per 24 valandas. Jei po 24 valand\u0173 nematote m\u016bs\u0173 el. pa\u0161to, patikrinkite nepageidaujam\u0173 lai\u0161k\u0173 aplank\u0105 arba susisiekite su mumis dar kart\u0105.<\/div><\/div><script>\n\t\t\t\t( function() {\n\t\t\t\t\tconst style = document.createElement( 'style' );\n\t\t\t\t\tstyle.appendChild( document.createTextNode( '#wpforms-3651-field_4-container { position: absolute !important; overflow: hidden !important; display: inline !important; height: 1px !important; width: 1px !important; z-index: -1000 !important; padding: 0 !important; } #wpforms-3651-field_4-container input { visibility: hidden; } #wpforms-conversational-form-page #wpforms-3651-field_4-container label { counter-increment: none; }' ) );\n\t\t\t\t\tdocument.head.appendChild( style );\n\t\t\t\t\tdocument.currentScript?.remove();\n\t\t\t\t} )();\n\t\t\t<\/script><\/div><!-- .wpforms-field-container --><div class=\"wpforms-recaptcha-container wpforms-is-recaptcha wpforms-is-recaptcha-type-v2\" ><div class=\"g-recaptcha\" data-sitekey=\"6LernMkqAAAAAE7YbFnuzuzEaEZV6xXPn5PNTL4j\"><\/div><input type=\"text\" name=\"g-recaptcha-hidden\" class=\"wpforms-recaptcha-hidden\" style=\"position:absolute!important;clip:rect(0,0,0,0)!important;height:1px!important;width:1px!important;border:0!important;overflow:hidden!important;padding:0!important;margin:0!important;\" data-rule-recaptcha=\"1\"><\/div><div class=\"wpforms-submit-container\" ><input type=\"hidden\" name=\"wpforms[id]\" value=\"3651\"><input type=\"hidden\" name=\"page_title\" value=\"\"><input type=\"hidden\" name=\"page_url\" value=\"https:\/\/honsmedical.com\/lt\/wp-json\/wp\/v2\/product\/4064\"><input type=\"hidden\" name=\"url_referer\" value=\"\"><button type=\"submit\" name=\"wpforms[submit]\" id=\"wpforms-submit-3651\" class=\"wpforms-submit\" data-alt-text=\"Sending...\" data-submit-text=\"Submit\" aria-live=\"assertive\" value=\"wpforms-submit\">pateikti form\u0105<\/button><img decoding=\"async\" src=\"https:\/\/honsmedical.com\/wp-content\/plugins\/wpforms-lite\/assets\/images\/submit-spin.svg\" class=\"wpforms-submit-spinner\" style=\"display: none;\" width=\"26\" height=\"26\" alt=\"Loading\"><\/div><input type=\"hidden\" name=\"trp-form-language\" value=\"lt\"\/><\/form><\/div>  <!-- .wpforms-container -->","protected":false},"excerpt":{"rendered":"<p>Upgrade your wound care with our <strong data-start=\"98\" data-end=\"135\">Generation 2 Wound Closure Device<\/strong>, featuring a <strong data-start=\"149\" data-end=\"184\">high-quality white woven fabric<\/strong> for superior comfort and breathability. With a <strong data-start=\"232\" data-end=\"265\">single-side closure mechanism<\/strong>, it allows for quick, secure fastening from one side, making application easier than ever. Ideal for <strong data-start=\"367\" data-end=\"391\">emergency situations<\/strong>, this non-invasive solution helps reduce hospital visits while promoting fast and effective healing. Keep it in your first-aid kit for <strong data-start=\"527\" data-end=\"582\">reliable, hassle-free wound care\u2014anytime, anywhere!<\/strong><\/p>","protected":false},"featured_media":3682,"comment_status":"open","ping_status":"closed","template":"","meta":{"_surecart_dashboard_logo_width":"180px","_surecart_dashboard_show_logo":true,"_surecart_dashboard_navigation_orders":true,"_surecart_dashboard_navigation_invoices":true,"_surecart_dashboard_navigation_subscriptions":true,"_surecart_dashboard_navigation_downloads":true,"_surecart_dashboard_navigation_billing":true,"_surecart_dashboard_navigation_account":true,"_uag_custom_page_level_css":"","_monsterinsights_skip_tracking":false,"_monsterinsights_sitenote_active":false,"_monsterinsights_sitenote_note":"","_monsterinsights_sitenote_category":0,"site-sidebar-layout":"default","site-content-layout":"","ast-site-content-layout":"default","site-content-style":"default","site-sidebar-style":"default","ast-global-header-display":"","ast-banner-title-visibility":"","ast-main-header-display":"","ast-hfb-above-header-display":"","ast-hfb-below-header-display":"","ast-hfb-mobile-header-display":"","site-post-title":"","ast-breadcrumbs-content":"","ast-featured-img":"","footer-sml-layout":"","ast-disable-related-posts":"","theme-transparent-header-meta":"default","adv-header-id-meta":"","stick-header-meta":"","header-above-stick-meta":"","header-main-stick-meta":"","header-below-stick-meta":"","astra-migrate-meta-layouts":"set","ast-page-background-enabled":"default","ast-page-background-meta":{"desktop":{"background-color":"var(--ast-global-color-4)","background-image":"","background-repeat":"repeat","background-position":"center center","background-size":"auto","background-attachment":"scroll","background-type":"","background-media":"","overlay-type":"","overlay-color":"","overlay-opacity":"","overlay-gradient":""},"tablet":{"background-color":"","background-image":"","background-repeat":"repeat","background-position":"center center","background-size":"auto","background-attachment":"scroll","background-type":"","background-media":"","overlay-type":"","overlay-color":"","overlay-opacity":"","overlay-gradient":""},"mobile":{"background-color":"","background-image":"","background-repeat":"repeat","background-position":"center center","background-size":"auto","background-attachment":"scroll","background-type":"","background-media":"","overlay-type":"","overlay-color":"","overlay-opacity":"","overlay-gradient":""}},"ast-content-background-meta":{"desktop":{"background-color":"var(--ast-global-color-5)","background-image":"","background-repeat":"repeat","background-position":"center center","background-size":"auto","background-attachment":"scroll","background-type":"","background-media":"","overlay-type":"","overlay-color":"","overlay-opacity":"","overlay-gradient":""},"tablet":{"background-color":"var(--ast-global-color-5)","background-image":"","background-repeat":"repeat","background-position":"center center","background-size":"auto","background-attachment":"scroll","background-type":"","background-media":"","overlay-type":"","overlay-color":"","overlay-opacity":"","overlay-gradient":""},"mobile":{"background-color":"var(--ast-global-color-5)","background-image":"","background-repeat":"repeat","background-position":"center center","background-size":"auto","background-attachment":"scroll","background-type":"","background-media":"","overlay-type":"","overlay-color":"","overlay-opacity":"","overlay-gradient":""}}},"product_brand":[],"product_cat":[28],"product_tag":[220],"class_list":{"0":"post-4064","1":"product","2":"type-product","3":"status-publish","4":"has-post-thumbnail","6":"product_cat-wound-closure-device","7":"product_tag-single-side-closure","8":"desktop-align-left","9":"tablet-align-left","10":"mobile-align-left","12":"first","13":"instock","14":"featured","15":"shipping-taxable","16":"purchasable","17":"product-type-simple"},"uagb_featured_image_src":{"full":["https:\/\/honsmedical.com\/wp-content\/uploads\/2025\/01\/sku1.jpg",800,800,false],"thumbnail":["https:\/\/honsmedical.com\/wp-content\/uploads\/2025\/01\/sku1-150x150.jpg",150,150,true],"medium":["https:\/\/honsmedical.com\/wp-content\/uploads\/2025\/01\/sku1-300x300.jpg",300,300,true],"medium_large":["https:\/\/honsmedical.com\/wp-content\/uploads\/2025\/01\/sku1-768x768.jpg",768,768,true],"large":["https:\/\/honsmedical.com\/wp-content\/uploads\/2025\/01\/sku1.jpg",800,800,false],"1536x1536":["https:\/\/honsmedical.com\/wp-content\/uploads\/2025\/01\/sku1.jpg",800,800,false],"2048x2048":["https:\/\/honsmedical.com\/wp-content\/uploads\/2025\/01\/sku1.jpg",800,800,false],"trp-custom-language-flag":["https:\/\/honsmedical.com\/wp-content\/uploads\/2025\/01\/sku1.jpg",12,12,false],"woocommerce_thumbnail":["https:\/\/honsmedical.com\/wp-content\/uploads\/2025\/01\/sku1-300x300.jpg",300,300,true],"woocommerce_single":["https:\/\/honsmedical.com\/wp-content\/uploads\/2025\/01\/sku1-600x600.jpg",600,600,true],"woocommerce_gallery_thumbnail":["https:\/\/honsmedical.com\/wp-content\/uploads\/2025\/01\/sku1-100x100.jpg",100,100,true]},"uagb_author_info":{"display_name":"HONS","author_link":"https:\/\/honsmedical.com\/lt\/author\/"},"uagb_comment_info":0,"uagb_excerpt":"Upgrade your wound care with our Generation 2 Wound Closure Device, featuring a high-quality white woven fabric for superior comfort and breathability. With a single-side closure mechanism, it allows for quick, secure fastening from one side, making application easier than ever. Ideal for emergency situations, this non-invasive solution helps reduce hospital visits while promoting fast&hellip;","_links":{"self":[{"href":"https:\/\/honsmedical.com\/lt\/wp-json\/wp\/v2\/product\/4064","targetHints":{"allow":["GET"]}}],"collection":[{"href":"https:\/\/honsmedical.com\/lt\/wp-json\/wp\/v2\/product"}],"about":[{"href":"https:\/\/honsmedical.com\/lt\/wp-json\/wp\/v2\/types\/product"}],"replies":[{"embeddable":true,"href":"https:\/\/honsmedical.com\/lt\/wp-json\/wp\/v2\/comments?post=4064"}],"wp:featuredmedia":[{"embeddable":true,"href":"https:\/\/honsmedical.com\/lt\/wp-json\/wp\/v2\/media\/3682"}],"wp:attachment":[{"href":"https:\/\/honsmedical.com\/lt\/wp-json\/wp\/v2\/media?parent=4064"}],"wp:term":[{"taxonomy":"product_brand","embeddable":true,"href":"https:\/\/honsmedical.com\/lt\/wp-json\/wp\/v2\/product_brand?post=4064"},{"taxonomy":"product_cat","embeddable":true,"href":"https:\/\/honsmedical.com\/lt\/wp-json\/wp\/v2\/product_cat?post=4064"},{"taxonomy":"product_tag","embeddable":true,"href":"https:\/\/honsmedical.com\/lt\/wp-json\/wp\/v2\/product_tag?post=4064"}],"curies":[{"name":"wp","href":"https:\/\/api.w.org\/{rel}","templated":true}]}}