{"id":3766,"date":"2025-01-30T16:18:44","date_gmt":"2025-01-30T16:18:44","guid":{"rendered":"https:\/\/honsmedical.com\/?page_id=3766"},"modified":"2025-02-14T15:47:29","modified_gmt":"2025-02-14T15:47:29","slug":"blog-zip-stitch-wound-closure-device","status":"publish","type":"page","link":"https:\/\/honsmedical.com\/lt\/dienorascio-uztrauktuku-uzsegamas-zaizdos-uzdarymo-itaisas\/","title":{"rendered":"Dienora\u0161tis"},"content":{"rendered":"<div class=\"wp-block-uagb-post-grid uagb-post-grid  uagb-post__image-position-top uagb-post__image-enabled uagb-block-4c143a6a     uagb-post__items uagb-post__columns-3 is-grid uagb-post__columns-tablet-2 uagb-post__columns-mobile-1 uagb-post__equal-height\" data-total=\"1\" style=\"\">\n\n\t\t\t\t\t\t\t\t\t\t\t\t<article class=\"uagb-post__inner-wrap\">\t\t\t\t\t\t\t\t<h4 class=\"uagb-post__title uagb-post__text\">\n\t\t\t\t<a href=\"https:\/\/honsmedical.com\/lt\/kodel-uztrauktuku-zaizdos-uzdarymo-prietaisai-yra-butini-norint-greitesnio-gijimo-ir-geresnio-atsigavimo\/\" target=\"_self\" rel=\"bookmark noopener noreferrer\">Kod\u0117l \u017eaizd\u0173 u\u017edarymo u\u017etrauktuku \u012ftaisai yra b\u016btini greitesniam gijimui ir geresniam atsigavimui?<\/a>\n\t\t\t<\/h4>\n\t\t\t\t\t\t<div class='uagb-post__text uagb-post-grid-byline'>\n\t\t\t\t\t\t\t<\/div>\n\t\t\t\t\t\t\t<div class='uagb-post__text uagb-post__excerpt'>\n\t\t\t\t\t<p>U\u017etrauktuku u\u017edaromos \u017eaizdos u\u017edarymo \u012ftaisas, dar vadinamas u\u017etrauktuku u\u017edaromos \u017eaizdos u\u017edarymo sistema arba u\u017etrauktuku...\t\t\t\t<\/div>\n\t\t\t\t\t\t<div class=\"uagb-post__text uagb-post__cta wp-block-button\">\n\t\t\t\t<a class=\"wp-block-button__link uagb-text-link\" style=\"\" href=\"https:\/\/honsmedical.com\/lt\/kodel-uztrauktuku-zaizdos-uzdarymo-prietaisai-yra-butini-norint-greitesnio-gijimo-ir-geresnio-atsigavimo\/\" target=\"_self\" rel=\"bookmark noopener noreferrer\">Skaityti daugiau<\/a>\n\t\t\t<\/div>\n\t\t\t\n\t\t\t\t\t\t\t\t\t<\/article>\n\t\t\t\t\t\t\t\t\t\t\t\t\t\t\t\t<article class=\"uagb-post__inner-wrap\">\t\t\t\t\t\t\t\t<h4 class=\"uagb-post__title uagb-post__text\">\n\t\t\t\t<a href=\"https:\/\/honsmedical.com\/lt\/pirmosios-pagalbos-pagrindines-kaip-tvarkyti-zaizdas-ir-naudoti-uztrauktuku-susiuvineti-zaizdos-uzdarymo-itaisus\/\" target=\"_self\" rel=\"bookmark noopener noreferrer\">Pirmosios pagalbos pagrindai: kaip elgtis su \u017eaizdomis ir naudoti \u017eaizd\u0173 u\u017edarymo \u012ftaisus su u\u017etrauktuku<\/a>\n\t\t\t<\/h4>\n\t\t\t\t\t\t<div class='uagb-post__text uagb-post-grid-byline'>\n\t\t\t\t\t\t\t<\/div>\n\t\t\t\t\t\t\t<div class='uagb-post__text uagb-post__excerpt'>\n\t\t\t\t\t<p>Nelaimingi atsitikimai gali \u012fvykti bet kuriuo metu, tod\u0117l gali atsirasti \u012fpjovim\u0173 ir \u017eaizd\u0173, kurioms reikia nedelsiant suteikti pagalb\u0105....\t\t\t\t<\/div>\n\t\t\t\t\t\t<div class=\"uagb-post__text uagb-post__cta wp-block-button\">\n\t\t\t\t<a class=\"wp-block-button__link uagb-text-link\" style=\"\" href=\"https:\/\/honsmedical.com\/lt\/pirmosios-pagalbos-pagrindines-kaip-tvarkyti-zaizdas-ir-naudoti-uztrauktuku-susiuvineti-zaizdos-uzdarymo-itaisus\/\" target=\"_self\" rel=\"bookmark noopener noreferrer\">Skaityti daugiau<\/a>\n\t\t\t<\/div>\n\t\t\t\n\t\t\t\t\t\t\t\t\t<\/article>\n\t\t\t\t\t\t\t\t\t\t\t\t\t\t\t\t<article class=\"uagb-post__inner-wrap\">\t\t\t\t\t\t\t\t<h4 class=\"uagb-post__title uagb-post__text\">\n\t\t\t\t<a href=\"https:\/\/honsmedical.com\/lt\/kaip-naudoti-avarinis-plysimas-uzdarymas-juostos-uztrauktuku-dygsnio-zaizdos-uzdarymas\/\" target=\"_self\" rel=\"bookmark noopener noreferrer\">Kaip naudoti avarin\u0119 supl\u0117\u0161ymo juost\u0105 (\u017eaizdos u\u017esegimas u\u017etrauktuku)<\/a>\n\t\t\t<\/h4>\n\t\t\t\t\t\t<div class='uagb-post__text uagb-post-grid-byline'>\n\t\t\t\t\t\t\t<\/div>\n\t\t\t\t\t\t\t<div class='uagb-post__text uagb-post__excerpt'>\n\t\t\t\t\t<p>Skubios \u017eaizdos u\u017edarymo juosta, taip pat \u017einoma kaip \u017eaizdos u\u017edarymas u\u017etrauktuku, yra...\t\t\t\t<\/div>\n\t\t\t\t\t\t<div class=\"uagb-post__text uagb-post__cta wp-block-button\">\n\t\t\t\t<a class=\"wp-block-button__link uagb-text-link\" style=\"\" href=\"https:\/\/honsmedical.com\/lt\/kaip-naudoti-avarinis-plysimas-uzdarymas-juostos-uztrauktuku-dygsnio-zaizdos-uzdarymas\/\" target=\"_self\" rel=\"bookmark noopener noreferrer\">Skaityti daugiau<\/a>\n\t\t\t<\/div>\n\t\t\t\n\t\t\t\t\t\t\t\t\t<\/article>\n\t\t\t\t\t\t\t\t\t\t\t\t\t\t\t\t<article class=\"uagb-post__inner-wrap\">\t\t\t\t\t\t\t\t<h4 class=\"uagb-post__title uagb-post__text\">\n\t\t\t\t<a href=\"https:\/\/honsmedical.com\/lt\/kas-yra-zaizdos-uzdarymas-uztrauktuku-arba-odos-uzdarymas-uztrauktuku-hons-medical-geresne-siulu-ir-kabiu-alternatyva\/\" target=\"_self\" rel=\"bookmark noopener noreferrer\">Kas yra Zip dygsnio \u017eaizdos u\u017edarymas arba Zip odos u\u017edarymas? Geresn\u0117 alternatyva si\u016blams ir s\u0105var\u017eoms - \"Hons Medical<\/a>\n\t\t\t<\/h4>\n\t\t\t\t\t\t<div class='uagb-post__text uagb-post-grid-byline'>\n\t\t\t\t\t\t\t<\/div>\n\t\t\t\t\t\t\t<div class='uagb-post__text uagb-post__excerpt'>\n\t\t\t\t\t<p>\u017daizdos u\u017edarymas yra labai svarbus medicininio gydymo aspektas, turintis tiesiogin\u0117s \u012ftakos sveikimo laikui, infekcijos rizikai,...\t\t\t\t<\/div>\n\t\t\t\t\t\t<div class=\"uagb-post__text uagb-post__cta wp-block-button\">\n\t\t\t\t<a class=\"wp-block-button__link uagb-text-link\" style=\"\" href=\"https:\/\/honsmedical.com\/lt\/kas-yra-zaizdos-uzdarymas-uztrauktuku-arba-odos-uzdarymas-uztrauktuku-hons-medical-geresne-siulu-ir-kabiu-alternatyva\/\" target=\"_self\" rel=\"bookmark noopener noreferrer\">Skaityti daugiau<\/a>\n\t\t\t<\/div>\n\t\t\t\n\t\t\t\t\t\t\t\t\t<\/article>\n\t\t\t\t\t\t\t\t\t\t\t\t\t\t\t\t<article class=\"uagb-post__inner-wrap\">\t\t\t\t\t\t\t\t<h4 class=\"uagb-post__title uagb-post__text\">\n\t\t\t\t<a href=\"https:\/\/honsmedical.com\/lt\/kas-yra-zaizdos-uzdarymas-issamus-gijimo-ir-atsigavimo-vadovas\/\" target=\"_self\" rel=\"bookmark noopener noreferrer\">Kas yra \u017eaizdos u\u017edarymas? I\u0161samus gydymo ir atsigavimo vadovas<\/a>\n\t\t\t<\/h4>\n\t\t\t\t\t\t<div class='uagb-post__text uagb-post-grid-byline'>\n\t\t\t\t\t\t\t<\/div>\n\t\t\t\t\t\t\t<div class='uagb-post__text uagb-post__excerpt'>\n\t\t\t\t\t<p>\u017daizdos u\u017edarymas yra esmin\u0117 gijimo proceso dalis, kurios metu \u017eaizdos kra\u0161tai...\t\t\t\t<\/div>\n\t\t\t\t\t\t<div class=\"uagb-post__text uagb-post__cta wp-block-button\">\n\t\t\t\t<a class=\"wp-block-button__link uagb-text-link\" style=\"\" href=\"https:\/\/honsmedical.com\/lt\/kas-yra-zaizdos-uzdarymas-issamus-gijimo-ir-atsigavimo-vadovas\/\" target=\"_self\" rel=\"bookmark noopener noreferrer\">Skaityti daugiau<\/a>\n\t\t\t<\/div>\n\t\t\t\n\t\t\t\t\t\t\t\t\t<\/article>\n\t\t\t\t\t\t\t\t\t\t\t<\/div>\n\t\t\t\n\n\n<h2 class=\"wp-block-heading has-medium-font-size\">Vaizdo \u012fra\u0161ai apie tai, kaip naudoti \u017eaizdos u\u017edarymo \u012ftais\u0105 \"zip stitch\". <a href=\"https:\/\/honsmedical.com\/en\/video-use-laceration-surgical-zipper\/\">Spauskite \u010dia<\/a>.<\/h2>\n\n\n\n<p class=\"has-medium-font-size\"><a href=\"https:\/\/www.linkedin.com\/company\/hons-medical-technology-co-ltd\/\" target=\"_blank\" rel=\"noopener\">Sekite mus \"Linkedin\", kad gautum\u0117te naujausi\u0105 informacij\u0105..<\/a><\/p>\n\n\n\n<p class=\"has-medium-font-size\">Daugiau u\u017etrauktuku u\u017esegamas \u017eaizd\u0173 u\u017edarymo \u012ftaisas. <a href=\"https:\/\/honsmedical.com\/en\/products\/wound-closure-device-g1\/\">Spauskite \u010dia.<\/a><\/p>\n\n\n\n<figure class=\"wp-block-gallery has-nested-images columns-4 is-cropped wp-block-gallery-1 is-layout-flex wp-block-gallery-is-layout-flex\">\n<figure class=\"wp-block-image size-large\"><img fetchpriority=\"high\" decoding=\"async\" width=\"800\" height=\"800\" data-id=\"3703\" src=\"https:\/\/honsmedical.com\/wp-content\/uploads\/2025\/01\/sku1-2.jpg\" alt=\"Zip dygsnio \u017eaizdos u\u017edarymo \u012ftaisas, Zip juostel\u0117 pl\u0117\u0161tinei \u017eaizdai, Neinvazinis u\u017etrauktuko \u017eaizdos u\u017edarymo tvarstis, Dvigubos sagties \u017eaizdos u\u017edarymo \u012ftaisas, naujos kartos \u017eaizdos u\u017edarymo \u012ftaisas su 1 sagtimi, skirtas pirmajai pagalbai\" class=\"wp-image-3703\" srcset=\"https:\/\/honsmedical.com\/wp-content\/uploads\/2025\/01\/sku1-2.jpg 800w, https:\/\/honsmedical.com\/wp-content\/uploads\/2025\/01\/sku1-2-300x300.jpg 300w, https:\/\/honsmedical.com\/wp-content\/uploads\/2025\/01\/sku1-2-150x150.jpg 150w, https:\/\/honsmedical.com\/wp-content\/uploads\/2025\/01\/sku1-2-768x768.jpg 768w, https:\/\/honsmedical.com\/wp-content\/uploads\/2025\/01\/sku1-2-600x600.jpg 600w, https:\/\/honsmedical.com\/wp-content\/uploads\/2025\/01\/sku1-2-100x100.jpg 100w\" sizes=\"(max-width: 800px) 100vw, 800px\" \/><\/figure>\n\n\n\n<figure class=\"wp-block-image size-large\"><img decoding=\"async\" width=\"800\" height=\"800\" data-id=\"3702\" src=\"https:\/\/honsmedical.com\/wp-content\/uploads\/2025\/01\/sku4-2.jpg\" alt=\"u\u017etrauktuku u\u017esegamas odos \u017eaizd\u0173 u\u017edarymo \u012ftaisas, dvigubos sagties \u017eaizd\u0173 u\u017edarymo \u012ftaisas, naujos kartos \u017eaizd\u0173 u\u017edarymo \u012ftaisas su 10 sag\u010di\u0173\" class=\"wp-image-3702\" srcset=\"https:\/\/honsmedical.com\/wp-content\/uploads\/2025\/01\/sku4-2.jpg 800w, https:\/\/honsmedical.com\/wp-content\/uploads\/2025\/01\/sku4-2-300x300.jpg 300w, https:\/\/honsmedical.com\/wp-content\/uploads\/2025\/01\/sku4-2-150x150.jpg 150w, https:\/\/honsmedical.com\/wp-content\/uploads\/2025\/01\/sku4-2-768x768.jpg 768w, https:\/\/honsmedical.com\/wp-content\/uploads\/2025\/01\/sku4-2-600x600.jpg 600w, https:\/\/honsmedical.com\/wp-content\/uploads\/2025\/01\/sku4-2-100x100.jpg 100w\" sizes=\"(max-width: 800px) 100vw, 800px\" \/><\/figure>\n\n\n\n<figure class=\"wp-block-image size-large\"><img decoding=\"async\" width=\"800\" height=\"800\" data-id=\"3701\" src=\"https:\/\/honsmedical.com\/wp-content\/uploads\/2025\/01\/sku3-2.jpg\" alt=\"U\u017etrauktuku u\u017esegama \u017eaizdos u\u017edarymo juostel\u0117, dvigubos sagties \u017eaizdos u\u017edarymo \u012ftaisas, naujos kartos \u017eaizdos u\u017edarymo \u012ftaisas su 8 sagtimis\" class=\"wp-image-3701\" srcset=\"https:\/\/honsmedical.com\/wp-content\/uploads\/2025\/01\/sku3-2.jpg 800w, https:\/\/honsmedical.com\/wp-content\/uploads\/2025\/01\/sku3-2-300x300.jpg 300w, https:\/\/honsmedical.com\/wp-content\/uploads\/2025\/01\/sku3-2-150x150.jpg 150w, https:\/\/honsmedical.com\/wp-content\/uploads\/2025\/01\/sku3-2-768x768.jpg 768w, https:\/\/honsmedical.com\/wp-content\/uploads\/2025\/01\/sku3-2-600x600.jpg 600w, https:\/\/honsmedical.com\/wp-content\/uploads\/2025\/01\/sku3-2-100x100.jpg 100w\" sizes=\"(max-width: 800px) 100vw, 800px\" \/><\/figure>\n\n\n\n<figure class=\"wp-block-image size-large\"><img loading=\"lazy\" decoding=\"async\" width=\"800\" height=\"800\" data-id=\"3700\" src=\"https:\/\/honsmedical.com\/wp-content\/uploads\/2025\/01\/sku2-2.jpg\" alt=\"\u017daizd\u0173 u\u017edarymo \u012ftaisas su u\u017etrauktuku, skirtas \u017eaizd\u0173 prie\u017ei\u016brai, dvipus\u0117s sagties \u017eaizd\u0173 u\u017edarymo \u012ftaisas, naujos kartos \u017eaizd\u0173 u\u017edarymo \u012ftaisas su 3 sagtimis\" class=\"wp-image-3700\" srcset=\"https:\/\/honsmedical.com\/wp-content\/uploads\/2025\/01\/sku2-2.jpg 800w, https:\/\/honsmedical.com\/wp-content\/uploads\/2025\/01\/sku2-2-300x300.jpg 300w, https:\/\/honsmedical.com\/wp-content\/uploads\/2025\/01\/sku2-2-150x150.jpg 150w, https:\/\/honsmedical.com\/wp-content\/uploads\/2025\/01\/sku2-2-768x768.jpg 768w, https:\/\/honsmedical.com\/wp-content\/uploads\/2025\/01\/sku2-2-600x600.jpg 600w, https:\/\/honsmedical.com\/wp-content\/uploads\/2025\/01\/sku2-2-100x100.jpg 100w\" sizes=\"(max-width: 800px) 100vw, 800px\" \/><\/figure>\n<\/figure>","protected":false},"excerpt":{"rendered":"<p>For videos on how to use the zip stitch wound closure device. Click here. Follow us on Linkedin for updated information.. For more zippered wound closure device. Click here.<\/p>","protected":false},"author":1,"featured_media":0,"parent":0,"menu_order":0,"comment_status":"closed","ping_status":"closed","template":"","meta":{"_surecart_dashboard_logo_width":"180px","_surecart_dashboard_show_logo":true,"_surecart_dashboard_navigation_orders":true,"_surecart_dashboard_navigation_invoices":true,"_surecart_dashboard_navigation_subscriptions":true,"_surecart_dashboard_navigation_downloads":true,"_surecart_dashboard_navigation_billing":true,"_surecart_dashboard_navigation_account":true,"_uag_custom_page_level_css":"","_monsterinsights_skip_tracking":false,"_monsterinsights_sitenote_active":false,"_monsterinsights_sitenote_note":"","_monsterinsights_sitenote_category":0,"site-sidebar-layout":"default","site-content-layout":"","ast-site-content-layout":"default","site-content-style":"default","site-sidebar-style":"default","ast-global-header-display":"","ast-banner-title-visibility":"","ast-main-header-display":"","ast-hfb-above-header-display":"","ast-hfb-below-header-display":"","ast-hfb-mobile-header-display":"","site-post-title":"","ast-breadcrumbs-content":"","ast-featured-img":"","footer-sml-layout":"","ast-disable-related-posts":"","theme-transparent-header-meta":"","adv-header-id-meta":"","stick-header-meta":"","header-above-stick-meta":"","header-main-stick-meta":"","header-below-stick-meta":"","astra-migrate-meta-layouts":"set","ast-page-background-enabled":"default","ast-page-background-meta":{"desktop":{"background-color":"var(--ast-global-color-4)","background-image":"","background-repeat":"repeat","background-position":"center center","background-size":"auto","background-attachment":"scroll","background-type":"","background-media":"","overlay-type":"","overlay-color":"","overlay-opacity":"","overlay-gradient":""},"tablet":{"background-color":"","background-image":"","background-repeat":"repeat","background-position":"center center","background-size":"auto","background-attachment":"scroll","background-type":"","background-media":"","overlay-type":"","overlay-color":"","overlay-opacity":"","overlay-gradient":""},"mobile":{"background-color":"","background-image":"","background-repeat":"repeat","background-position":"center center","background-size":"auto","background-attachment":"scroll","background-type":"","background-media":"","overlay-type":"","overlay-color":"","overlay-opacity":"","overlay-gradient":""}},"ast-content-background-meta":{"desktop":{"background-color":"var(--ast-global-color-5)","background-image":"","background-repeat":"repeat","background-position":"center center","background-size":"auto","background-attachment":"scroll","background-type":"","background-media":"","overlay-type":"","overlay-color":"","overlay-opacity":"","overlay-gradient":""},"tablet":{"background-color":"var(--ast-global-color-5)","background-image":"","background-repeat":"repeat","background-position":"center center","background-size":"auto","background-attachment":"scroll","background-type":"","background-media":"","overlay-type":"","overlay-color":"","overlay-opacity":"","overlay-gradient":""},"mobile":{"background-color":"var(--ast-global-color-5)","background-image":"","background-repeat":"repeat","background-position":"center center","background-size":"auto","background-attachment":"scroll","background-type":"","background-media":"","overlay-type":"","overlay-color":"","overlay-opacity":"","overlay-gradient":""}},"footnotes":""},"class_list":["post-3766","page","type-page","status-publish","hentry"],"uagb_featured_image_src":{"full":false,"thumbnail":false,"medium":false,"medium_large":false,"large":false,"1536x1536":false,"2048x2048":false,"trp-custom-language-flag":false,"woocommerce_thumbnail":false,"woocommerce_single":false,"woocommerce_gallery_thumbnail":false},"uagb_author_info":{"display_name":"HONS","author_link":"https:\/\/honsmedical.com\/lt\/author\/wopupu12\/"},"uagb_comment_info":0,"uagb_excerpt":"For videos on how to use the zip stitch wound closure device. Click here. Follow us on Linkedin for updated information.. For more zippered wound closure device. Click here.","_links":{"self":[{"href":"https:\/\/honsmedical.com\/lt\/wp-json\/wp\/v2\/pages\/3766","targetHints":{"allow":["GET"]}}],"collection":[{"href":"https:\/\/honsmedical.com\/lt\/wp-json\/wp\/v2\/pages"}],"about":[{"href":"https:\/\/honsmedical.com\/lt\/wp-json\/wp\/v2\/types\/page"}],"author":[{"embeddable":true,"href":"https:\/\/honsmedical.com\/lt\/wp-json\/wp\/v2\/users\/1"}],"replies":[{"embeddable":true,"href":"https:\/\/honsmedical.com\/lt\/wp-json\/wp\/v2\/comments?post=3766"}],"version-history":[{"count":5,"href":"https:\/\/honsmedical.com\/lt\/wp-json\/wp\/v2\/pages\/3766\/revisions"}],"predecessor-version":[{"id":4043,"href":"https:\/\/honsmedical.com\/lt\/wp-json\/wp\/v2\/pages\/3766\/revisions\/4043"}],"wp:attachment":[{"href":"https:\/\/honsmedical.com\/lt\/wp-json\/wp\/v2\/media?parent=3766"}],"curies":[{"name":"wp","href":"https:\/\/api.w.org\/{rel}","templated":true}]}}