{"id":4058,"date":"2025-03-27T02:05:39","date_gmt":"2025-03-27T02:05:39","guid":{"rendered":"https:\/\/honsmedical.com\/?post_type=product&#038;p=4058"},"modified":"2025-03-27T02:46:39","modified_gmt":"2025-03-27T02:46:39","slug":"wound-closure-device-g1-10-buckles","status":"publish","type":"product","link":"https:\/\/honsmedical.com\/is\/product\/wound-closure-device-g1-10-buckles\/","title":{"rendered":"Wound Closure Device G1 &#8211; 10 buckles, Double-side buckles"},"content":{"rendered":"<h2>Introduction to Wound Closure Device<\/h2>\n<p>Our\u00a0 <strong>Zipper Style <b>Wound Closure Strip <\/b><\/strong>offers a revolutionary, non-suture solution for quick and effective wound healing. Key features include:<\/p>\n<ul>\n<li><b><\/b><strong><b>Number of Clips: <\/b><\/strong>10<\/li>\n<li><b><\/b><strong><b>Package:<\/b><\/strong>1pcs\/bag<\/li>\n<li><strong>Double-side Closure:<\/strong> Fasten from both sides<\/li>\n<li><b><\/b><strong><b>Size:<\/b><\/strong>\u00a020cm\u00d76cm(7.9in\u00d72.4in)<\/li>\n<li><b><\/b><strong><b>Material:<\/b><\/strong>PU<\/li>\n<li class=\"translation-block\"><strong>Hr\u00f6\u00f0 l\u00e6kning<\/strong>: Fl\u00fdtir bataferlinu me\u00f0 \u00fev\u00ed a\u00f0 loka s\u00e1rum \u00e1 \u00f6ruggan h\u00e1tt.<\/li>\n<li class=\"translation-block\"><strong>Engin \u00fe\u00f6rf \u00e1 saumum<\/strong>: \u00datr\u00fdma \u00fe\u00f6rfinni fyrir sauma, sem dregur \u00far \u00f3\u00fe\u00e6gindum.<\/li>\n<li class=\"translation-block\"><strong>Painless Application<\/strong>: Designed for comfort during and after use.<\/li>\n<li class=\"translation-block\"><strong>Teygjanlegt s\u00e1rabindi<\/strong>: Veitir stillanlega \u00fej\u00f6ppun fyrir betri stu\u00f0ning og hra\u00f0ari l\u00e6kningu.<\/li>\n<li class=\"translation-block\"><strong>Ofn\u00e6misvaldandi efni<\/strong>: \u00d6ruggt fyrir vi\u00f0kv\u00e6ma h\u00fa\u00f0, \u00fear me\u00f0 tali\u00f0 barnshafandi konur og b\u00f6rn.v<\/li>\n<li class=\"translation-block\"><strong>\u00d6rlaus l\u00e6kning<\/strong>: Hj\u00e1lpar til vi\u00f0 a\u00f0 draga \u00far \u00f6rum til a\u00f0 n\u00e1 m\u00fdkri bata.<\/li>\n<li class=\"translation-block\"><strong>Au\u00f0velt \u00ed notkun<\/strong>: Flj\u00f3tlegt og einfalt \u00ed notkun, sem sparar t\u00edma fyrir heilbrig\u00f0isstarfsmenn.<\/li>\n<\/ul>\n<p>Perfect for both professional medical settings and at-home care, the <strong><b>Zipper style wound closure<\/b><\/strong>\u00a0is the first step toward efficient, pain-free recovery.<\/p>\n<p>*Please contact info@honsmedical.com or Whatsapp us for price.<\/p>\n<p>For different types of stitch-free zip wound closure devices, please visit <a href=\"https:\/\/honsmedical.com\/en\/shop-2\/\">this page<\/a>.<\/p>\n<p>For instructions on how to use needle-free wound closure device in surgy or first aid, please watch videos <a href=\"https:\/\/youtu.be\/kxTlBRHSlAI\" target=\"_blank\" rel=\"noopener\">here<\/a>.<\/p>\n<p>Follow us on <a href=\"https:\/\/www.linkedin.com\/company\/hons-medical-technology-co-ltd\/\" target=\"_blank\" rel=\"noopener\">LinkedIn<\/a> for updated information.<\/p>\n<style id=\"wpforms-css-vars-3651\">\n\t\t\t\t#wpforms-3651 {\n\t\t\t\t\n\t\t\t}\n\t\t\t<\/style><div class=\"wpforms-container wpforms-container-full wpforms-render-modern\" id=\"wpforms-3651\"><form id=\"wpforms-form-3651\" class=\"wpforms-validate wpforms-form wpforms-ajax-form\" data-formid=\"3651\" method=\"post\" enctype=\"multipart\/form-data\" action=\"\/is\/wp-json\/wp\/v2\/product\/4058\" data-token=\"96ca61ba85f07fcd26f12b427effc6cb\" data-token-time=\"1777637025\" data-trp-original-action=\"\/is\/wp-json\/wp\/v2\/product\/4058\"><noscript class=\"wpforms-error-noscript\">Please enable JavaScript in your browser to complete this form.<\/noscript><div id=\"wpforms-error-noscript\" style=\"display: none;\">Please enable JavaScript in your browser to complete this form.<\/div><div class=\"wpforms-field-container\">\t\t<div id=\"wpforms-3651-field_4-container\"\n\t\t\tclass=\"wpforms-field wpforms-field-text\"\n\t\t\tdata-field-type=\"text\"\n\t\t\tdata-field-id=\"4\"\n\t\t\t>\n\t\t\t<label class=\"wpforms-field-label\" for=\"wpforms-3651-field_4\" >or Email Comment<\/label>\n\t\t\t<input type=\"text\" id=\"wpforms-3651-field_4\" class=\"wpforms-field-medium\" name=\"wpforms[fields][4]\" >\n\t\t<\/div>\n\t\t<div id=\"wpforms-3651-field_1-container\" class=\"wpforms-field wpforms-field-name\" data-field-id=\"1\"><label class=\"wpforms-field-label\" for=\"wpforms-3651-field_1\">Nafn <span class=\"wpforms-required-label\" aria-hidden=\"true\">*<\/span><\/label><input type=\"text\" id=\"wpforms-3651-field_1\" class=\"wpforms-field-medium wpforms-field-required\" name=\"wpforms[fields][1]\" aria-errormessage=\"wpforms-3651-field_1-error\" required><\/div><div id=\"wpforms-3651-field_2-container\" class=\"wpforms-field wpforms-field-email\" data-field-id=\"2\"><label class=\"wpforms-field-label\" for=\"wpforms-3651-field_2\">T\u00f6lvup\u00f3stur <span class=\"wpforms-required-label\" aria-hidden=\"true\">*<\/span><\/label><input type=\"email\" id=\"wpforms-3651-field_2\" class=\"wpforms-field-medium wpforms-field-required\" name=\"wpforms[fields][2]\" spellcheck=\"false\" aria-errormessage=\"wpforms-3651-field_2-error\" required><\/div><div id=\"wpforms-3651-field_3-container\" class=\"wpforms-field wpforms-field-textarea\" data-field-id=\"3\"><label class=\"wpforms-field-label\" for=\"wpforms-3651-field_3\">Athugasemd e\u00f0a skilabo\u00f0 <span class=\"wpforms-required-label\" aria-hidden=\"true\">*<\/span><\/label><textarea id=\"wpforms-3651-field_3\" class=\"wpforms-field-medium wpforms-field-required\" name=\"wpforms[fields][3]\" aria-errormessage=\"wpforms-3651-field_3-error\" aria-describedby=\"wpforms-3651-field_3-description\" required><\/textarea><div id=\"wpforms-3651-field_3-description\" class=\"wpforms-field-description\">Please leave us a message here. We will reply within 24 hours. If you do not see our email after 24 hours, please check your spam folder or contact us again.<\/div><\/div><script>\n\t\t\t\t( function() {\n\t\t\t\t\tconst style = document.createElement( 'style' );\n\t\t\t\t\tstyle.appendChild( document.createTextNode( '#wpforms-3651-field_4-container { position: absolute !important; overflow: hidden !important; display: inline !important; height: 1px !important; width: 1px !important; z-index: -1000 !important; padding: 0 !important; } #wpforms-3651-field_4-container input { visibility: hidden; } #wpforms-conversational-form-page #wpforms-3651-field_4-container label { counter-increment: none; }' ) );\n\t\t\t\t\tdocument.head.appendChild( style );\n\t\t\t\t\tdocument.currentScript?.remove();\n\t\t\t\t} )();\n\t\t\t<\/script><\/div><!-- .wpforms-field-container --><div class=\"wpforms-recaptcha-container wpforms-is-recaptcha wpforms-is-recaptcha-type-v2\" ><div class=\"g-recaptcha\" data-sitekey=\"6LernMkqAAAAAE7YbFnuzuzEaEZV6xXPn5PNTL4j\"><\/div><input type=\"text\" name=\"g-recaptcha-hidden\" class=\"wpforms-recaptcha-hidden\" style=\"position:absolute!important;clip:rect(0,0,0,0)!important;height:1px!important;width:1px!important;border:0!important;overflow:hidden!important;padding:0!important;margin:0!important;\" data-rule-recaptcha=\"1\"><\/div><div class=\"wpforms-submit-container\" ><input type=\"hidden\" name=\"wpforms[id]\" value=\"3651\"><input type=\"hidden\" name=\"page_title\" value=\"\"><input type=\"hidden\" name=\"page_url\" value=\"https:\/\/honsmedical.com\/is\/wp-json\/wp\/v2\/product\/4058\"><input type=\"hidden\" name=\"url_referer\" value=\"\"><button type=\"submit\" name=\"wpforms[submit]\" id=\"wpforms-submit-3651\" class=\"wpforms-submit\" data-alt-text=\"Sending...\" data-submit-text=\"Submit\" aria-live=\"assertive\" value=\"wpforms-submit\">senda inn ey\u00f0ubla\u00f0i\u00f0<\/button><img decoding=\"async\" src=\"https:\/\/honsmedical.com\/wp-content\/plugins\/wpforms-lite\/assets\/images\/submit-spin.svg\" class=\"wpforms-submit-spinner\" style=\"display: none;\" width=\"26\" height=\"26\" alt=\"Loading\"><\/div><input type=\"hidden\" name=\"trp-form-language\" value=\"is\"\/><\/form><\/div>  <!-- .wpforms-container -->","protected":false},"excerpt":{"rendered":"<p>This extended version is perfect for larger wounds, such as surgical incisions.<\/p>\n<p>It offers essential <strong>emergency wound care<\/strong> when immediate medical attention isn&#8217;t accessible\u2014ideal for situations where distance or circumstances prevent a trip to the emergency room. Stay prepared and protected when it matters most!<\/p>","protected":false},"featured_media":3680,"comment_status":"open","ping_status":"closed","template":"","meta":{"_surecart_dashboard_logo_width":"180px","_surecart_dashboard_show_logo":true,"_surecart_dashboard_navigation_orders":true,"_surecart_dashboard_navigation_invoices":true,"_surecart_dashboard_navigation_subscriptions":true,"_surecart_dashboard_navigation_downloads":true,"_surecart_dashboard_navigation_billing":true,"_surecart_dashboard_navigation_account":true,"_uag_custom_page_level_css":"","_monsterinsights_skip_tracking":false,"_monsterinsights_sitenote_active":false,"_monsterinsights_sitenote_note":"","_monsterinsights_sitenote_category":0,"site-sidebar-layout":"default","site-content-layout":"","ast-site-content-layout":"default","site-content-style":"default","site-sidebar-style":"default","ast-global-header-display":"","ast-banner-title-visibility":"","ast-main-header-display":"","ast-hfb-above-header-display":"","ast-hfb-below-header-display":"","ast-hfb-mobile-header-display":"","site-post-title":"","ast-breadcrumbs-content":"","ast-featured-img":"","footer-sml-layout":"","ast-disable-related-posts":"","theme-transparent-header-meta":"default","adv-header-id-meta":"","stick-header-meta":"","header-above-stick-meta":"","header-main-stick-meta":"","header-below-stick-meta":"","astra-migrate-meta-layouts":"set","ast-page-background-enabled":"default","ast-page-background-meta":{"desktop":{"background-color":"var(--ast-global-color-4)","background-image":"","background-repeat":"repeat","background-position":"center center","background-size":"auto","background-attachment":"scroll","background-type":"","background-media":"","overlay-type":"","overlay-color":"","overlay-opacity":"","overlay-gradient":""},"tablet":{"background-color":"","background-image":"","background-repeat":"repeat","background-position":"center center","background-size":"auto","background-attachment":"scroll","background-type":"","background-media":"","overlay-type":"","overlay-color":"","overlay-opacity":"","overlay-gradient":""},"mobile":{"background-color":"","background-image":"","background-repeat":"repeat","background-position":"center center","background-size":"auto","background-attachment":"scroll","background-type":"","background-media":"","overlay-type":"","overlay-color":"","overlay-opacity":"","overlay-gradient":""}},"ast-content-background-meta":{"desktop":{"background-color":"var(--ast-global-color-5)","background-image":"","background-repeat":"repeat","background-position":"center center","background-size":"auto","background-attachment":"scroll","background-type":"","background-media":"","overlay-type":"","overlay-color":"","overlay-opacity":"","overlay-gradient":""},"tablet":{"background-color":"var(--ast-global-color-5)","background-image":"","background-repeat":"repeat","background-position":"center center","background-size":"auto","background-attachment":"scroll","background-type":"","background-media":"","overlay-type":"","overlay-color":"","overlay-opacity":"","overlay-gradient":""},"mobile":{"background-color":"var(--ast-global-color-5)","background-image":"","background-repeat":"repeat","background-position":"center center","background-size":"auto","background-attachment":"scroll","background-type":"","background-media":"","overlay-type":"","overlay-color":"","overlay-opacity":"","overlay-gradient":""}}},"product_brand":[],"product_cat":[28],"product_tag":[219],"class_list":{"0":"post-4058","1":"product","2":"type-product","3":"status-publish","4":"has-post-thumbnail","6":"product_cat-wound-closure-device","7":"product_tag-double-side-wound-closure","8":"desktop-align-left","9":"tablet-align-left","10":"mobile-align-left","12":"first","13":"instock","14":"featured","15":"shipping-taxable","16":"purchasable","17":"product-type-simple"},"uagb_featured_image_src":{"full":["https:\/\/honsmedical.com\/wp-content\/uploads\/2025\/01\/5-1.jpg",800,800,false],"thumbnail":["https:\/\/honsmedical.com\/wp-content\/uploads\/2025\/01\/5-1-150x150.jpg",150,150,true],"medium":["https:\/\/honsmedical.com\/wp-content\/uploads\/2025\/01\/5-1-300x300.jpg",300,300,true],"medium_large":["https:\/\/honsmedical.com\/wp-content\/uploads\/2025\/01\/5-1-768x768.jpg",768,768,true],"large":["https:\/\/honsmedical.com\/wp-content\/uploads\/2025\/01\/5-1.jpg",800,800,false],"1536x1536":["https:\/\/honsmedical.com\/wp-content\/uploads\/2025\/01\/5-1.jpg",800,800,false],"2048x2048":["https:\/\/honsmedical.com\/wp-content\/uploads\/2025\/01\/5-1.jpg",800,800,false],"trp-custom-language-flag":["https:\/\/honsmedical.com\/wp-content\/uploads\/2025\/01\/5-1.jpg",12,12,false],"woocommerce_thumbnail":["https:\/\/honsmedical.com\/wp-content\/uploads\/2025\/01\/5-1-300x300.jpg",300,300,true],"woocommerce_single":["https:\/\/honsmedical.com\/wp-content\/uploads\/2025\/01\/5-1-600x600.jpg",600,600,true],"woocommerce_gallery_thumbnail":["https:\/\/honsmedical.com\/wp-content\/uploads\/2025\/01\/5-1-100x100.jpg",100,100,true]},"uagb_author_info":{"display_name":"HONS","author_link":"https:\/\/honsmedical.com\/is\/author\/"},"uagb_comment_info":0,"uagb_excerpt":"This extended version is perfect for larger wounds, such as surgical incisions. It offers essential emergency wound care when immediate medical attention isn't accessible\u2014ideal for situations where distance or circumstances prevent a trip to the emergency room. Stay prepared and protected when it matters most!","_links":{"self":[{"href":"https:\/\/honsmedical.com\/is\/wp-json\/wp\/v2\/product\/4058","targetHints":{"allow":["GET"]}}],"collection":[{"href":"https:\/\/honsmedical.com\/is\/wp-json\/wp\/v2\/product"}],"about":[{"href":"https:\/\/honsmedical.com\/is\/wp-json\/wp\/v2\/types\/product"}],"replies":[{"embeddable":true,"href":"https:\/\/honsmedical.com\/is\/wp-json\/wp\/v2\/comments?post=4058"}],"wp:featuredmedia":[{"embeddable":true,"href":"https:\/\/honsmedical.com\/is\/wp-json\/wp\/v2\/media\/3680"}],"wp:attachment":[{"href":"https:\/\/honsmedical.com\/is\/wp-json\/wp\/v2\/media?parent=4058"}],"wp:term":[{"taxonomy":"product_brand","embeddable":true,"href":"https:\/\/honsmedical.com\/is\/wp-json\/wp\/v2\/product_brand?post=4058"},{"taxonomy":"product_cat","embeddable":true,"href":"https:\/\/honsmedical.com\/is\/wp-json\/wp\/v2\/product_cat?post=4058"},{"taxonomy":"product_tag","embeddable":true,"href":"https:\/\/honsmedical.com\/is\/wp-json\/wp\/v2\/product_tag?post=4058"}],"curies":[{"name":"wp","href":"https:\/\/api.w.org\/{rel}","templated":true}]}}