{"id":3766,"date":"2025-01-30T16:18:44","date_gmt":"2025-01-30T16:18:44","guid":{"rendered":"https:\/\/honsmedical.com\/?page_id=3766"},"modified":"2025-02-14T15:47:29","modified_gmt":"2025-02-14T15:47:29","slug":"blog-zip-stitch-wound-closure-device","status":"publish","type":"page","link":"https:\/\/honsmedical.com\/hu\/blog-cipzaras-sebzaro-eszkoz\/","title":{"rendered":"Blog"},"content":{"rendered":"<div class=\"wp-block-uagb-post-grid uagb-post-grid  uagb-post__image-position-top uagb-post__image-enabled uagb-block-4c143a6a     uagb-post__items uagb-post__columns-3 is-grid uagb-post__columns-tablet-2 uagb-post__columns-mobile-1 uagb-post__equal-height\" data-total=\"1\" style=\"\">\n\n\t\t\t\t\t\t\t\t\t\t\t\t<article class=\"uagb-post__inner-wrap\">\t\t\t\t\t\t\t\t<h4 class=\"uagb-post__title uagb-post__text\">\n\t\t\t\t<a href=\"https:\/\/honsmedical.com\/hu\/miert-nelkulozhetetlenek-a-cipzaras-sebzarasi-eszkozok-a-gyorsabb-gyogyulashoz-es-a-jobb-gyogyulashoz\/\" target=\"_self\" rel=\"bookmark noopener noreferrer\">Mi\u00e9rt n\u00e9lk\u00fcl\u00f6zhetetlenek a cipz\u00e1ros sebz\u00e1r\u00f3 eszk\u00f6z\u00f6k a gyorsabb gy\u00f3gyul\u00e1shoz \u00e9s a jobb fel\u00e9p\u00fcl\u00e9shez?<\/a>\n\t\t\t<\/h4>\n\t\t\t\t\t\t<div class='uagb-post__text uagb-post-grid-byline'>\n\t\t\t\t\t\t\t<\/div>\n\t\t\t\t\t\t\t<div class='uagb-post__text uagb-post__excerpt'>\n\t\t\t\t\t<p>Cipz\u00e1ras sebz\u00e1r\u00f3 eszk\u00f6z, m\u00e1s n\u00e9ven cipz\u00e1ras sebz\u00e1r\u00f3 rendszer vagy cipz\u00e1ras...\t\t\t\t<\/div>\n\t\t\t\t\t\t<div class=\"uagb-post__text uagb-post__cta wp-block-button\">\n\t\t\t\t<a class=\"wp-block-button__link uagb-text-link\" style=\"\" href=\"https:\/\/honsmedical.com\/hu\/miert-nelkulozhetetlenek-a-cipzaras-sebzarasi-eszkozok-a-gyorsabb-gyogyulashoz-es-a-jobb-gyogyulashoz\/\" target=\"_self\" rel=\"bookmark noopener noreferrer\">Olvass tov\u00e1bb<\/a>\n\t\t\t<\/div>\n\t\t\t\n\t\t\t\t\t\t\t\t\t<\/article>\n\t\t\t\t\t\t\t\t\t\t\t\t\t\t\t\t<article class=\"uagb-post__inner-wrap\">\t\t\t\t\t\t\t\t<h4 class=\"uagb-post__title uagb-post__text\">\n\t\t\t\t<a href=\"https:\/\/honsmedical.com\/hu\/elsosegelynyujtas-a-sebek-kezelese-es-a-cipzaras-sebzaro-eszkozok-hasznalata\/\" target=\"_self\" rel=\"bookmark noopener noreferrer\">Els\u0151seg\u00e9lyny\u00fajt\u00e1s: Hogyan kezelj\u00fck a sebeket \u00e9s haszn\u00e1ljunk cipz\u00e1ras sebz\u00e1r\u00f3 eszk\u00f6z\u00f6ket<\/a>\n\t\t\t<\/h4>\n\t\t\t\t\t\t<div class='uagb-post__text uagb-post-grid-byline'>\n\t\t\t\t\t\t\t<\/div>\n\t\t\t\t\t\t\t<div class='uagb-post__text uagb-post__excerpt'>\n\t\t\t\t\t<p>Baleset b\u00e1rmikor t\u00f6rt\u00e9nhet, ami olyan v\u00e1g\u00e1sokhoz \u00e9s sebekhez vezethet, amelyek azonnali figyelmet ig\u00e9nyelnek ....\t\t\t\t<\/div>\n\t\t\t\t\t\t<div class=\"uagb-post__text uagb-post__cta wp-block-button\">\n\t\t\t\t<a class=\"wp-block-button__link uagb-text-link\" style=\"\" href=\"https:\/\/honsmedical.com\/hu\/elsosegelynyujtas-a-sebek-kezelese-es-a-cipzaras-sebzaro-eszkozok-hasznalata\/\" target=\"_self\" rel=\"bookmark noopener noreferrer\">Olvass tov\u00e1bb<\/a>\n\t\t\t<\/div>\n\t\t\t\n\t\t\t\t\t\t\t\t\t<\/article>\n\t\t\t\t\t\t\t\t\t\t\t\t\t\t\t\t<article class=\"uagb-post__inner-wrap\">\t\t\t\t\t\t\t\t<h4 class=\"uagb-post__title uagb-post__text\">\n\t\t\t\t<a href=\"https:\/\/honsmedical.com\/hu\/a-surgossegi-szakadasos-zaras-cipzaras-sebzaras-hasznalat-modja\/\" target=\"_self\" rel=\"bookmark noopener noreferrer\">A s\u00fcrg\u0151ss\u00e9gi szakad\u00e1sos z\u00e1r\u00f3szalag (cipz\u00e1ros sebz\u00e1r) haszn\u00e1lata<\/a>\n\t\t\t<\/h4>\n\t\t\t\t\t\t<div class='uagb-post__text uagb-post-grid-byline'>\n\t\t\t\t\t\t\t<\/div>\n\t\t\t\t\t\t\t<div class='uagb-post__text uagb-post__excerpt'>\n\t\t\t\t\t<p>A s\u00fcrg\u0151ss\u00e9gi sebz\u00e1r\u00f3 szalag, m\u00e1s n\u00e9ven Zip Stitch Wound Closure, egy...\t\t\t\t<\/div>\n\t\t\t\t\t\t<div class=\"uagb-post__text uagb-post__cta wp-block-button\">\n\t\t\t\t<a class=\"wp-block-button__link uagb-text-link\" style=\"\" href=\"https:\/\/honsmedical.com\/hu\/a-surgossegi-szakadasos-zaras-cipzaras-sebzaras-hasznalat-modja\/\" target=\"_self\" rel=\"bookmark noopener noreferrer\">Olvass tov\u00e1bb<\/a>\n\t\t\t<\/div>\n\t\t\t\n\t\t\t\t\t\t\t\t\t<\/article>\n\t\t\t\t\t\t\t\t\t\t\t\t\t\t\t\t<article class=\"uagb-post__inner-wrap\">\t\t\t\t\t\t\t\t<h4 class=\"uagb-post__title uagb-post__text\">\n\t\t\t\t<a href=\"https:\/\/honsmedical.com\/hu\/mi-az-a-cipzaras-sebzaras-vagy-cipzaros-borzaras-a-varratok-es-kapcsok-jobb-alternativaja-a-hons-medicaltol\/\" target=\"_self\" rel=\"bookmark noopener noreferrer\">Mi az a cipz\u00e1ras varratos sebz\u00e1r\u00e1s vagy cipz\u00e1ras b\u0151rz\u00e1r\u00e1s? A varratok \u00e9s kapcsok jobb alternat\u00edv\u00e1ja a Hons Medical \u00e1ltal<\/a>\n\t\t\t<\/h4>\n\t\t\t\t\t\t<div class='uagb-post__text uagb-post-grid-byline'>\n\t\t\t\t\t\t\t<\/div>\n\t\t\t\t\t\t\t<div class='uagb-post__text uagb-post__excerpt'>\n\t\t\t\t\t<p>A sebz\u00e1r\u00e1s az orvosi kezel\u00e9s kritikus szempontja, amely k\u00f6zvetlen\u00fcl befoly\u00e1solja a gy\u00f3gyul\u00e1si id\u0151t, a fert\u0151z\u00e9s kock\u00e1zat\u00e1t,...\t\t\t\t<\/div>\n\t\t\t\t\t\t<div class=\"uagb-post__text uagb-post__cta wp-block-button\">\n\t\t\t\t<a class=\"wp-block-button__link uagb-text-link\" style=\"\" href=\"https:\/\/honsmedical.com\/hu\/mi-az-a-cipzaras-sebzaras-vagy-cipzaros-borzaras-a-varratok-es-kapcsok-jobb-alternativaja-a-hons-medicaltol\/\" target=\"_self\" rel=\"bookmark noopener noreferrer\">Olvass tov\u00e1bb<\/a>\n\t\t\t<\/div>\n\t\t\t\n\t\t\t\t\t\t\t\t\t<\/article>\n\t\t\t\t\t\t\t\t\t\t\t\t\t\t\t\t<article class=\"uagb-post__inner-wrap\">\t\t\t\t\t\t\t\t<h4 class=\"uagb-post__title uagb-post__text\">\n\t\t\t\t<a href=\"https:\/\/honsmedical.com\/hu\/mi-a-sebzaras-atfogo-utmutato-a-gyogyulashoz-es-felepuleshez\/\" target=\"_self\" rel=\"bookmark noopener noreferrer\">Mi az a sebz\u00e1r\u00e1s? \u00c1tfog\u00f3 \u00fatmutat\u00f3 a gy\u00f3gyul\u00e1shoz \u00e9s fel\u00e9p\u00fcl\u00e9shez<\/a>\n\t\t\t<\/h4>\n\t\t\t\t\t\t<div class='uagb-post__text uagb-post-grid-byline'>\n\t\t\t\t\t\t\t<\/div>\n\t\t\t\t\t\t\t<div class='uagb-post__text uagb-post__excerpt'>\n\t\t\t\t\t<p>A sebz\u00e1r\u00e1s a gy\u00f3gyul\u00e1si folyamat l\u00e9nyeges r\u00e9sze, amely mag\u00e1ban foglalja a sz\u00e9lek...\t\t\t\t<\/div>\n\t\t\t\t\t\t<div class=\"uagb-post__text uagb-post__cta wp-block-button\">\n\t\t\t\t<a class=\"wp-block-button__link uagb-text-link\" style=\"\" href=\"https:\/\/honsmedical.com\/hu\/mi-a-sebzaras-atfogo-utmutato-a-gyogyulashoz-es-felepuleshez\/\" target=\"_self\" rel=\"bookmark noopener noreferrer\">Olvass tov\u00e1bb<\/a>\n\t\t\t<\/div>\n\t\t\t\n\t\t\t\t\t\t\t\t\t<\/article>\n\t\t\t\t\t\t\t\t\t\t\t<\/div>\n\t\t\t\n\n\n<h2 class=\"wp-block-heading has-medium-font-size\">A zip-\u00f6lt\u00e9ses sebz\u00e1r\u00f3 eszk\u00f6z haszn\u00e1lat\u00e1r\u00f3l sz\u00f3l\u00f3 vide\u00f3k\u00e9rt. <a href=\"https:\/\/honsmedical.com\/en\/video-use-laceration-surgical-zipper\/\">Kattintson ide<\/a>.<\/h2>\n\n\n\n<p class=\"has-medium-font-size\"><a href=\"https:\/\/www.linkedin.com\/company\/hons-medical-technology-co-ltd\/\" target=\"_blank\" rel=\"noopener\">K\u00f6vessen minket a Linkedin-en friss inform\u00e1ci\u00f3k\u00e9rt..<\/a><\/p>\n\n\n\n<p class=\"has-medium-font-size\">Tov\u00e1bbi cipz\u00e1ras sebz\u00e1r\u00f3 eszk\u00f6z. <a href=\"https:\/\/honsmedical.com\/en\/products\/wound-closure-device-g1\/\">Kattintson ide.<\/a><\/p>\n\n\n\n<figure class=\"wp-block-gallery has-nested-images columns-4 is-cropped wp-block-gallery-1 is-layout-flex wp-block-gallery-is-layout-flex\">\n<figure class=\"wp-block-image size-large\"><img fetchpriority=\"high\" decoding=\"async\" width=\"800\" height=\"800\" data-id=\"3703\" src=\"https:\/\/honsmedical.com\/wp-content\/uploads\/2025\/01\/sku1-2.jpg\" alt=\"Zip varr\u00e1s sebz\u00e1r\u00f3 eszk\u00f6z, Zip szalag szakad\u00e1shoz, nem invaz\u00edv zip sebz\u00e1r\u00f3 k\u00f6t\u00e9s, k\u00e9toldali csatos sebz\u00e1r\u00f3 eszk\u00f6z, \u00faj gener\u00e1ci\u00f3s sebz\u00e1r\u00e1s 1 csattal az els\u0151seg\u00e9lyny\u00fajt\u00e1shoz\" class=\"wp-image-3703\" srcset=\"https:\/\/honsmedical.com\/wp-content\/uploads\/2025\/01\/sku1-2.jpg 800w, https:\/\/honsmedical.com\/wp-content\/uploads\/2025\/01\/sku1-2-300x300.jpg 300w, https:\/\/honsmedical.com\/wp-content\/uploads\/2025\/01\/sku1-2-150x150.jpg 150w, https:\/\/honsmedical.com\/wp-content\/uploads\/2025\/01\/sku1-2-768x768.jpg 768w, https:\/\/honsmedical.com\/wp-content\/uploads\/2025\/01\/sku1-2-600x600.jpg 600w, https:\/\/honsmedical.com\/wp-content\/uploads\/2025\/01\/sku1-2-100x100.jpg 100w\" sizes=\"(max-width: 800px) 100vw, 800px\" \/><\/figure>\n\n\n\n<figure class=\"wp-block-image size-large\"><img decoding=\"async\" width=\"800\" height=\"800\" data-id=\"3702\" src=\"https:\/\/honsmedical.com\/wp-content\/uploads\/2025\/01\/sku4-2.jpg\" alt=\"zip b\u0151r sebz\u00e1r\u00f3 eszk\u00f6z, dupla oldals\u00f3 csatos sebz\u00e1r\u00f3 eszk\u00f6z, \u00faj gener\u00e1ci\u00f3s sebz\u00e1r\u00f3 eszk\u00f6z 10 csattal\" class=\"wp-image-3702\" srcset=\"https:\/\/honsmedical.com\/wp-content\/uploads\/2025\/01\/sku4-2.jpg 800w, https:\/\/honsmedical.com\/wp-content\/uploads\/2025\/01\/sku4-2-300x300.jpg 300w, https:\/\/honsmedical.com\/wp-content\/uploads\/2025\/01\/sku4-2-150x150.jpg 150w, https:\/\/honsmedical.com\/wp-content\/uploads\/2025\/01\/sku4-2-768x768.jpg 768w, https:\/\/honsmedical.com\/wp-content\/uploads\/2025\/01\/sku4-2-600x600.jpg 600w, https:\/\/honsmedical.com\/wp-content\/uploads\/2025\/01\/sku4-2-100x100.jpg 100w\" sizes=\"(max-width: 800px) 100vw, 800px\" \/><\/figure>\n\n\n\n<figure class=\"wp-block-image size-large\"><img decoding=\"async\" width=\"800\" height=\"800\" data-id=\"3701\" src=\"https:\/\/honsmedical.com\/wp-content\/uploads\/2025\/01\/sku3-2.jpg\" alt=\"Cipz\u00e1ras sebz\u00e1r\u00f3 szalag, dupla oldals\u00f3 csatos sebz\u00e1r\u00f3 eszk\u00f6z, a sebz\u00e1r\u00e1s \u00faj gener\u00e1ci\u00f3ja 8 csattal\" class=\"wp-image-3701\" srcset=\"https:\/\/honsmedical.com\/wp-content\/uploads\/2025\/01\/sku3-2.jpg 800w, https:\/\/honsmedical.com\/wp-content\/uploads\/2025\/01\/sku3-2-300x300.jpg 300w, https:\/\/honsmedical.com\/wp-content\/uploads\/2025\/01\/sku3-2-150x150.jpg 150w, https:\/\/honsmedical.com\/wp-content\/uploads\/2025\/01\/sku3-2-768x768.jpg 768w, https:\/\/honsmedical.com\/wp-content\/uploads\/2025\/01\/sku3-2-600x600.jpg 600w, https:\/\/honsmedical.com\/wp-content\/uploads\/2025\/01\/sku3-2-100x100.jpg 100w\" sizes=\"(max-width: 800px) 100vw, 800px\" \/><\/figure>\n\n\n\n<figure class=\"wp-block-image size-large\"><img loading=\"lazy\" decoding=\"async\" width=\"800\" height=\"800\" data-id=\"3700\" src=\"https:\/\/honsmedical.com\/wp-content\/uploads\/2025\/01\/sku2-2.jpg\" alt=\"Zip line sebz\u00e1r\u00f3 eszk\u00f6z a sebell\u00e1t\u00e1shoz, k\u00e9toldali csatos sebz\u00e1r\u00f3 eszk\u00f6z, \u00faj gener\u00e1ci\u00f3s sebz\u00e1r\u00e1s 3 csattal\" class=\"wp-image-3700\" srcset=\"https:\/\/honsmedical.com\/wp-content\/uploads\/2025\/01\/sku2-2.jpg 800w, https:\/\/honsmedical.com\/wp-content\/uploads\/2025\/01\/sku2-2-300x300.jpg 300w, https:\/\/honsmedical.com\/wp-content\/uploads\/2025\/01\/sku2-2-150x150.jpg 150w, https:\/\/honsmedical.com\/wp-content\/uploads\/2025\/01\/sku2-2-768x768.jpg 768w, https:\/\/honsmedical.com\/wp-content\/uploads\/2025\/01\/sku2-2-600x600.jpg 600w, https:\/\/honsmedical.com\/wp-content\/uploads\/2025\/01\/sku2-2-100x100.jpg 100w\" sizes=\"(max-width: 800px) 100vw, 800px\" \/><\/figure>\n<\/figure>","protected":false},"excerpt":{"rendered":"<p>For videos on how to use the zip stitch wound closure device. Click here. Follow us on Linkedin for updated information.. For more zippered wound closure device. Click here.<\/p>","protected":false},"author":1,"featured_media":0,"parent":0,"menu_order":0,"comment_status":"closed","ping_status":"closed","template":"","meta":{"_surecart_dashboard_logo_width":"180px","_surecart_dashboard_show_logo":true,"_surecart_dashboard_navigation_orders":true,"_surecart_dashboard_navigation_invoices":true,"_surecart_dashboard_navigation_subscriptions":true,"_surecart_dashboard_navigation_downloads":true,"_surecart_dashboard_navigation_billing":true,"_surecart_dashboard_navigation_account":true,"_uag_custom_page_level_css":"","_monsterinsights_skip_tracking":false,"_monsterinsights_sitenote_active":false,"_monsterinsights_sitenote_note":"","_monsterinsights_sitenote_category":0,"site-sidebar-layout":"default","site-content-layout":"","ast-site-content-layout":"default","site-content-style":"default","site-sidebar-style":"default","ast-global-header-display":"","ast-banner-title-visibility":"","ast-main-header-display":"","ast-hfb-above-header-display":"","ast-hfb-below-header-display":"","ast-hfb-mobile-header-display":"","site-post-title":"","ast-breadcrumbs-content":"","ast-featured-img":"","footer-sml-layout":"","ast-disable-related-posts":"","theme-transparent-header-meta":"","adv-header-id-meta":"","stick-header-meta":"","header-above-stick-meta":"","header-main-stick-meta":"","header-below-stick-meta":"","astra-migrate-meta-layouts":"set","ast-page-background-enabled":"default","ast-page-background-meta":{"desktop":{"background-color":"var(--ast-global-color-4)","background-image":"","background-repeat":"repeat","background-position":"center center","background-size":"auto","background-attachment":"scroll","background-type":"","background-media":"","overlay-type":"","overlay-color":"","overlay-opacity":"","overlay-gradient":""},"tablet":{"background-color":"","background-image":"","background-repeat":"repeat","background-position":"center center","background-size":"auto","background-attachment":"scroll","background-type":"","background-media":"","overlay-type":"","overlay-color":"","overlay-opacity":"","overlay-gradient":""},"mobile":{"background-color":"","background-image":"","background-repeat":"repeat","background-position":"center center","background-size":"auto","background-attachment":"scroll","background-type":"","background-media":"","overlay-type":"","overlay-color":"","overlay-opacity":"","overlay-gradient":""}},"ast-content-background-meta":{"desktop":{"background-color":"var(--ast-global-color-5)","background-image":"","background-repeat":"repeat","background-position":"center center","background-size":"auto","background-attachment":"scroll","background-type":"","background-media":"","overlay-type":"","overlay-color":"","overlay-opacity":"","overlay-gradient":""},"tablet":{"background-color":"var(--ast-global-color-5)","background-image":"","background-repeat":"repeat","background-position":"center center","background-size":"auto","background-attachment":"scroll","background-type":"","background-media":"","overlay-type":"","overlay-color":"","overlay-opacity":"","overlay-gradient":""},"mobile":{"background-color":"var(--ast-global-color-5)","background-image":"","background-repeat":"repeat","background-position":"center center","background-size":"auto","background-attachment":"scroll","background-type":"","background-media":"","overlay-type":"","overlay-color":"","overlay-opacity":"","overlay-gradient":""}},"footnotes":""},"class_list":["post-3766","page","type-page","status-publish","hentry"],"uagb_featured_image_src":{"full":false,"thumbnail":false,"medium":false,"medium_large":false,"large":false,"1536x1536":false,"2048x2048":false,"trp-custom-language-flag":false,"woocommerce_thumbnail":false,"woocommerce_single":false,"woocommerce_gallery_thumbnail":false},"uagb_author_info":{"display_name":"HONS","author_link":"https:\/\/honsmedical.com\/hu\/author\/wopupu12\/"},"uagb_comment_info":0,"uagb_excerpt":"For videos on how to use the zip stitch wound closure device. Click here. Follow us on Linkedin for updated information.. For more zippered wound closure device. Click here.","_links":{"self":[{"href":"https:\/\/honsmedical.com\/hu\/wp-json\/wp\/v2\/pages\/3766","targetHints":{"allow":["GET"]}}],"collection":[{"href":"https:\/\/honsmedical.com\/hu\/wp-json\/wp\/v2\/pages"}],"about":[{"href":"https:\/\/honsmedical.com\/hu\/wp-json\/wp\/v2\/types\/page"}],"author":[{"embeddable":true,"href":"https:\/\/honsmedical.com\/hu\/wp-json\/wp\/v2\/users\/1"}],"replies":[{"embeddable":true,"href":"https:\/\/honsmedical.com\/hu\/wp-json\/wp\/v2\/comments?post=3766"}],"version-history":[{"count":5,"href":"https:\/\/honsmedical.com\/hu\/wp-json\/wp\/v2\/pages\/3766\/revisions"}],"predecessor-version":[{"id":4043,"href":"https:\/\/honsmedical.com\/hu\/wp-json\/wp\/v2\/pages\/3766\/revisions\/4043"}],"wp:attachment":[{"href":"https:\/\/honsmedical.com\/hu\/wp-json\/wp\/v2\/media?parent=3766"}],"curies":[{"name":"wp","href":"https:\/\/api.w.org\/{rel}","templated":true}]}}