{"id":3766,"date":"2025-01-30T16:18:44","date_gmt":"2025-01-30T16:18:44","guid":{"rendered":"https:\/\/honsmedical.com\/?page_id=3766"},"modified":"2025-02-14T15:47:29","modified_gmt":"2025-02-14T15:47:29","slug":"blog-zip-stitch-wound-closure-device","status":"publish","type":"page","link":"https:\/\/honsmedical.com\/fr\/dispositif-de-fermeture-de-plaies-a-points-zip-blog\/","title":{"rendered":"Blog"},"content":{"rendered":"<div class=\"wp-block-uagb-post-grid uagb-post-grid  uagb-post__image-position-top uagb-post__image-enabled uagb-block-4c143a6a     uagb-post__items uagb-post__columns-3 is-grid uagb-post__columns-tablet-2 uagb-post__columns-mobile-1 uagb-post__equal-height\" data-total=\"1\" style=\"\">\n\n\t\t\t\t\t\t\t\t\t\t\t\t<article class=\"uagb-post__inner-wrap\">\t\t\t\t\t\t\t\t<h4 class=\"uagb-post__title uagb-post__text\">\n\t\t\t\t<a href=\"https:\/\/honsmedical.com\/fr\/pourquoi-les-dispositifs-de-fermeture-des-plaies-a-zip-sont-essentiels-pour-une-cicatrisation-plus-rapide-et-une-meilleure-recuperation\/\" target=\"_self\" rel=\"bookmark noopener noreferrer\">Pourquoi les dispositifs de fermeture des plaies Zip sont-ils essentiels pour une gu\u00e9rison plus rapide et une meilleure r\u00e9cup\u00e9ration\u00a0?<\/a>\n\t\t\t<\/h4>\n\t\t\t\t\t\t<div class='uagb-post__text uagb-post-grid-byline'>\n\t\t\t\t\t\t\t<\/div>\n\t\t\t\t\t\t\t<div class='uagb-post__text uagb-post__excerpt'>\n\t\t\t\t\t<p>Un dispositif de fermeture de plaie \u00e0 glissi\u00e8re, \u00e9galement connu sous le nom de syst\u00e8me de fermeture de plaie \u00e0 glissi\u00e8re ou...\t\t\t\t<\/div>\n\t\t\t\t\t\t<div class=\"uagb-post__text uagb-post__cta wp-block-button\">\n\t\t\t\t<a class=\"wp-block-button__link uagb-text-link\" style=\"\" href=\"https:\/\/honsmedical.com\/fr\/pourquoi-les-dispositifs-de-fermeture-des-plaies-a-zip-sont-essentiels-pour-une-cicatrisation-plus-rapide-et-une-meilleure-recuperation\/\" target=\"_self\" rel=\"bookmark noopener noreferrer\">Lire la suite<\/a>\n\t\t\t<\/div>\n\t\t\t\n\t\t\t\t\t\t\t\t\t<\/article>\n\t\t\t\t\t\t\t\t\t\t\t\t\t\t\t\t<article class=\"uagb-post__inner-wrap\">\t\t\t\t\t\t\t\t<h4 class=\"uagb-post__title uagb-post__text\">\n\t\t\t\t<a href=\"https:\/\/honsmedical.com\/fr\/premiers-secours-comment-manipuler-les-plaies-et-utiliser-des-dispositifs-de-fermeture-des-plaies-a-points-de-suture-zippes\/\" target=\"_self\" rel=\"bookmark noopener noreferrer\">Premiers secours essentiels : comment traiter les plaies et utiliser des dispositifs de fermeture de plaies \u00e0 points zipp\u00e9s<\/a>\n\t\t\t<\/h4>\n\t\t\t\t\t\t<div class='uagb-post__text uagb-post-grid-byline'>\n\t\t\t\t\t\t\t<\/div>\n\t\t\t\t\t\t\t<div class='uagb-post__text uagb-post__excerpt'>\n\t\t\t\t\t<p>Les accidents peuvent survenir \u00e0 tout moment, entra\u00eenant des coupures et des blessures qui n\u00e9cessitent une attention imm\u00e9diate....\t\t\t\t<\/div>\n\t\t\t\t\t\t<div class=\"uagb-post__text uagb-post__cta wp-block-button\">\n\t\t\t\t<a class=\"wp-block-button__link uagb-text-link\" style=\"\" href=\"https:\/\/honsmedical.com\/fr\/premiers-secours-comment-manipuler-les-plaies-et-utiliser-des-dispositifs-de-fermeture-des-plaies-a-points-de-suture-zippes\/\" target=\"_self\" rel=\"bookmark noopener noreferrer\">Lire la suite<\/a>\n\t\t\t<\/div>\n\t\t\t\n\t\t\t\t\t\t\t\t\t<\/article>\n\t\t\t\t\t\t\t\t\t\t\t\t\t\t\t\t<article class=\"uagb-post__inner-wrap\">\t\t\t\t\t\t\t\t<h4 class=\"uagb-post__title uagb-post__text\">\n\t\t\t\t<a href=\"https:\/\/honsmedical.com\/fr\/comment-utiliser-une-bande-de-fermeture-de-laceration-durgence-fermeture-de-plaie-a-point-fermeture-a-glissiere\/\" target=\"_self\" rel=\"bookmark noopener noreferrer\">Comment utiliser une bande de fermeture de plaie en cas de lac\u00e9ration d'urgence (fermeture de plaie par points zipp\u00e9s)<\/a>\n\t\t\t<\/h4>\n\t\t\t\t\t\t<div class='uagb-post__text uagb-post-grid-byline'>\n\t\t\t\t\t\t\t<\/div>\n\t\t\t\t\t\t\t<div class='uagb-post__text uagb-post__excerpt'>\n\t\t\t\t\t<p>Une bande de fermeture de lac\u00e9ration d'urgence, \u00e9galement connue sous le nom de fermeture de plaie par fermeture \u00e9clair, est un...\t\t\t\t<\/div>\n\t\t\t\t\t\t<div class=\"uagb-post__text uagb-post__cta wp-block-button\">\n\t\t\t\t<a class=\"wp-block-button__link uagb-text-link\" style=\"\" href=\"https:\/\/honsmedical.com\/fr\/comment-utiliser-une-bande-de-fermeture-de-laceration-durgence-fermeture-de-plaie-a-point-fermeture-a-glissiere\/\" target=\"_self\" rel=\"bookmark noopener noreferrer\">Lire la suite<\/a>\n\t\t\t<\/div>\n\t\t\t\n\t\t\t\t\t\t\t\t\t<\/article>\n\t\t\t\t\t\t\t\t\t\t\t\t\t\t\t\t<article class=\"uagb-post__inner-wrap\">\t\t\t\t\t\t\t\t<h4 class=\"uagb-post__title uagb-post__text\">\n\t\t\t\t<a href=\"https:\/\/honsmedical.com\/fr\/quest-ce-que-la-fermeture-de-plaie-par-points-de-suture-ou-la-fermeture-cutanee-par-points-de-suture-une-meilleure-alternative-aux-sutures-et-aux-agrafes-par-hons-medical\/\" target=\"_self\" rel=\"bookmark noopener noreferrer\">Qu'est-ce que la fermeture de plaie par points de suture ou la fermeture de peau par points de suture ? Une meilleure alternative aux sutures et aux agrafes par Hons Medical<\/a>\n\t\t\t<\/h4>\n\t\t\t\t\t\t<div class='uagb-post__text uagb-post-grid-byline'>\n\t\t\t\t\t\t\t<\/div>\n\t\t\t\t\t\t\t<div class='uagb-post__text uagb-post__excerpt'>\n\t\t\t\t\t<p>La fermeture des plaies est un aspect critique du traitement m\u00e9dical, influen\u00e7ant directement le temps de gu\u00e9rison, le risque d'infection,...\t\t\t\t<\/div>\n\t\t\t\t\t\t<div class=\"uagb-post__text uagb-post__cta wp-block-button\">\n\t\t\t\t<a class=\"wp-block-button__link uagb-text-link\" style=\"\" href=\"https:\/\/honsmedical.com\/fr\/quest-ce-que-la-fermeture-de-plaie-par-points-de-suture-ou-la-fermeture-cutanee-par-points-de-suture-une-meilleure-alternative-aux-sutures-et-aux-agrafes-par-hons-medical\/\" target=\"_self\" rel=\"bookmark noopener noreferrer\">Lire la suite<\/a>\n\t\t\t<\/div>\n\t\t\t\n\t\t\t\t\t\t\t\t\t<\/article>\n\t\t\t\t\t\t\t\t\t\t\t\t\t\t\t\t<article class=\"uagb-post__inner-wrap\">\t\t\t\t\t\t\t\t<h4 class=\"uagb-post__title uagb-post__text\">\n\t\t\t\t<a href=\"https:\/\/honsmedical.com\/fr\/quest-ce-que-la-fermeture-des-plaies-un-guide-complet-pour-la-guerison-et-le-retablissement\/\" target=\"_self\" rel=\"bookmark noopener noreferrer\">Qu'est-ce que la fermeture des plaies ? Un guide complet pour la gu\u00e9rison et le r\u00e9tablissement<\/a>\n\t\t\t<\/h4>\n\t\t\t\t\t\t<div class='uagb-post__text uagb-post-grid-byline'>\n\t\t\t\t\t\t\t<\/div>\n\t\t\t\t\t\t\t<div class='uagb-post__text uagb-post__excerpt'>\n\t\t\t\t\t<p>La fermeture de la plaie est un \u00e9l\u00e9ment essentiel du processus de cicatrisation qui consiste \u00e0...\t\t\t\t<\/div>\n\t\t\t\t\t\t<div class=\"uagb-post__text uagb-post__cta wp-block-button\">\n\t\t\t\t<a class=\"wp-block-button__link uagb-text-link\" style=\"\" href=\"https:\/\/honsmedical.com\/fr\/quest-ce-que-la-fermeture-des-plaies-un-guide-complet-pour-la-guerison-et-le-retablissement\/\" target=\"_self\" rel=\"bookmark noopener noreferrer\">Lire la suite<\/a>\n\t\t\t<\/div>\n\t\t\t\n\t\t\t\t\t\t\t\t\t<\/article>\n\t\t\t\t\t\t\t\t\t\t\t<\/div>\n\t\t\t\n\n\n<h2 class=\"wp-block-heading has-medium-font-size\">Pour des vid\u00e9os sur l'utilisation du dispositif de fermeture de la plaie par point d'arr\u00eat. <a href=\"https:\/\/honsmedical.com\/en\/video-use-laceration-surgical-zipper\/\">Cliquez ici<\/a>.<\/h2>\n\n\n\n<p class=\"has-medium-font-size\"><a href=\"https:\/\/www.linkedin.com\/company\/hons-medical-technology-co-ltd\/\" target=\"_blank\" rel=\"noopener\">Suivez-nous sur Linkedin pour obtenir des informations actualis\u00e9es..<\/a><\/p>\n\n\n\n<p class=\"has-medium-font-size\">Pour plus d'informations sur le dispositif de fermeture de la plaie par fermeture \u00e9clair. <a href=\"https:\/\/honsmedical.com\/en\/products\/wound-closure-device-g1\/\">Cliquez ici.<\/a><\/p>\n\n\n\n<figure class=\"wp-block-gallery has-nested-images columns-4 is-cropped wp-block-gallery-1 is-layout-flex wp-block-gallery-is-layout-flex\">\n<figure class=\"wp-block-image size-large\"><img fetchpriority=\"high\" decoding=\"async\" width=\"800\" height=\"800\" data-id=\"3703\" src=\"https:\/\/honsmedical.com\/wp-content\/uploads\/2025\/01\/sku1-2.jpg\" alt=\"Dispositif de fermeture de plaie par points de suture, bande de fermeture pour lac\u00e9ration, bandage de fermeture de plaie non invasif, dispositif de fermeture de plaie \u00e0 boucle double, nouvelle g\u00e9n\u00e9ration de fermeture de plaie avec 1 boucle pour les premiers soins.\" class=\"wp-image-3703\" srcset=\"https:\/\/honsmedical.com\/wp-content\/uploads\/2025\/01\/sku1-2.jpg 800w, https:\/\/honsmedical.com\/wp-content\/uploads\/2025\/01\/sku1-2-300x300.jpg 300w, https:\/\/honsmedical.com\/wp-content\/uploads\/2025\/01\/sku1-2-150x150.jpg 150w, https:\/\/honsmedical.com\/wp-content\/uploads\/2025\/01\/sku1-2-768x768.jpg 768w, https:\/\/honsmedical.com\/wp-content\/uploads\/2025\/01\/sku1-2-600x600.jpg 600w, https:\/\/honsmedical.com\/wp-content\/uploads\/2025\/01\/sku1-2-100x100.jpg 100w\" sizes=\"(max-width: 800px) 100vw, 800px\" \/><\/figure>\n\n\n\n<figure class=\"wp-block-image size-large\"><img decoding=\"async\" width=\"800\" height=\"800\" data-id=\"3702\" src=\"https:\/\/honsmedical.com\/wp-content\/uploads\/2025\/01\/sku4-2.jpg\" alt=\"dispositif de fermeture de la plaie par zip, dispositif de fermeture de la plaie par double boucle lat\u00e9rale, nouvelle g\u00e9n\u00e9ration de fermeture de la plaie avec 10 boucles\" class=\"wp-image-3702\" srcset=\"https:\/\/honsmedical.com\/wp-content\/uploads\/2025\/01\/sku4-2.jpg 800w, https:\/\/honsmedical.com\/wp-content\/uploads\/2025\/01\/sku4-2-300x300.jpg 300w, https:\/\/honsmedical.com\/wp-content\/uploads\/2025\/01\/sku4-2-150x150.jpg 150w, https:\/\/honsmedical.com\/wp-content\/uploads\/2025\/01\/sku4-2-768x768.jpg 768w, https:\/\/honsmedical.com\/wp-content\/uploads\/2025\/01\/sku4-2-600x600.jpg 600w, https:\/\/honsmedical.com\/wp-content\/uploads\/2025\/01\/sku4-2-100x100.jpg 100w\" sizes=\"(max-width: 800px) 100vw, 800px\" \/><\/figure>\n\n\n\n<figure class=\"wp-block-image size-large\"><img decoding=\"async\" width=\"800\" height=\"800\" data-id=\"3701\" src=\"https:\/\/honsmedical.com\/wp-content\/uploads\/2025\/01\/sku3-2.jpg\" alt=\"Bande de fermeture de plaie \u00e0 fermeture \u00e9clair, dispositif de fermeture de plaie \u00e0 double boucle lat\u00e9rale, nouvelle g\u00e9n\u00e9ration de fermeture de plaie avec 8 boucles\" class=\"wp-image-3701\" srcset=\"https:\/\/honsmedical.com\/wp-content\/uploads\/2025\/01\/sku3-2.jpg 800w, https:\/\/honsmedical.com\/wp-content\/uploads\/2025\/01\/sku3-2-300x300.jpg 300w, https:\/\/honsmedical.com\/wp-content\/uploads\/2025\/01\/sku3-2-150x150.jpg 150w, https:\/\/honsmedical.com\/wp-content\/uploads\/2025\/01\/sku3-2-768x768.jpg 768w, https:\/\/honsmedical.com\/wp-content\/uploads\/2025\/01\/sku3-2-600x600.jpg 600w, https:\/\/honsmedical.com\/wp-content\/uploads\/2025\/01\/sku3-2-100x100.jpg 100w\" sizes=\"(max-width: 800px) 100vw, 800px\" \/><\/figure>\n\n\n\n<figure class=\"wp-block-image size-large\"><img loading=\"lazy\" decoding=\"async\" width=\"800\" height=\"800\" data-id=\"3700\" src=\"https:\/\/honsmedical.com\/wp-content\/uploads\/2025\/01\/sku2-2.jpg\" alt=\"Dispositif de fermeture de plaie \u00e0 fermeture \u00e9clair pour le soin des plaies, dispositif de fermeture de plaie \u00e0 double boucle lat\u00e9rale, nouvelle g\u00e9n\u00e9ration de fermeture de plaie avec 3 boucles\" class=\"wp-image-3700\" srcset=\"https:\/\/honsmedical.com\/wp-content\/uploads\/2025\/01\/sku2-2.jpg 800w, https:\/\/honsmedical.com\/wp-content\/uploads\/2025\/01\/sku2-2-300x300.jpg 300w, https:\/\/honsmedical.com\/wp-content\/uploads\/2025\/01\/sku2-2-150x150.jpg 150w, https:\/\/honsmedical.com\/wp-content\/uploads\/2025\/01\/sku2-2-768x768.jpg 768w, https:\/\/honsmedical.com\/wp-content\/uploads\/2025\/01\/sku2-2-600x600.jpg 600w, https:\/\/honsmedical.com\/wp-content\/uploads\/2025\/01\/sku2-2-100x100.jpg 100w\" sizes=\"(max-width: 800px) 100vw, 800px\" \/><\/figure>\n<\/figure>","protected":false},"excerpt":{"rendered":"<p>For videos on how to use the zip stitch wound closure device. Click here. Follow us on Linkedin for updated information.. For more zippered wound closure device. Click here.<\/p>","protected":false},"author":1,"featured_media":0,"parent":0,"menu_order":0,"comment_status":"closed","ping_status":"closed","template":"","meta":{"_surecart_dashboard_logo_width":"180px","_surecart_dashboard_show_logo":true,"_surecart_dashboard_navigation_orders":true,"_surecart_dashboard_navigation_invoices":true,"_surecart_dashboard_navigation_subscriptions":true,"_surecart_dashboard_navigation_downloads":true,"_surecart_dashboard_navigation_billing":true,"_surecart_dashboard_navigation_account":true,"_uag_custom_page_level_css":"","_monsterinsights_skip_tracking":false,"_monsterinsights_sitenote_active":false,"_monsterinsights_sitenote_note":"","_monsterinsights_sitenote_category":0,"site-sidebar-layout":"default","site-content-layout":"","ast-site-content-layout":"default","site-content-style":"default","site-sidebar-style":"default","ast-global-header-display":"","ast-banner-title-visibility":"","ast-main-header-display":"","ast-hfb-above-header-display":"","ast-hfb-below-header-display":"","ast-hfb-mobile-header-display":"","site-post-title":"","ast-breadcrumbs-content":"","ast-featured-img":"","footer-sml-layout":"","ast-disable-related-posts":"","theme-transparent-header-meta":"","adv-header-id-meta":"","stick-header-meta":"","header-above-stick-meta":"","header-main-stick-meta":"","header-below-stick-meta":"","astra-migrate-meta-layouts":"set","ast-page-background-enabled":"default","ast-page-background-meta":{"desktop":{"background-color":"var(--ast-global-color-4)","background-image":"","background-repeat":"repeat","background-position":"center center","background-size":"auto","background-attachment":"scroll","background-type":"","background-media":"","overlay-type":"","overlay-color":"","overlay-opacity":"","overlay-gradient":""},"tablet":{"background-color":"","background-image":"","background-repeat":"repeat","background-position":"center center","background-size":"auto","background-attachment":"scroll","background-type":"","background-media":"","overlay-type":"","overlay-color":"","overlay-opacity":"","overlay-gradient":""},"mobile":{"background-color":"","background-image":"","background-repeat":"repeat","background-position":"center center","background-size":"auto","background-attachment":"scroll","background-type":"","background-media":"","overlay-type":"","overlay-color":"","overlay-opacity":"","overlay-gradient":""}},"ast-content-background-meta":{"desktop":{"background-color":"var(--ast-global-color-5)","background-image":"","background-repeat":"repeat","background-position":"center center","background-size":"auto","background-attachment":"scroll","background-type":"","background-media":"","overlay-type":"","overlay-color":"","overlay-opacity":"","overlay-gradient":""},"tablet":{"background-color":"var(--ast-global-color-5)","background-image":"","background-repeat":"repeat","background-position":"center center","background-size":"auto","background-attachment":"scroll","background-type":"","background-media":"","overlay-type":"","overlay-color":"","overlay-opacity":"","overlay-gradient":""},"mobile":{"background-color":"var(--ast-global-color-5)","background-image":"","background-repeat":"repeat","background-position":"center center","background-size":"auto","background-attachment":"scroll","background-type":"","background-media":"","overlay-type":"","overlay-color":"","overlay-opacity":"","overlay-gradient":""}},"footnotes":""},"class_list":["post-3766","page","type-page","status-publish","hentry"],"uagb_featured_image_src":{"full":false,"thumbnail":false,"medium":false,"medium_large":false,"large":false,"1536x1536":false,"2048x2048":false,"trp-custom-language-flag":false,"woocommerce_thumbnail":false,"woocommerce_single":false,"woocommerce_gallery_thumbnail":false},"uagb_author_info":{"display_name":"HONS","author_link":"https:\/\/honsmedical.com\/fr\/author\/wopupu12\/"},"uagb_comment_info":0,"uagb_excerpt":"For videos on how to use the zip stitch wound closure device. Click here. Follow us on Linkedin for updated information.. For more zippered wound closure device. Click here.","_links":{"self":[{"href":"https:\/\/honsmedical.com\/fr\/wp-json\/wp\/v2\/pages\/3766","targetHints":{"allow":["GET"]}}],"collection":[{"href":"https:\/\/honsmedical.com\/fr\/wp-json\/wp\/v2\/pages"}],"about":[{"href":"https:\/\/honsmedical.com\/fr\/wp-json\/wp\/v2\/types\/page"}],"author":[{"embeddable":true,"href":"https:\/\/honsmedical.com\/fr\/wp-json\/wp\/v2\/users\/1"}],"replies":[{"embeddable":true,"href":"https:\/\/honsmedical.com\/fr\/wp-json\/wp\/v2\/comments?post=3766"}],"version-history":[{"count":5,"href":"https:\/\/honsmedical.com\/fr\/wp-json\/wp\/v2\/pages\/3766\/revisions"}],"predecessor-version":[{"id":4043,"href":"https:\/\/honsmedical.com\/fr\/wp-json\/wp\/v2\/pages\/3766\/revisions\/4043"}],"wp:attachment":[{"href":"https:\/\/honsmedical.com\/fr\/wp-json\/wp\/v2\/media?parent=3766"}],"curies":[{"name":"wp","href":"https:\/\/api.w.org\/{rel}","templated":true}]}}