{"id":4058,"date":"2025-03-27T02:05:39","date_gmt":"2025-03-27T02:05:39","guid":{"rendered":"https:\/\/honsmedical.com\/?post_type=product&#038;p=4058"},"modified":"2025-03-27T02:46:39","modified_gmt":"2025-03-27T02:46:39","slug":"wound-closure-device-g1-10-buckles","status":"publish","type":"product","link":"https:\/\/honsmedical.com\/fi\/tuote\/wound-closure-device-g1-10-buckles\/","title":{"rendered":"Haavan sulkulaite G1 - 10 solkea, kaksipuoliset soljet"},"content":{"rendered":"<h2>Introduction to Wound Closure Device<\/h2>\n<p>Our\u00a0 <strong>Zipper Style <b>Wound Closure Strip <\/b><\/strong>offers a revolutionary, non-suture solution for quick and effective wound healing. Key features include:<\/p>\n<ul>\n<li><b><\/b><strong><b>Number of Clips: <\/b><\/strong>10<\/li>\n<li><b><\/b><strong><b>Package:<\/b><\/strong>1pcs\/bag<\/li>\n<li><strong>Double-side Closure:<\/strong> Fasten from both sides<\/li>\n<li><b><\/b><strong><b>Size:<\/b><\/strong>\u00a020cm\u00d76cm(7.9in\u00d72.4in)<\/li>\n<li><b><\/b><strong><b>Material:<\/b><\/strong>PU<\/li>\n<li class=\"translation-block\"><strong>Nopea paraneminen<\/strong>: Nopeuttaa toipumisprosessia sulkemalla haavat turvallisesti.<\/li>\n<li class=\"translation-block\"><strong>Ei tarvitse ompeleita<\/strong>: Poistaa ompeleiden tarpeen ja v\u00e4hent\u00e4\u00e4 ep\u00e4mukavuutta.<\/li>\n<li class=\"translation-block\"><strong>Painless Application<\/strong>: Designed for comfort during and after use.<\/li>\n<li class=\"translation-block\"><strong>Elastinen side<\/strong>: Tarjoaa s\u00e4\u00e4dett\u00e4v\u00e4n puristuksen paremman tuen ja nopeamman paranemisen saavuttamiseksi.<\/li>\n<li class=\"translation-block\"><strong>Hypoallergeeniset materiaalit<\/strong>: Turvallinen herk\u00e4lle iholle, my\u00f6s raskaana oleville naisille ja lapsille.<\/li>\n<li class=\"translation-block\"><strong>Arpeeton paraneminen<\/strong>: Auttaa minimoimaan arpeutumista ja helpottaa palautumista.<\/li>\n<li class=\"translation-block\"><strong>Helppok\u00e4ytt\u00f6inen<\/strong>: Nopea ja helppo soveltaa, mik\u00e4 s\u00e4\u00e4st\u00e4\u00e4 terveydenhuollon tarjoajien aikaa.<\/li>\n<\/ul>\n<p>Perfect for both professional medical settings and at-home care, the <strong><b>Zipper style wound closure<\/b><\/strong>\u00a0is the first step toward efficient, pain-free recovery.<\/p>\n<p>*Please contact info@honsmedical.com or Whatsapp us for price.<\/p>\n<p>For different types of stitch-free zip wound closure devices, please visit <a href=\"https:\/\/honsmedical.com\/en\/shop-2\/\">this page<\/a>.<\/p>\n<p>For instructions on how to use needle-free wound closure device in surgy or first aid, please watch videos <a href=\"https:\/\/youtu.be\/kxTlBRHSlAI\" target=\"_blank\" rel=\"noopener\">here<\/a>.<\/p>\n<p>Follow us on <a href=\"https:\/\/www.linkedin.com\/company\/hons-medical-technology-co-ltd\/\" target=\"_blank\" rel=\"noopener\">LinkedIn<\/a> for updated information.<\/p>\n<style id=\"wpforms-css-vars-3651\">\n\t\t\t\t#wpforms-3651 {\n\t\t\t\t\n\t\t\t}\n\t\t\t<\/style><div class=\"wpforms-container wpforms-container-full wpforms-render-modern\" id=\"wpforms-3651\"><form id=\"wpforms-form-3651\" class=\"wpforms-validate wpforms-form wpforms-ajax-form\" data-formid=\"3651\" method=\"post\" enctype=\"multipart\/form-data\" action=\"\/fi\/wp-json\/wp\/v2\/product\/4058\" data-token=\"793da7d6c12aa5010f8ce962513218e2\" data-token-time=\"1777684261\" data-trp-original-action=\"\/fi\/wp-json\/wp\/v2\/product\/4058\"><noscript class=\"wpforms-error-noscript\">Please enable JavaScript in your browser to complete this form.<\/noscript><div id=\"wpforms-error-noscript\" style=\"display: none;\">Please enable JavaScript in your browser to complete this form.<\/div><div class=\"wpforms-field-container\">\t\t<div id=\"wpforms-3651-field_4-container\"\n\t\t\tclass=\"wpforms-field wpforms-field-text\"\n\t\t\tdata-field-type=\"text\"\n\t\t\tdata-field-id=\"4\"\n\t\t\t>\n\t\t\t<label class=\"wpforms-field-label\" for=\"wpforms-3651-field_4\" >Email Comment Message<\/label>\n\t\t\t<input type=\"text\" id=\"wpforms-3651-field_4\" class=\"wpforms-field-medium\" name=\"wpforms[fields][4]\" >\n\t\t<\/div>\n\t\t<div id=\"wpforms-3651-field_1-container\" class=\"wpforms-field wpforms-field-name\" data-field-id=\"1\"><label class=\"wpforms-field-label\" for=\"wpforms-3651-field_1\">Nimi <span class=\"wpforms-required-label\" aria-hidden=\"true\">*<\/span><\/label><input type=\"text\" id=\"wpforms-3651-field_1\" class=\"wpforms-field-medium wpforms-field-required\" name=\"wpforms[fields][1]\" aria-errormessage=\"wpforms-3651-field_1-error\" required><\/div><div id=\"wpforms-3651-field_2-container\" class=\"wpforms-field wpforms-field-email\" data-field-id=\"2\"><label class=\"wpforms-field-label\" for=\"wpforms-3651-field_2\">S\u00e4hk\u00f6posti <span class=\"wpforms-required-label\" aria-hidden=\"true\">*<\/span><\/label><input type=\"email\" id=\"wpforms-3651-field_2\" class=\"wpforms-field-medium wpforms-field-required\" name=\"wpforms[fields][2]\" spellcheck=\"false\" aria-errormessage=\"wpforms-3651-field_2-error\" required><\/div><div id=\"wpforms-3651-field_3-container\" class=\"wpforms-field wpforms-field-textarea\" data-field-id=\"3\"><label class=\"wpforms-field-label\" for=\"wpforms-3651-field_3\">Kommentoi tai Viesti <span class=\"wpforms-required-label\" aria-hidden=\"true\">*<\/span><\/label><textarea id=\"wpforms-3651-field_3\" class=\"wpforms-field-medium wpforms-field-required\" name=\"wpforms[fields][3]\" aria-errormessage=\"wpforms-3651-field_3-error\" aria-describedby=\"wpforms-3651-field_3-description\" required><\/textarea><div id=\"wpforms-3651-field_3-description\" class=\"wpforms-field-description\">J\u00e4t\u00e4 meille viesti t\u00e4\u00e4ll\u00e4. Vastaamme 24 tunnin kuluessa. Jos et n\u00e4e s\u00e4hk\u00f6postiamme 24 tunnin kuluttua, tarkista roskapostikansiosi tai ota meihin yhteytt\u00e4 uudelleen.<\/div><\/div><script>\n\t\t\t\t( function() {\n\t\t\t\t\tconst style = document.createElement( 'style' );\n\t\t\t\t\tstyle.appendChild( document.createTextNode( '#wpforms-3651-field_4-container { position: absolute !important; overflow: hidden !important; display: inline !important; height: 1px !important; width: 1px !important; z-index: -1000 !important; padding: 0 !important; } #wpforms-3651-field_4-container input { visibility: hidden; } #wpforms-conversational-form-page #wpforms-3651-field_4-container label { counter-increment: none; }' ) );\n\t\t\t\t\tdocument.head.appendChild( style );\n\t\t\t\t\tdocument.currentScript?.remove();\n\t\t\t\t} )();\n\t\t\t<\/script><\/div><!-- .wpforms-field-container --><div class=\"wpforms-recaptcha-container wpforms-is-recaptcha wpforms-is-recaptcha-type-v2\" ><div class=\"g-recaptcha\" data-sitekey=\"6LernMkqAAAAAE7YbFnuzuzEaEZV6xXPn5PNTL4j\"><\/div><input type=\"text\" name=\"g-recaptcha-hidden\" class=\"wpforms-recaptcha-hidden\" style=\"position:absolute!important;clip:rect(0,0,0,0)!important;height:1px!important;width:1px!important;border:0!important;overflow:hidden!important;padding:0!important;margin:0!important;\" data-rule-recaptcha=\"1\"><\/div><div class=\"wpforms-submit-container\" ><input type=\"hidden\" name=\"wpforms[id]\" value=\"3651\"><input type=\"hidden\" name=\"page_title\" value=\"\"><input type=\"hidden\" name=\"page_url\" value=\"https:\/\/honsmedical.com\/fi\/wp-json\/wp\/v2\/product\/4058\"><input type=\"hidden\" name=\"url_referer\" value=\"\"><button type=\"submit\" name=\"wpforms[submit]\" id=\"wpforms-submit-3651\" class=\"wpforms-submit\" data-alt-text=\"Sending...\" data-submit-text=\"Submit\" aria-live=\"assertive\" value=\"wpforms-submit\">l\u00e4het\u00e4 lomake<\/button><img decoding=\"async\" src=\"https:\/\/honsmedical.com\/wp-content\/plugins\/wpforms-lite\/assets\/images\/submit-spin.svg\" class=\"wpforms-submit-spinner\" style=\"display: none;\" width=\"26\" height=\"26\" alt=\"Loading\"><\/div><input type=\"hidden\" name=\"trp-form-language\" value=\"fi\"\/><\/form><\/div>  <!-- .wpforms-container -->","protected":false},"excerpt":{"rendered":"<p>This extended version is perfect for larger wounds, such as surgical incisions.<\/p>\n<p>It offers essential <strong>emergency wound care<\/strong> when immediate medical attention isn&#8217;t accessible\u2014ideal for situations where distance or circumstances prevent a trip to the emergency room. Stay prepared and protected when it matters most!<\/p>","protected":false},"featured_media":3680,"comment_status":"open","ping_status":"closed","template":"","meta":{"_surecart_dashboard_logo_width":"180px","_surecart_dashboard_show_logo":true,"_surecart_dashboard_navigation_orders":true,"_surecart_dashboard_navigation_invoices":true,"_surecart_dashboard_navigation_subscriptions":true,"_surecart_dashboard_navigation_downloads":true,"_surecart_dashboard_navigation_billing":true,"_surecart_dashboard_navigation_account":true,"_uag_custom_page_level_css":"","_monsterinsights_skip_tracking":false,"_monsterinsights_sitenote_active":false,"_monsterinsights_sitenote_note":"","_monsterinsights_sitenote_category":0,"site-sidebar-layout":"default","site-content-layout":"","ast-site-content-layout":"default","site-content-style":"default","site-sidebar-style":"default","ast-global-header-display":"","ast-banner-title-visibility":"","ast-main-header-display":"","ast-hfb-above-header-display":"","ast-hfb-below-header-display":"","ast-hfb-mobile-header-display":"","site-post-title":"","ast-breadcrumbs-content":"","ast-featured-img":"","footer-sml-layout":"","ast-disable-related-posts":"","theme-transparent-header-meta":"default","adv-header-id-meta":"","stick-header-meta":"","header-above-stick-meta":"","header-main-stick-meta":"","header-below-stick-meta":"","astra-migrate-meta-layouts":"set","ast-page-background-enabled":"default","ast-page-background-meta":{"desktop":{"background-color":"var(--ast-global-color-4)","background-image":"","background-repeat":"repeat","background-position":"center center","background-size":"auto","background-attachment":"scroll","background-type":"","background-media":"","overlay-type":"","overlay-color":"","overlay-opacity":"","overlay-gradient":""},"tablet":{"background-color":"","background-image":"","background-repeat":"repeat","background-position":"center center","background-size":"auto","background-attachment":"scroll","background-type":"","background-media":"","overlay-type":"","overlay-color":"","overlay-opacity":"","overlay-gradient":""},"mobile":{"background-color":"","background-image":"","background-repeat":"repeat","background-position":"center center","background-size":"auto","background-attachment":"scroll","background-type":"","background-media":"","overlay-type":"","overlay-color":"","overlay-opacity":"","overlay-gradient":""}},"ast-content-background-meta":{"desktop":{"background-color":"var(--ast-global-color-5)","background-image":"","background-repeat":"repeat","background-position":"center center","background-size":"auto","background-attachment":"scroll","background-type":"","background-media":"","overlay-type":"","overlay-color":"","overlay-opacity":"","overlay-gradient":""},"tablet":{"background-color":"var(--ast-global-color-5)","background-image":"","background-repeat":"repeat","background-position":"center center","background-size":"auto","background-attachment":"scroll","background-type":"","background-media":"","overlay-type":"","overlay-color":"","overlay-opacity":"","overlay-gradient":""},"mobile":{"background-color":"var(--ast-global-color-5)","background-image":"","background-repeat":"repeat","background-position":"center center","background-size":"auto","background-attachment":"scroll","background-type":"","background-media":"","overlay-type":"","overlay-color":"","overlay-opacity":"","overlay-gradient":""}}},"product_brand":[],"product_cat":[28],"product_tag":[219],"class_list":{"0":"post-4058","1":"product","2":"type-product","3":"status-publish","4":"has-post-thumbnail","6":"product_cat-wound-closure-device","7":"product_tag-double-side-wound-closure","8":"desktop-align-left","9":"tablet-align-left","10":"mobile-align-left","12":"first","13":"instock","14":"featured","15":"shipping-taxable","16":"purchasable","17":"product-type-simple"},"uagb_featured_image_src":{"full":["https:\/\/honsmedical.com\/wp-content\/uploads\/2025\/01\/5-1.jpg",800,800,false],"thumbnail":["https:\/\/honsmedical.com\/wp-content\/uploads\/2025\/01\/5-1-150x150.jpg",150,150,true],"medium":["https:\/\/honsmedical.com\/wp-content\/uploads\/2025\/01\/5-1-300x300.jpg",300,300,true],"medium_large":["https:\/\/honsmedical.com\/wp-content\/uploads\/2025\/01\/5-1-768x768.jpg",768,768,true],"large":["https:\/\/honsmedical.com\/wp-content\/uploads\/2025\/01\/5-1.jpg",800,800,false],"1536x1536":["https:\/\/honsmedical.com\/wp-content\/uploads\/2025\/01\/5-1.jpg",800,800,false],"2048x2048":["https:\/\/honsmedical.com\/wp-content\/uploads\/2025\/01\/5-1.jpg",800,800,false],"trp-custom-language-flag":["https:\/\/honsmedical.com\/wp-content\/uploads\/2025\/01\/5-1.jpg",12,12,false],"woocommerce_thumbnail":["https:\/\/honsmedical.com\/wp-content\/uploads\/2025\/01\/5-1-300x300.jpg",300,300,true],"woocommerce_single":["https:\/\/honsmedical.com\/wp-content\/uploads\/2025\/01\/5-1-600x600.jpg",600,600,true],"woocommerce_gallery_thumbnail":["https:\/\/honsmedical.com\/wp-content\/uploads\/2025\/01\/5-1-100x100.jpg",100,100,true]},"uagb_author_info":{"display_name":"HONS","author_link":"https:\/\/honsmedical.com\/fi\/author\/"},"uagb_comment_info":0,"uagb_excerpt":"This extended version is perfect for larger wounds, such as surgical incisions. It offers essential emergency wound care when immediate medical attention isn't accessible\u2014ideal for situations where distance or circumstances prevent a trip to the emergency room. Stay prepared and protected when it matters most!","_links":{"self":[{"href":"https:\/\/honsmedical.com\/fi\/wp-json\/wp\/v2\/product\/4058","targetHints":{"allow":["GET"]}}],"collection":[{"href":"https:\/\/honsmedical.com\/fi\/wp-json\/wp\/v2\/product"}],"about":[{"href":"https:\/\/honsmedical.com\/fi\/wp-json\/wp\/v2\/types\/product"}],"replies":[{"embeddable":true,"href":"https:\/\/honsmedical.com\/fi\/wp-json\/wp\/v2\/comments?post=4058"}],"wp:featuredmedia":[{"embeddable":true,"href":"https:\/\/honsmedical.com\/fi\/wp-json\/wp\/v2\/media\/3680"}],"wp:attachment":[{"href":"https:\/\/honsmedical.com\/fi\/wp-json\/wp\/v2\/media?parent=4058"}],"wp:term":[{"taxonomy":"product_brand","embeddable":true,"href":"https:\/\/honsmedical.com\/fi\/wp-json\/wp\/v2\/product_brand?post=4058"},{"taxonomy":"product_cat","embeddable":true,"href":"https:\/\/honsmedical.com\/fi\/wp-json\/wp\/v2\/product_cat?post=4058"},{"taxonomy":"product_tag","embeddable":true,"href":"https:\/\/honsmedical.com\/fi\/wp-json\/wp\/v2\/product_tag?post=4058"}],"curies":[{"name":"wp","href":"https:\/\/api.w.org\/{rel}","templated":true}]}}