{"id":4080,"date":"2025-03-27T05:46:18","date_gmt":"2025-03-27T05:46:18","guid":{"rendered":"https:\/\/honsmedical.com\/?post_type=product&#038;p=4080"},"modified":"2025-03-27T06:05:26","modified_gmt":"2025-03-27T06:05:26","slug":"wound-closure-device-g3-10-buckle","status":"publish","type":"product","link":"https:\/\/honsmedical.com\/cz\/produkt\/zarizeni-pro-uzaver-rany-g3-10-prezka\/","title":{"rendered":"Bezjehlov\u00fd uz\u00e1v\u011br r\u00e1ny G3 - 10 p\u0159ezek, b\u00edl\u00e1 netkan\u00e1 textilie, oboustrann\u00fd uz\u00e1v\u011br na p\u0159ezku"},"content":{"rendered":"<h3><strong>Za\u0159\u00edzen\u00ed pro uzav\u00edr\u00e1n\u00ed ran bez 10 steh\u016f (netkan\u00e9)<\/strong><\/h3>\n<h3 data-start=\"63\" data-end=\"123\"><\/h3>\n<h4><strong>Pokro\u010dil\u00fd uz\u00e1v\u011br r\u00e1ny pro rychl\u00e9 a bezpe\u010dn\u00e9 hojen\u00ed<\/strong><\/h4>\n<p>Na str\u00e1nk\u00e1ch <strong>Za\u0159\u00edzen\u00ed pro uzav\u00edr\u00e1n\u00ed r\u00e1ny s 10 p\u0159ezkami bez steh\u016f a zip\u016f<\/strong> je inovativn\u00ed netkan\u00e9 \u0159e\u0161en\u00ed ur\u010den\u00e9 k rychl\u00e9mu a \u00fa\u010dinn\u00e9mu uzav\u0159en\u00ed r\u00e1ny bez nutnosti \u0161it\u00ed nebo se\u0161\u00edv\u00e1n\u00ed. Jeho konstrukce ve stylu zipu umo\u017e\u0148uje snadnou aplikaci a nastaviteln\u00e9 nap\u011bt\u00ed, co\u017e zaji\u0161\u0165uje bezpe\u010dn\u00e9 a pohodln\u00e9 uchycen\u00ed pro r\u016fzn\u00e9 velikosti ran.<\/p>\n<h4><\/h4>\n<h4 data-start=\"125\" data-end=\"441\">Kl\u00ed\u010dov\u00e9 vlastnosti:<\/h4>\n<ul>\n<li><strong>Po\u010det p\u0159ezek:<\/strong> 10<\/li>\n<li class=\"translation-block\"><strong>Oboustrann\u00e9 zap\u00edn\u00e1n\u00ed na p\u0159ezku:<\/strong>\u00a0Zap\u00edn\u00e1 se na ob\u011b strany<\/li>\n<li><strong>Balen\u00ed:<\/strong> 1ks\/krabice<\/li>\n<li><strong>Velikost:<\/strong> 8cm\u00d720cm(3.1in\u00d77.8in)<\/li>\n<li class=\"translation-block\"><strong>Materi\u00e1l:<\/strong>\u00a0b\u00edl\u00e1 netkan\u00e1 textilie<\/li>\n<li class=\"translation-block\"><strong>P\u0159ilnavost na l\u00e9ka\u0159sk\u00e9 \u00farovni<\/strong>: Siln\u00e9 lepidlo \u0161etrn\u00e9 k poko\u017ece pro dlouhodob\u00e9 no\u0161en\u00ed.<\/li>\n<\/ul>\n<h4><strong>Kl\u00ed\u010dov\u00e9 vlastnosti a v\u00fdhody:<\/strong><\/h4>\n<p>\u2705 <strong>Bez steh\u016f a bez bolesti:<\/strong> Eliminuje nutnost \u0161it\u00ed, sni\u017euje bolest a minimalizuje jizvy.<br \/>\n\u2705 <strong>Dlouh\u00e1 d\u00e9lka pro chirurgick\u00e9 pou\u017eit\u00ed:<\/strong> Ide\u00e1ln\u00ed pro uzav\u0159en\u00ed del\u0161\u00edch \u0159ez\u016f po operaci, zaji\u0161\u0165uje rovnom\u011brn\u00e9 rozlo\u017een\u00ed tlaku pro lep\u0161\u00ed hojen\u00ed.<br \/>\n\u2705 <strong>Siln\u00e9 a bezpe\u010dn\u00e9:<\/strong> Konstrukce s 10 p\u0159ezkami zaji\u0161\u0165uje dokonal\u00e9 uzav\u0159en\u00ed r\u00e1ny a udr\u017euje okraje zarovnan\u00e9 pro optim\u00e1ln\u00ed zotaven\u00ed.<br \/>\n\u2705 <strong>Netkan\u00e9 a k poko\u017ece \u0161etrn\u00e9:<\/strong> Jsou vyrobeny z m\u011bkk\u00e9ho, prody\u0161n\u00e9ho materi\u00e1lu, kter\u00fd zabra\u0148uje podr\u00e1\u017ed\u011bn\u00ed a podporuje proud\u011bn\u00ed vzduchu.<br \/>\n\u2705 <strong>Snadn\u00e1 aplikace a odstran\u011bn\u00ed:<\/strong> Nevy\u017eaduj\u00ed se \u017e\u00e1dn\u00e9 odborn\u00e9 znalosti - r\u00e1nu jednodu\u0161e um\u00edst\u00edte, uprav\u00edte a zajist\u00edte.<br \/>\n\u2705 <strong>Sni\u017euje riziko infekce:<\/strong> \u017d\u00e1dn\u00e9 prop\u00edchnut\u00ed k\u016f\u017ee znamen\u00e1 ni\u017e\u0161\u00ed pravd\u011bpodobnost vniknut\u00ed bakteri\u00ed, co\u017e podporuje bezpe\u010dn\u011bj\u0161\u00ed hojen\u00ed.<\/p>\n<h4><strong>V\u0161estrann\u00e9 pou\u017eit\u00ed:<\/strong><\/h4>\n<p>\ud83d\udd39 <strong>Chirurgick\u00e9 r\u00e1ny:<\/strong> Ide\u00e1ln\u00ed pro poopera\u010dn\u00ed \u0159ezy, sni\u017euje pot\u0159ebu klasick\u00fdch steh\u016f.<br \/>\n\ud83d\udd39 <strong>Prvn\u00ed pomoc v dom\u00e1cnosti:<\/strong> Je nezbytn\u00fd pro uzav\u0159en\u00ed hlubok\u00fdch \u0159ezn\u00fdch ran, sn\u00ed\u017een\u00ed krv\u00e1cen\u00ed a podporu pohotovostn\u00ed p\u00e9\u010de o r\u00e1ny.<br \/>\n\ud83d\udd39 <strong>Bezpe\u010dnost na pracovi\u0161ti:<\/strong> Nezbytn\u00e1 sou\u010d\u00e1st l\u00e9k\u00e1rni\u010dek v tov\u00e1rn\u00e1ch, kancel\u00e1\u0159\u00edch a na stavb\u00e1ch.<br \/>\n\ud83d\udd39 <strong>\u0160koln\u00ed a sportovn\u00ed zran\u011bn\u00ed:<\/strong> Chr\u00e1n\u00ed p\u0159ed hlubok\u00fdmi poran\u011bn\u00edmi p\u0159i nehod\u00e1ch nebo fyzick\u00fdch aktivit\u00e1ch a zaji\u0161\u0165uje rychlou reakci na zran\u011bn\u00ed.<\/p>\n<p><strong>Nezbytn\u00e1 v\u00fdbava ka\u017ed\u00e9 l\u00e9k\u00e1rni\u010dky!<\/strong><\/p>\n<p>Bu\u010fte p\u0159ipraveni na mimo\u0159\u00e1dn\u00e9 ud\u00e1losti doma, ve \u0161kole nebo v pr\u00e1ci s touto pom\u016fckou. <strong>Za\u0159\u00edzen\u00ed pro uzav\u00edr\u00e1n\u00ed r\u00e1ny s 10 p\u0159ezkami bez steh\u016f a zip\u016f<\/strong>. A\u0165 u\u017e se jedn\u00e1 o chirurgickou rekonvalescenci nebo neo\u010dek\u00e1van\u00e9 \u00farazy, poskytuje <strong>spolehliv\u00fd, bezbolestn\u00fd a \u00fa\u010dinn\u00fd<\/strong> zp\u016fsob, jak bezpe\u010dn\u011b uzav\u0159\u00edt r\u00e1ny. M\u011bjte jeden ve sv\u00e9 l\u00e9k\u00e1rni\u010dce je\u0161t\u011b dnes! \ud83d\ude91<\/p>\n<p>*Pro cenu n\u00e1s pros\u00edm kontaktujte na info@honsmedical.com nebo Whatsapp.<\/p>\n<p>R\u016fzn\u00e9 typy za\u0159\u00edzen\u00ed pro uzav\u00edr\u00e1n\u00ed ran bez steh\u016f naleznete na adrese <a href=\"https:\/\/honsmedical.com\/en\/product\/\">tato str\u00e1nka<\/a>.<\/p>\n<p>Pokyny k pou\u017eit\u00ed bezjehlov\u00e9ho uz\u00e1v\u011bru r\u00e1ny na chirurgii nebo p\u0159i prvn\u00ed pomoci naleznete ve vide\u00edch. <a href=\"https:\/\/youtu.be\/kxTlBRHSlAI\" target=\"_blank\" rel=\"noopener\">zde<\/a>.<\/p>\n<p>Sledujte n\u00e1s na <a href=\"https:\/\/www.linkedin.com\/company\/hons-medical-technology-co-ltd\/\" target=\"_blank\" rel=\"noopener\">LinkedIn<\/a> pro aktu\u00e1ln\u00ed informace.<\/p>\n<style id=\"wpforms-css-vars-3651\">\n\t\t\t\t#wpforms-3651 {\n\t\t\t\t\n\t\t\t}\n\t\t\t<\/style><div class=\"wpforms-container wpforms-container-full wpforms-render-modern\" id=\"wpforms-3651\"><form id=\"wpforms-form-3651\" class=\"wpforms-validate wpforms-form wpforms-ajax-form\" data-formid=\"3651\" method=\"post\" enctype=\"multipart\/form-data\" action=\"\/cz\/wp-json\/wp\/v2\/product\/4080\" data-token=\"0b33dadda59bcad98f3dfba80be5a952\" data-token-time=\"1777893276\" data-trp-original-action=\"\/cz\/wp-json\/wp\/v2\/product\/4080\"><noscript class=\"wpforms-error-noscript\">Chcete-li vyplnit tento formul\u00e1\u0159, pros\u00edm povolte v prohl\u00ed\u017ee\u010di JavaScript.<\/noscript><div id=\"wpforms-error-noscript\" style=\"display: none;\">Chcete-li vyplnit tento formul\u00e1\u0159, pros\u00edm povolte v prohl\u00ed\u017ee\u010di JavaScript.<\/div><div class=\"wpforms-field-container\">\t\t<div id=\"wpforms-3651-field_4-container\"\n\t\t\tclass=\"wpforms-field wpforms-field-text\"\n\t\t\tdata-field-type=\"text\"\n\t\t\tdata-field-id=\"4\"\n\t\t\t>\n\t\t\t<label class=\"wpforms-field-label\" for=\"wpforms-3651-field_4\" >Message or Email<\/label>\n\t\t\t<input type=\"text\" id=\"wpforms-3651-field_4\" class=\"wpforms-field-medium\" name=\"wpforms[fields][4]\" >\n\t\t<\/div>\n\t\t<div id=\"wpforms-3651-field_1-container\" class=\"wpforms-field wpforms-field-name\" data-field-id=\"1\"><label class=\"wpforms-field-label\" for=\"wpforms-3651-field_1\">Jm\u00e9no <span class=\"wpforms-required-label\" aria-hidden=\"true\">*<\/span><\/label><input type=\"text\" id=\"wpforms-3651-field_1\" class=\"wpforms-field-medium wpforms-field-required\" name=\"wpforms[fields][1]\" aria-errormessage=\"wpforms-3651-field_1-error\" required><\/div><div id=\"wpforms-3651-field_2-container\" class=\"wpforms-field wpforms-field-email\" data-field-id=\"2\"><label class=\"wpforms-field-label\" for=\"wpforms-3651-field_2\">E-mail <span class=\"wpforms-required-label\" aria-hidden=\"true\">*<\/span><\/label><input type=\"email\" id=\"wpforms-3651-field_2\" class=\"wpforms-field-medium wpforms-field-required\" name=\"wpforms[fields][2]\" spellcheck=\"false\" aria-errormessage=\"wpforms-3651-field_2-error\" required><\/div><div id=\"wpforms-3651-field_3-container\" class=\"wpforms-field wpforms-field-textarea\" data-field-id=\"3\"><label class=\"wpforms-field-label\" for=\"wpforms-3651-field_3\">Koment\u00e1\u0159 nebo zpr\u00e1va <span class=\"wpforms-required-label\" aria-hidden=\"true\">*<\/span><\/label><textarea id=\"wpforms-3651-field_3\" class=\"wpforms-field-medium wpforms-field-required\" name=\"wpforms[fields][3]\" aria-errormessage=\"wpforms-3651-field_3-error\" aria-describedby=\"wpforms-3651-field_3-description\" required><\/textarea><div id=\"wpforms-3651-field_3-description\" class=\"wpforms-field-description\">Zanechte n\u00e1m zde pros\u00edm zpr\u00e1vu. Odpov\u00edme v\u00e1m do 24 hodin. Pokud se v\u00e1m n\u00e1\u0161 e-mail po 24 hodin\u00e1ch nezobraz\u00ed, zkontrolujte pros\u00edm slo\u017eku se spamem nebo n\u00e1s kontaktujte znovu.<\/div><\/div><script>\n\t\t\t\t( function() {\n\t\t\t\t\tconst style = document.createElement( 'style' );\n\t\t\t\t\tstyle.appendChild( document.createTextNode( '#wpforms-3651-field_4-container { position: absolute !important; overflow: hidden !important; display: inline !important; height: 1px !important; width: 1px !important; z-index: -1000 !important; padding: 0 !important; } #wpforms-3651-field_4-container input { visibility: hidden; } #wpforms-conversational-form-page #wpforms-3651-field_4-container label { counter-increment: none; }' ) );\n\t\t\t\t\tdocument.head.appendChild( style );\n\t\t\t\t\tdocument.currentScript?.remove();\n\t\t\t\t} )();\n\t\t\t<\/script><\/div><!-- .wpforms-field-container --><div class=\"wpforms-recaptcha-container wpforms-is-recaptcha wpforms-is-recaptcha-type-v2\" ><div class=\"g-recaptcha\" data-sitekey=\"6LernMkqAAAAAE7YbFnuzuzEaEZV6xXPn5PNTL4j\"><\/div><input type=\"text\" name=\"g-recaptcha-hidden\" class=\"wpforms-recaptcha-hidden\" style=\"position:absolute!important;clip:rect(0,0,0,0)!important;height:1px!important;width:1px!important;border:0!important;overflow:hidden!important;padding:0!important;margin:0!important;\" data-rule-recaptcha=\"1\"><\/div><div class=\"wpforms-submit-container\" ><input type=\"hidden\" name=\"wpforms[id]\" value=\"3651\"><input type=\"hidden\" name=\"page_title\" value=\"\"><input type=\"hidden\" name=\"page_url\" value=\"https:\/\/honsmedical.com\/cz\/wp-json\/wp\/v2\/product\/4080\"><input type=\"hidden\" name=\"url_referer\" value=\"\"><button type=\"submit\" name=\"wpforms[submit]\" id=\"wpforms-submit-3651\" class=\"wpforms-submit\" data-alt-text=\"Sending...\" data-submit-text=\"Submit\" aria-live=\"assertive\" value=\"wpforms-submit\">odeslat formul\u00e1\u0159<\/button><img decoding=\"async\" src=\"https:\/\/honsmedical.com\/wp-content\/plugins\/wpforms-lite\/assets\/images\/submit-spin.svg\" class=\"wpforms-submit-spinner\" style=\"display: none;\" width=\"26\" height=\"26\" alt=\"Na\u010d\u00edt\u00e1n\u00ed\"><\/div><input type=\"hidden\" name=\"trp-form-language\" value=\"cz\"\/><\/form><\/div>  <!-- .wpforms-container -->","protected":false},"excerpt":{"rendered":"<p>Rychle zajist\u011bte r\u00e1ny pomoc\u00ed na\u0161ich 10<strong data-start=\"31\" data-end=\"80\">-Za\u0159\u00edzen\u00ed pro bezjehlov\u00fd uz\u00e1v\u011br r\u00e1ny na zip s p\u0159ezkou<\/strong>! P\u0159edstavujeme <strong data-start=\"92\" data-end=\"123\">vyztu\u017een\u00ed trojitou sponou<\/strong>, <strong data-start=\"125\" data-end=\"151\">oboustrann\u00e9 zap\u00edn\u00e1n\u00ed<\/strong>a <strong data-start=\"157\" data-end=\"190\">prody\u0161n\u00fd netkan\u00fd materi\u00e1l<\/strong>, zaji\u0161\u0165uje <strong data-start=\"205\" data-end=\"250\">pevn\u00e9, bezbolestn\u00e9 a bezstehov\u00e9 uzav\u0159en\u00ed<\/strong> pro rychlej\u0161\u00ed hojen\u00ed s minim\u00e1ln\u00edmi jizvami. Ide\u00e1ln\u00ed pro <strong data-start=\"303\" data-end=\"354\">prvn\u00ed pomoc, chirurgick\u00e1 zran\u011bn\u00ed a sportovn\u00ed \u00farazy.<\/strong>, toto snadno pou\u017eiteln\u00e9 za\u0159\u00edzen\u00ed poskytuje <strong data-start=\"389\" data-end=\"424\">maxim\u00e1ln\u00ed podpora a flexibilita<\/strong>. \ud83d\ude91 <strong data-start=\"429\" data-end=\"480\" data-is-last-node=\"\">Objednejte si nyn\u00ed spolehlivou a bezprobl\u00e9movou p\u00e9\u010di o r\u00e1ny!<\/strong><\/p>","protected":false},"featured_media":3702,"comment_status":"open","ping_status":"closed","template":"","meta":{"_surecart_dashboard_logo_width":"180px","_surecart_dashboard_show_logo":true,"_surecart_dashboard_navigation_orders":true,"_surecart_dashboard_navigation_invoices":true,"_surecart_dashboard_navigation_subscriptions":true,"_surecart_dashboard_navigation_downloads":true,"_surecart_dashboard_navigation_billing":true,"_surecart_dashboard_navigation_account":true,"_uag_custom_page_level_css":"","_monsterinsights_skip_tracking":false,"_monsterinsights_sitenote_active":false,"_monsterinsights_sitenote_note":"","_monsterinsights_sitenote_category":0,"site-sidebar-layout":"default","site-content-layout":"","ast-site-content-layout":"default","site-content-style":"default","site-sidebar-style":"default","ast-global-header-display":"","ast-banner-title-visibility":"","ast-main-header-display":"","ast-hfb-above-header-display":"","ast-hfb-below-header-display":"","ast-hfb-mobile-header-display":"","site-post-title":"","ast-breadcrumbs-content":"","ast-featured-img":"","footer-sml-layout":"","ast-disable-related-posts":"","theme-transparent-header-meta":"default","adv-header-id-meta":"","stick-header-meta":"","header-above-stick-meta":"","header-main-stick-meta":"","header-below-stick-meta":"","astra-migrate-meta-layouts":"set","ast-page-background-enabled":"default","ast-page-background-meta":{"desktop":{"background-color":"var(--ast-global-color-4)","background-image":"","background-repeat":"repeat","background-position":"center center","background-size":"auto","background-attachment":"scroll","background-type":"","background-media":"","overlay-type":"","overlay-color":"","overlay-opacity":"","overlay-gradient":""},"tablet":{"background-color":"","background-image":"","background-repeat":"repeat","background-position":"center center","background-size":"auto","background-attachment":"scroll","background-type":"","background-media":"","overlay-type":"","overlay-color":"","overlay-opacity":"","overlay-gradient":""},"mobile":{"background-color":"","background-image":"","background-repeat":"repeat","background-position":"center center","background-size":"auto","background-attachment":"scroll","background-type":"","background-media":"","overlay-type":"","overlay-color":"","overlay-opacity":"","overlay-gradient":""}},"ast-content-background-meta":{"desktop":{"background-color":"var(--ast-global-color-5)","background-image":"","background-repeat":"repeat","background-position":"center center","background-size":"auto","background-attachment":"scroll","background-type":"","background-media":"","overlay-type":"","overlay-color":"","overlay-opacity":"","overlay-gradient":""},"tablet":{"background-color":"var(--ast-global-color-5)","background-image":"","background-repeat":"repeat","background-position":"center center","background-size":"auto","background-attachment":"scroll","background-type":"","background-media":"","overlay-type":"","overlay-color":"","overlay-opacity":"","overlay-gradient":""},"mobile":{"background-color":"var(--ast-global-color-5)","background-image":"","background-repeat":"repeat","background-position":"center center","background-size":"auto","background-attachment":"scroll","background-type":"","background-media":"","overlay-type":"","overlay-color":"","overlay-opacity":"","overlay-gradient":""}}},"product_brand":[],"product_cat":[28],"product_tag":[221],"class_list":{"0":"post-4080","1":"product","2":"type-product","3":"status-publish","4":"has-post-thumbnail","6":"product_cat-wound-closure-device","7":"product_tag-double-side-closure","8":"desktop-align-left","9":"tablet-align-left","10":"mobile-align-left","12":"first","13":"instock","14":"featured","15":"shipping-taxable","16":"purchasable","17":"product-type-simple"},"uagb_featured_image_src":{"full":["https:\/\/honsmedical.com\/wp-content\/uploads\/2025\/01\/sku4-2.jpg",800,800,false],"thumbnail":["https:\/\/honsmedical.com\/wp-content\/uploads\/2025\/01\/sku4-2-150x150.jpg",150,150,true],"medium":["https:\/\/honsmedical.com\/wp-content\/uploads\/2025\/01\/sku4-2-300x300.jpg",300,300,true],"medium_large":["https:\/\/honsmedical.com\/wp-content\/uploads\/2025\/01\/sku4-2-768x768.jpg",768,768,true],"large":["https:\/\/honsmedical.com\/wp-content\/uploads\/2025\/01\/sku4-2.jpg",800,800,false],"1536x1536":["https:\/\/honsmedical.com\/wp-content\/uploads\/2025\/01\/sku4-2.jpg",800,800,false],"2048x2048":["https:\/\/honsmedical.com\/wp-content\/uploads\/2025\/01\/sku4-2.jpg",800,800,false],"trp-custom-language-flag":["https:\/\/honsmedical.com\/wp-content\/uploads\/2025\/01\/sku4-2.jpg",12,12,false],"woocommerce_thumbnail":["https:\/\/honsmedical.com\/wp-content\/uploads\/2025\/01\/sku4-2-300x300.jpg",300,300,true],"woocommerce_single":["https:\/\/honsmedical.com\/wp-content\/uploads\/2025\/01\/sku4-2-600x600.jpg",600,600,true],"woocommerce_gallery_thumbnail":["https:\/\/honsmedical.com\/wp-content\/uploads\/2025\/01\/sku4-2-100x100.jpg",100,100,true]},"uagb_author_info":{"display_name":"HONS","author_link":"https:\/\/honsmedical.com\/cz\/author\/"},"uagb_comment_info":0,"uagb_excerpt":"Secure wounds quickly with our 10-Buckle Needle-Free Zip Wound Closure Device! Featuring triple-buckle reinforcement, double-sided fastening, and breathable non-woven material, it ensures a strong, painless, and stitch-free closure for faster healing with minimal scarring. Ideal for first aid, surgical wounds, and sports injuries, this easy-to-use device provides maximum support and flexibility. \ud83d\ude91 Order now for&hellip;","_links":{"self":[{"href":"https:\/\/honsmedical.com\/cz\/wp-json\/wp\/v2\/product\/4080","targetHints":{"allow":["GET"]}}],"collection":[{"href":"https:\/\/honsmedical.com\/cz\/wp-json\/wp\/v2\/product"}],"about":[{"href":"https:\/\/honsmedical.com\/cz\/wp-json\/wp\/v2\/types\/product"}],"replies":[{"embeddable":true,"href":"https:\/\/honsmedical.com\/cz\/wp-json\/wp\/v2\/comments?post=4080"}],"wp:featuredmedia":[{"embeddable":true,"href":"https:\/\/honsmedical.com\/cz\/wp-json\/wp\/v2\/media\/3702"}],"wp:attachment":[{"href":"https:\/\/honsmedical.com\/cz\/wp-json\/wp\/v2\/media?parent=4080"}],"wp:term":[{"taxonomy":"product_brand","embeddable":true,"href":"https:\/\/honsmedical.com\/cz\/wp-json\/wp\/v2\/product_brand?post=4080"},{"taxonomy":"product_cat","embeddable":true,"href":"https:\/\/honsmedical.com\/cz\/wp-json\/wp\/v2\/product_cat?post=4080"},{"taxonomy":"product_tag","embeddable":true,"href":"https:\/\/honsmedical.com\/cz\/wp-json\/wp\/v2\/product_tag?post=4080"}],"curies":[{"name":"wp","href":"https:\/\/api.w.org\/{rel}","templated":true}]}}