{"id":4058,"date":"2025-03-27T02:05:39","date_gmt":"2025-03-27T02:05:39","guid":{"rendered":"https:\/\/honsmedical.com\/?post_type=product&#038;p=4058"},"modified":"2025-03-27T02:46:39","modified_gmt":"2025-03-27T02:46:39","slug":"wound-closure-device-g1-10-buckles","status":"publish","type":"product","link":"https:\/\/honsmedical.com\/cz\/produkt\/zarizeni-pro-uzaver-rany-g1-10-prezek\/","title":{"rendered":"Za\u0159\u00edzen\u00ed pro uzav\u00edr\u00e1n\u00ed ran G1 - 10 p\u0159ezek, oboustrann\u00e9 p\u0159ezky"},"content":{"rendered":"<h2>\u00davod do za\u0159\u00edzen\u00ed pro uzav\u00edr\u00e1n\u00ed ran<\/h2>\n<p>Na\u0161e\u00a0 <strong>Styl zipu <b>Uzav\u00edrac\u00ed prou\u017eek na r\u00e1ny <\/b><\/strong>nab\u00edz\u00ed revolu\u010dn\u00ed \u0159e\u0161en\u00ed bez \u0161it\u00ed pro rychl\u00e9 a \u00fa\u010dinn\u00e9 hojen\u00ed ran. Mezi kl\u00ed\u010dov\u00e9 vlastnosti pat\u0159\u00ed:<\/p>\n<ul>\n<li><b><\/b><strong><b>Po\u010det klip\u016f: <\/b><\/strong>10<\/li>\n<li><b><\/b><strong><b>Balen\u00ed:<\/b><\/strong>1ks\/s\u00e1\u010dek<\/li>\n<li><strong>Oboustrann\u00fd uz\u00e1v\u011br:<\/strong> Upevn\u011bn\u00ed z obou stran<\/li>\n<li><b><\/b><strong><b>Velikost:<\/b><\/strong>\u00a020cm\u00d76cm(7.9in\u00d72.4in)<\/li>\n<li><b><\/b><strong><b>Materi\u00e1l:<\/b><\/strong>PU<\/li>\n<li class=\"translation-block\"><strong>Rychl\u00e9 hojen\u00ed<\/strong>: Urychluje proces obnovy bezpe\u010dn\u00fdm uzav\u0159en\u00edm ran.<\/li>\n<li class=\"translation-block\"><strong>Nen\u00ed pot\u0159eba steh\u016f<\/strong>: Eliminuje pot\u0159ebu steh\u016f a sni\u017euje nepohodl\u00ed.<\/li>\n<li class=\"translation-block\"><strong>Bezbolestn\u00e1 aplikace<\/strong>: Vhodn\u00e9 pro pohodl\u00ed b\u011bhem pou\u017e\u00edv\u00e1n\u00ed i po n\u011bm.<\/li>\n<li class=\"translation-block\"><strong>Elastick\u00fd obvaz<\/strong>: Poskytuje nastavitelnou kompresi pro lep\u0161\u00ed podporu a rychlej\u0161\u00ed hojen\u00ed.<\/li>\n<li class=\"translation-block\"><strong>Hypoalergenn\u00ed materi\u00e1ly<\/strong>: Bezpe\u010dn\u00e9 pro citlivou poko\u017eku, v\u010detn\u011b t\u011bhotn\u00fdch \u017een a d\u011bt\u00ed.<\/li>\n<li class=\"translation-block\"><strong>Hojen\u00ed bez jizev<\/strong>: Pom\u00e1h\u00e1 minimalizovat zjizven\u00ed pro hlad\u0161\u00ed zotaven\u00ed.<\/li>\n<li class=\"translation-block\"><strong>Snadn\u00e9 pou\u017eit\u00ed<\/strong>: Rychl\u00e9 a snadn\u00e9 pou\u017eit\u00ed, co\u017e \u0161et\u0159\u00ed \u010das poskytovatel\u016fm zdravotn\u00ed p\u00e9\u010de.<\/li>\n<\/ul>\n<p>Ide\u00e1ln\u00ed jak pro profesion\u00e1ln\u00ed l\u00e9ka\u0159sk\u00e9 prost\u0159ed\u00ed, tak pro dom\u00e1c\u00ed p\u00e9\u010di. <strong><b>Uzav\u00edr\u00e1n\u00ed r\u00e1ny na zip<\/b><\/strong>\u00a0je prvn\u00edm krokem k \u00fa\u010dinn\u00e9mu zotaven\u00ed bez bolesti.<\/p>\n<p>*Pro cenu n\u00e1s pros\u00edm kontaktujte na info@honsmedical.com nebo Whatsapp.<\/p>\n<p>R\u016fzn\u00e9 typy za\u0159\u00edzen\u00ed pro uzav\u00edr\u00e1n\u00ed ran bez steh\u016f naleznete na adrese <a href=\"https:\/\/honsmedical.com\/en\/shop-2\/\">tato str\u00e1nka<\/a>.<\/p>\n<p>Pokyny k pou\u017eit\u00ed bezjehlov\u00e9ho uz\u00e1v\u011bru r\u00e1ny na chirurgii nebo p\u0159i prvn\u00ed pomoci naleznete ve vide\u00edch. <a href=\"https:\/\/youtu.be\/kxTlBRHSlAI\" target=\"_blank\" rel=\"noopener\">zde<\/a>.<\/p>\n<p>Sledujte n\u00e1s na <a href=\"https:\/\/www.linkedin.com\/company\/hons-medical-technology-co-ltd\/\" target=\"_blank\" rel=\"noopener\">LinkedIn<\/a> pro aktu\u00e1ln\u00ed informace.<\/p>\n<style id=\"wpforms-css-vars-3651\">\n\t\t\t\t#wpforms-3651 {\n\t\t\t\t\n\t\t\t}\n\t\t\t<\/style><div class=\"wpforms-container wpforms-container-full wpforms-render-modern\" id=\"wpforms-3651\"><form id=\"wpforms-form-3651\" class=\"wpforms-validate wpforms-form wpforms-ajax-form\" data-formid=\"3651\" method=\"post\" enctype=\"multipart\/form-data\" action=\"\/cz\/wp-json\/wp\/v2\/product\/4058\" data-token=\"96ca61ba85f07fcd26f12b427effc6cb\" data-token-time=\"1777673506\" data-trp-original-action=\"\/cz\/wp-json\/wp\/v2\/product\/4058\"><noscript class=\"wpforms-error-noscript\">Chcete-li vyplnit tento formul\u00e1\u0159, pros\u00edm povolte v prohl\u00ed\u017ee\u010di JavaScript.<\/noscript><div id=\"wpforms-error-noscript\" style=\"display: none;\">Chcete-li vyplnit tento formul\u00e1\u0159, pros\u00edm povolte v prohl\u00ed\u017ee\u010di JavaScript.<\/div><div class=\"wpforms-field-container\"><div id=\"wpforms-3651-field_1-container\" class=\"wpforms-field wpforms-field-name\" data-field-id=\"1\"><label class=\"wpforms-field-label\" for=\"wpforms-3651-field_1\">Jm\u00e9no <span class=\"wpforms-required-label\" aria-hidden=\"true\">*<\/span><\/label><input type=\"text\" id=\"wpforms-3651-field_1\" class=\"wpforms-field-medium wpforms-field-required\" name=\"wpforms[fields][1]\" aria-errormessage=\"wpforms-3651-field_1-error\" required><\/div>\t\t<div id=\"wpforms-3651-field_4-container\"\n\t\t\tclass=\"wpforms-field wpforms-field-text\"\n\t\t\tdata-field-type=\"text\"\n\t\t\tdata-field-id=\"4\"\n\t\t\t>\n\t\t\t<label class=\"wpforms-field-label\" for=\"wpforms-3651-field_4\" >Message Email or<\/label>\n\t\t\t<input type=\"text\" id=\"wpforms-3651-field_4\" class=\"wpforms-field-medium\" name=\"wpforms[fields][4]\" >\n\t\t<\/div>\n\t\t<div id=\"wpforms-3651-field_2-container\" class=\"wpforms-field wpforms-field-email\" data-field-id=\"2\"><label class=\"wpforms-field-label\" for=\"wpforms-3651-field_2\">E-mail <span class=\"wpforms-required-label\" aria-hidden=\"true\">*<\/span><\/label><input type=\"email\" id=\"wpforms-3651-field_2\" class=\"wpforms-field-medium wpforms-field-required\" name=\"wpforms[fields][2]\" spellcheck=\"false\" aria-errormessage=\"wpforms-3651-field_2-error\" required><\/div><div id=\"wpforms-3651-field_3-container\" class=\"wpforms-field wpforms-field-textarea\" data-field-id=\"3\"><label class=\"wpforms-field-label\" for=\"wpforms-3651-field_3\">Koment\u00e1\u0159 nebo zpr\u00e1va <span class=\"wpforms-required-label\" aria-hidden=\"true\">*<\/span><\/label><textarea id=\"wpforms-3651-field_3\" class=\"wpforms-field-medium wpforms-field-required\" name=\"wpforms[fields][3]\" aria-errormessage=\"wpforms-3651-field_3-error\" aria-describedby=\"wpforms-3651-field_3-description\" required><\/textarea><div id=\"wpforms-3651-field_3-description\" class=\"wpforms-field-description\">Zanechte n\u00e1m zde pros\u00edm zpr\u00e1vu. Odpov\u00edme v\u00e1m do 24 hodin. Pokud se v\u00e1m n\u00e1\u0161 e-mail po 24 hodin\u00e1ch nezobraz\u00ed, zkontrolujte pros\u00edm slo\u017eku se spamem nebo n\u00e1s kontaktujte znovu.<\/div><\/div><script>\n\t\t\t\t( function() {\n\t\t\t\t\tconst style = document.createElement( 'style' );\n\t\t\t\t\tstyle.appendChild( document.createTextNode( '#wpforms-3651-field_4-container { position: absolute !important; overflow: hidden !important; display: inline !important; height: 1px !important; width: 1px !important; z-index: -1000 !important; padding: 0 !important; } #wpforms-3651-field_4-container input { visibility: hidden; } #wpforms-conversational-form-page #wpforms-3651-field_4-container label { counter-increment: none; }' ) );\n\t\t\t\t\tdocument.head.appendChild( style );\n\t\t\t\t\tdocument.currentScript?.remove();\n\t\t\t\t} )();\n\t\t\t<\/script><\/div><!-- .wpforms-field-container --><div class=\"wpforms-recaptcha-container wpforms-is-recaptcha wpforms-is-recaptcha-type-v2\" ><div class=\"g-recaptcha\" data-sitekey=\"6LernMkqAAAAAE7YbFnuzuzEaEZV6xXPn5PNTL4j\"><\/div><input type=\"text\" name=\"g-recaptcha-hidden\" class=\"wpforms-recaptcha-hidden\" style=\"position:absolute!important;clip:rect(0,0,0,0)!important;height:1px!important;width:1px!important;border:0!important;overflow:hidden!important;padding:0!important;margin:0!important;\" data-rule-recaptcha=\"1\"><\/div><div class=\"wpforms-submit-container\" ><input type=\"hidden\" name=\"wpforms[id]\" value=\"3651\"><input type=\"hidden\" name=\"page_title\" value=\"\"><input type=\"hidden\" name=\"page_url\" value=\"https:\/\/honsmedical.com\/cz\/wp-json\/wp\/v2\/product\/4058\"><input type=\"hidden\" name=\"url_referer\" value=\"\"><button type=\"submit\" name=\"wpforms[submit]\" id=\"wpforms-submit-3651\" class=\"wpforms-submit\" data-alt-text=\"Sending...\" data-submit-text=\"Submit\" aria-live=\"assertive\" value=\"wpforms-submit\">odeslat formul\u00e1\u0159<\/button><img decoding=\"async\" src=\"https:\/\/honsmedical.com\/wp-content\/plugins\/wpforms-lite\/assets\/images\/submit-spin.svg\" class=\"wpforms-submit-spinner\" style=\"display: none;\" width=\"26\" height=\"26\" alt=\"Na\u010d\u00edt\u00e1n\u00ed\"><\/div><input type=\"hidden\" name=\"trp-form-language\" value=\"cz\"\/><\/form><\/div>  <!-- .wpforms-container -->","protected":false},"excerpt":{"rendered":"<p>Tato roz\u0161\u00ed\u0159en\u00e1 verze je ide\u00e1ln\u00ed pro v\u011bt\u0161\u00ed r\u00e1ny, nap\u0159\u00edklad chirurgick\u00e9 \u0159ezy.<\/p>\n<p>Nab\u00edz\u00ed z\u00e1kladn\u00ed <strong>pohotovostn\u00ed p\u00e9\u010de o r\u00e1ny<\/strong> kdy\u017e nen\u00ed dostupn\u00e1 okam\u017eit\u00e1 l\u00e9ka\u0159sk\u00e1 pomoc - ide\u00e1ln\u00ed pro situace, kdy vzd\u00e1lenost nebo okolnosti br\u00e1n\u00ed cest\u011b na pohotovost. Bu\u010fte p\u0159ipraveni a chr\u00e1n\u011bni, kdy\u017e na tom z\u00e1le\u017e\u00ed nejv\u00edce!<\/p>","protected":false},"featured_media":3680,"comment_status":"open","ping_status":"closed","template":"","meta":{"_surecart_dashboard_logo_width":"180px","_surecart_dashboard_show_logo":true,"_surecart_dashboard_navigation_orders":true,"_surecart_dashboard_navigation_invoices":true,"_surecart_dashboard_navigation_subscriptions":true,"_surecart_dashboard_navigation_downloads":true,"_surecart_dashboard_navigation_billing":true,"_surecart_dashboard_navigation_account":true,"_uag_custom_page_level_css":"","_monsterinsights_skip_tracking":false,"_monsterinsights_sitenote_active":false,"_monsterinsights_sitenote_note":"","_monsterinsights_sitenote_category":0,"site-sidebar-layout":"default","site-content-layout":"","ast-site-content-layout":"default","site-content-style":"default","site-sidebar-style":"default","ast-global-header-display":"","ast-banner-title-visibility":"","ast-main-header-display":"","ast-hfb-above-header-display":"","ast-hfb-below-header-display":"","ast-hfb-mobile-header-display":"","site-post-title":"","ast-breadcrumbs-content":"","ast-featured-img":"","footer-sml-layout":"","ast-disable-related-posts":"","theme-transparent-header-meta":"default","adv-header-id-meta":"","stick-header-meta":"","header-above-stick-meta":"","header-main-stick-meta":"","header-below-stick-meta":"","astra-migrate-meta-layouts":"set","ast-page-background-enabled":"default","ast-page-background-meta":{"desktop":{"background-color":"var(--ast-global-color-4)","background-image":"","background-repeat":"repeat","background-position":"center center","background-size":"auto","background-attachment":"scroll","background-type":"","background-media":"","overlay-type":"","overlay-color":"","overlay-opacity":"","overlay-gradient":""},"tablet":{"background-color":"","background-image":"","background-repeat":"repeat","background-position":"center center","background-size":"auto","background-attachment":"scroll","background-type":"","background-media":"","overlay-type":"","overlay-color":"","overlay-opacity":"","overlay-gradient":""},"mobile":{"background-color":"","background-image":"","background-repeat":"repeat","background-position":"center center","background-size":"auto","background-attachment":"scroll","background-type":"","background-media":"","overlay-type":"","overlay-color":"","overlay-opacity":"","overlay-gradient":""}},"ast-content-background-meta":{"desktop":{"background-color":"var(--ast-global-color-5)","background-image":"","background-repeat":"repeat","background-position":"center center","background-size":"auto","background-attachment":"scroll","background-type":"","background-media":"","overlay-type":"","overlay-color":"","overlay-opacity":"","overlay-gradient":""},"tablet":{"background-color":"var(--ast-global-color-5)","background-image":"","background-repeat":"repeat","background-position":"center center","background-size":"auto","background-attachment":"scroll","background-type":"","background-media":"","overlay-type":"","overlay-color":"","overlay-opacity":"","overlay-gradient":""},"mobile":{"background-color":"var(--ast-global-color-5)","background-image":"","background-repeat":"repeat","background-position":"center center","background-size":"auto","background-attachment":"scroll","background-type":"","background-media":"","overlay-type":"","overlay-color":"","overlay-opacity":"","overlay-gradient":""}}},"product_brand":[],"product_cat":[28],"product_tag":[219],"class_list":{"0":"post-4058","1":"product","2":"type-product","3":"status-publish","4":"has-post-thumbnail","6":"product_cat-wound-closure-device","7":"product_tag-double-side-wound-closure","8":"desktop-align-left","9":"tablet-align-left","10":"mobile-align-left","12":"first","13":"instock","14":"featured","15":"shipping-taxable","16":"purchasable","17":"product-type-simple"},"uagb_featured_image_src":{"full":["https:\/\/honsmedical.com\/wp-content\/uploads\/2025\/01\/5-1.jpg",800,800,false],"thumbnail":["https:\/\/honsmedical.com\/wp-content\/uploads\/2025\/01\/5-1-150x150.jpg",150,150,true],"medium":["https:\/\/honsmedical.com\/wp-content\/uploads\/2025\/01\/5-1-300x300.jpg",300,300,true],"medium_large":["https:\/\/honsmedical.com\/wp-content\/uploads\/2025\/01\/5-1-768x768.jpg",768,768,true],"large":["https:\/\/honsmedical.com\/wp-content\/uploads\/2025\/01\/5-1.jpg",800,800,false],"1536x1536":["https:\/\/honsmedical.com\/wp-content\/uploads\/2025\/01\/5-1.jpg",800,800,false],"2048x2048":["https:\/\/honsmedical.com\/wp-content\/uploads\/2025\/01\/5-1.jpg",800,800,false],"trp-custom-language-flag":["https:\/\/honsmedical.com\/wp-content\/uploads\/2025\/01\/5-1.jpg",12,12,false],"woocommerce_thumbnail":["https:\/\/honsmedical.com\/wp-content\/uploads\/2025\/01\/5-1-300x300.jpg",300,300,true],"woocommerce_single":["https:\/\/honsmedical.com\/wp-content\/uploads\/2025\/01\/5-1-600x600.jpg",600,600,true],"woocommerce_gallery_thumbnail":["https:\/\/honsmedical.com\/wp-content\/uploads\/2025\/01\/5-1-100x100.jpg",100,100,true]},"uagb_author_info":{"display_name":"HONS","author_link":"https:\/\/honsmedical.com\/cz\/author\/"},"uagb_comment_info":0,"uagb_excerpt":"This extended version is perfect for larger wounds, such as surgical incisions. It offers essential emergency wound care when immediate medical attention isn't accessible\u2014ideal for situations where distance or circumstances prevent a trip to the emergency room. Stay prepared and protected when it matters most!","_links":{"self":[{"href":"https:\/\/honsmedical.com\/cz\/wp-json\/wp\/v2\/product\/4058","targetHints":{"allow":["GET"]}}],"collection":[{"href":"https:\/\/honsmedical.com\/cz\/wp-json\/wp\/v2\/product"}],"about":[{"href":"https:\/\/honsmedical.com\/cz\/wp-json\/wp\/v2\/types\/product"}],"replies":[{"embeddable":true,"href":"https:\/\/honsmedical.com\/cz\/wp-json\/wp\/v2\/comments?post=4058"}],"wp:featuredmedia":[{"embeddable":true,"href":"https:\/\/honsmedical.com\/cz\/wp-json\/wp\/v2\/media\/3680"}],"wp:attachment":[{"href":"https:\/\/honsmedical.com\/cz\/wp-json\/wp\/v2\/media?parent=4058"}],"wp:term":[{"taxonomy":"product_brand","embeddable":true,"href":"https:\/\/honsmedical.com\/cz\/wp-json\/wp\/v2\/product_brand?post=4058"},{"taxonomy":"product_cat","embeddable":true,"href":"https:\/\/honsmedical.com\/cz\/wp-json\/wp\/v2\/product_cat?post=4058"},{"taxonomy":"product_tag","embeddable":true,"href":"https:\/\/honsmedical.com\/cz\/wp-json\/wp\/v2\/product_tag?post=4058"}],"curies":[{"name":"wp","href":"https:\/\/api.w.org\/{rel}","templated":true}]}}